{"id":163014,"date":"2025-12-19T12:34:07","date_gmt":"2025-12-19T09:34:07","guid":{"rendered":"https:\/\/baldumarket.lt\/product\/cut-out-ctuk01-komoda-3d1s-cashmere-dab-coast-evoke\/"},"modified":"2026-04-06T18:43:17","modified_gmt":"2026-04-06T15:43:17","slug":"cut-out-ctuk01-komoda-3d1s-cashmere-dab-coast-evoke","status":"publish","type":"product","link":"https:\/\/baldumarket.lt\/lt\/product\/cut-out-ctuk01-komoda-3d1s-cashmere-dab-coast-evoke\/","title":{"rendered":"CUT OUT CTUK01 &#8211; 3D1S ka\u0161myro \u0105\u017euolo \u201eCoast Evoke\u201c komoda"},"content":{"rendered":"<p>CUT OUT CTUK01 indauja \u2013 puikus pasirinkimas tiems, kurie ie\u0161ko modernaus dizaino ir prakti\u0161kumo derinio. Subtili forma ir kruop\u0161\u010diai parinktos spalvos puikiai tinka tiek svetainei, tiek valgomajam, tiek moderniam biurui. 165 cm plo\u010dio, 90 cm auk\u0161\u010dio ir 40 cm gylio indauja si\u016blo daug vietos daiktams susid\u0117ti, tuo pa\u010diu i\u0161lieka kompakti\u0161ka ir ne\u012fkyri.<\/p>\n<p>Pagaminta i\u0161 tvirtos, sm\u016bgiams atsparios laminuotos med\u017eio dro\u017eli\u0173 plok\u0161t\u0117s, indauja pasi\u017eymi ka\u0161myro spalva, derinama su \u0161iltu pakrant\u0119 primenan\u010diu \u0105\u017euolo atspalviu, suteikian\u010diu jai elegancijos ir nat\u016bralaus \u017eavesio. I\u0161skirtin\u0117s 4 mm gr\u016bdinto stiklo \u0161onin\u0117s sienel\u0117s ne tik i\u0161ry\u0161kina interjer\u0105, bet ir suteikia lengvumo bei modernumo.<\/p>\n<p>\u0160is modelis buvo sukurtas vartotojams, kurie vertina patogum\u0105. Jame yra trys varstomos durys su \u0161velnaus u\u017edarymo sistema ir prakti\u0161kas stal\u010dius, taip pat turintis \u0161velnaus u\u017edarymo funkcij\u0105. Tai leid\u017eia nepaprastai paprastai ir patogiai sud\u0117lioti smulkius aksesuarus. Viduje yra erdvios lentynos, leid\u017eian\u010dios esteti\u0161kai ir tvarkingai laikyti nam\u0173 apyvokos daiktus.<\/p>\n<p>Modernios, matin\u0117s juodos ranken\u0117l\u0117s ir subtilios kojel\u0117s pary\u0161kina komodos charakter\u012f, sukurdamos patraukl\u0173 kontrast\u0105 su ry\u0161kiomis fasad\u0173 sienel\u0117mis. Papildomas privalumas \u2013 GAMA LED ap\u0161vietimas (2 ta\u0161kai), skleid\u017eiantis neutrali\u0105 balt\u0105 spalv\u0105, pabr\u0117\u017eian\u010di\u0105 estetines baldo savybes ir sukurian\u010di\u0105 jauki\u0105 bei \u0161ilt\u0105 atmosfer\u0105 bet kuriame interjere.<\/p>\n<p>Pasirink\u0119 CUT OUT CTUK01 komod\u0105, gausite ne tik stiling\u0105, bet ir funkcional\u0173 bald\u0105, kuris papuo\u0161 bet kur\u012f kambar\u012f. Gerai apgalvotas dizainas, auk\u0161tos kokyb\u0117s apdaila ir galimyb\u0117 eksponuoti daiktus ap\u0161viestose vitrinose daro \u0161\u012f bald\u0105 puikiu sprendimu i\u0161rankiems vartotojams, ie\u0161kantiems harmoningo estetikos ir funkcionalumo derinio.<\/p>","protected":false},"excerpt":{"rendered":"<p>Plotis (cm): 165<br \/>\n\u016agis (cm): 90<br \/>\nGylis (cm): 40<\/p>","protected":false},"featured_media":163015,"comment_status":"open","ping_status":"open","template":"","meta":[],"product_brand":[],"product_cat":[9459,1173,4107],"product_tag":[],"class_list":{"0":"post-163014","1":"product","2":"type-product","3":"status-publish","4":"has-post-thumbnail","6":"product_cat-furniture-system-cut-out-wojcik-meble","7":"product_cat-chests-of-drawers","8":"product_cat-meble-wojcik","10":"first","11":"instock","12":"purchasable","13":"product-type-simple"},"_links":{"self":[{"href":"https:\/\/baldumarket.lt\/lt\/wp-json\/wp\/v2\/product\/163014","targetHints":{"allow":["GET"]}}],"collection":[{"href":"https:\/\/baldumarket.lt\/lt\/wp-json\/wp\/v2\/product"}],"about":[{"href":"https:\/\/baldumarket.lt\/lt\/wp-json\/wp\/v2\/types\/product"}],"replies":[{"embeddable":true,"href":"https:\/\/baldumarket.lt\/lt\/wp-json\/wp\/v2\/comments?post=163014"}],"wp:featuredmedia":[{"embeddable":true,"href":"https:\/\/baldumarket.lt\/lt\/wp-json\/wp\/v2\/media\/163015"}],"wp:attachment":[{"href":"https:\/\/baldumarket.lt\/lt\/wp-json\/wp\/v2\/media?parent=163014"}],"wp:term":[{"taxonomy":"product_brand","embeddable":true,"href":"https:\/\/baldumarket.lt\/lt\/wp-json\/wp\/v2\/product_brand?post=163014"},{"taxonomy":"product_cat","embeddable":true,"href":"https:\/\/baldumarket.lt\/lt\/wp-json\/wp\/v2\/product_cat?post=163014"},{"taxonomy":"product_tag","embeddable":true,"href":"https:\/\/baldumarket.lt\/lt\/wp-json\/wp\/v2\/product_tag?post=163014"}],"curies":[{"name":"wp","href":"https:\/\/api.w.org\/{rel}","templated":true}]}}