{"id":163010,"date":"2025-12-19T12:33:59","date_gmt":"2025-12-19T09:33:59","guid":{"rendered":"https:\/\/baldumarket.lt\/product\/cut-out-ctuk02-komoda-4d1s-cashmere-dab-coast-evoke\/"},"modified":"2026-04-06T18:43:17","modified_gmt":"2026-04-06T15:43:17","slug":"cut-out-ctuk02-komoda-4d1s-cashmere-dab-coast-evoke","status":"publish","type":"product","link":"https:\/\/baldumarket.lt\/lt\/product\/cut-out-ctuk02-komoda-4d1s-cashmere-dab-coast-evoke\/","title":{"rendered":"CUT OUT CTUK02 &#8211; 4D1S ka\u0161myro \u0105\u017euolo \u201eCoast Evoke\u201c komoda"},"content":{"rendered":"<p>Atraskite modern\u0173 stili\u0173 ir elegancij\u0105, kuri\u0105 CUT OUT CTUK02 indauja suteikia bet kokiam interjerui. \u0160i unikali indauja derina minimalistin\u012f dizain\u0105 su dideliu funkcionalumu, tod\u0117l puikiai tiks j\u016bs\u0173 svetainei ar valgomajam. Subtilios spalvos \u2013 ka\u0161myro ir nat\u016bralaus \u201eCoast Evoke\u201c \u0105\u017euolo atspalvio derinys \u2013 suteikia \u0161ilumos ir modernaus charakterio, tod\u0117l baldas lengvai \u012fsilies \u012f \u012fvairius interjerus.<\/p>\n<p>\u0160i indauja i\u0161siskiria geometrine forma ir \u012fsp\u016bdingais gr\u016bdinto stiklo intarpais, suteikian\u010diais jai lengvumo ir eleganti\u0161kumo. 190 cm plo\u010dio, 90 cm auk\u0161\u010dio ir 40 cm gylio CUT OUT CTUK02 spintel\u0117 si\u016blo daug vietos daiktams susid\u0117ti. Keturios varstomos durel\u0117s ir prakti\u0161kas stal\u010dius su \u0161velnaus u\u017edarymo sistema suteikia patogi\u0105 prieig\u0105 prie m\u0117gstamiausi\u0173 daikt\u0173, tod\u0117l galite susitvarkyti kasdien\u012f gyvenim\u0105 taip, kad estetika der\u0117t\u0173 su funkcionalumu.<\/p>\n<p>Komodos viduje yra erdvios lentynos, puikiai tinkan\u010dios stalo \u012frankiams ir kitiems smulkiems daiktams laikyti. Matin\u0117s juodos rankenos ir eleganti\u0161kos kojel\u0117s pabr\u0117\u017eia modern\u0173 stili\u0173 ir padidina stabilum\u0105. Be to, komoda apr\u016bpinta dviej\u0173 ta\u0161k\u0173 GAMA ap\u0161vietimu neutralios baltos spalvos, kuris ne tik i\u0161ry\u0161kina medienos ra\u0161t\u0105, bet ir sukuria unikali\u0105 atmosfer\u0105 j\u016bs\u0173 interjere, ypa\u010d nakt\u012f.<\/p>\n<p>\u201eCUT OUT CTUK02\u201c indauja yra tobulo estetikos ir prakti\u0161kumo derinio sinonimas. Ji puikiai atitinka naujausias interjero dizaino tendencijas, derindama madingas spalvas su funkcionalumu. \u0160is baldas pad\u0117s jums sutvarkyti namus neprarandant klas\u0117s ir elegancijos. Tegul \u0161i indauja tampa j\u016bs\u0173 interjero traukos centru ir m\u0117gaukit\u0117s jos \u017eavesiu kiekvien\u0105 dien\u0105.<\/p>","protected":false},"excerpt":{"rendered":"<p>Plotis (cm): 190<br \/>\n\u016agis (cm): 90<br \/>\nGylis (cm): 40<\/p>","protected":false},"featured_media":163011,"comment_status":"open","ping_status":"open","template":"","meta":[],"product_brand":[],"product_cat":[9459,1173,4107],"product_tag":[],"class_list":{"0":"post-163010","1":"product","2":"type-product","3":"status-publish","4":"has-post-thumbnail","6":"product_cat-furniture-system-cut-out-wojcik-meble","7":"product_cat-chests-of-drawers","8":"product_cat-meble-wojcik","10":"first","11":"instock","12":"purchasable","13":"product-type-simple"},"_links":{"self":[{"href":"https:\/\/baldumarket.lt\/lt\/wp-json\/wp\/v2\/product\/163010","targetHints":{"allow":["GET"]}}],"collection":[{"href":"https:\/\/baldumarket.lt\/lt\/wp-json\/wp\/v2\/product"}],"about":[{"href":"https:\/\/baldumarket.lt\/lt\/wp-json\/wp\/v2\/types\/product"}],"replies":[{"embeddable":true,"href":"https:\/\/baldumarket.lt\/lt\/wp-json\/wp\/v2\/comments?post=163010"}],"wp:featuredmedia":[{"embeddable":true,"href":"https:\/\/baldumarket.lt\/lt\/wp-json\/wp\/v2\/media\/163011"}],"wp:attachment":[{"href":"https:\/\/baldumarket.lt\/lt\/wp-json\/wp\/v2\/media?parent=163010"}],"wp:term":[{"taxonomy":"product_brand","embeddable":true,"href":"https:\/\/baldumarket.lt\/lt\/wp-json\/wp\/v2\/product_brand?post=163010"},{"taxonomy":"product_cat","embeddable":true,"href":"https:\/\/baldumarket.lt\/lt\/wp-json\/wp\/v2\/product_cat?post=163010"},{"taxonomy":"product_tag","embeddable":true,"href":"https:\/\/baldumarket.lt\/lt\/wp-json\/wp\/v2\/product_tag?post=163010"}],"curies":[{"name":"wp","href":"https:\/\/api.w.org\/{rel}","templated":true}]}}