{"id":163006,"date":"2025-12-19T12:33:52","date_gmt":"2025-12-19T09:33:52","guid":{"rendered":"https:\/\/baldumarket.lt\/product\/cut-out-ctuf01-komoda-rtv-2d1k-cashmere-dab-coast-evoke\/"},"modified":"2026-04-06T18:43:17","modified_gmt":"2026-04-06T15:43:17","slug":"cut-out-ctuf01-komoda-rtv-2d1k-cashmere-dab-coast-evoke","status":"publish","type":"product","link":"https:\/\/baldumarket.lt\/lt\/product\/cut-out-ctuf01-komoda-rtv-2d1k-cashmere-dab-coast-evoke\/","title":{"rendered":"CUT OUT CTUF01 &#8211; TV spintel\u0117 2D1K Ka\u0161myro \u0105\u017euolo spalvos, pakrant\u0117s stiliaus, su spyruokliniu ra\u0161tu"},"content":{"rendered":"<p>Atraskite m\u016bs\u0173 modern\u0173 CTUF01 televizoriaus staliuk\u0105 i\u0161 CUT OUT kolekcijos, kuris j\u016bs\u0173 interjerui suteiks i\u0161skirtinio stiliaus ir elegancijos. Unikali \u201eCoast Evoke Cashmere Oak\u201c spalva harmoningai sujungia med\u017eio \u0161ilum\u0105 su moderniu, minimalistiniu dizainu, kuris tikrai pritrauks kiekvieno sve\u010dio ak\u012f. \u0160is staliukas \u2013 tai tobulas estetikos ir funkcionalumo derinys, skland\u017eiai \u012fsiliejantis \u012f \u012fvairius interjero dizainus.<\/p>\n<p>165 cm plo\u010dio, 56,5 cm auk\u0161\u010dio ir 45 cm gylio CTUF01 puikiai tinka tiek ma\u017eoms, tiek erdvioms svetain\u0117ms. D\u0117l apgalvoto dizaino jis yra ne tik funkcionalus baldas, bet ir ry\u0161kus dekoratyvinis elementas. Be to, \u012fdom\u016bs i\u0161siki\u0161imai ir i\u0161pjovos suteikia stovui lengvumo ir modernumo, tod\u0117l jis i\u0161siskirs bet kokiame interjere.<\/p>\n<p>Dizainas \u2013 ne vienintelis jo privalumas. CTUF01 televizoriaus staliukas pagamintas i\u0161 auk\u0161tos kokyb\u0117s laminuotos plok\u0161t\u0117s, tod\u0117l yra patvarus ir lengvai valomas. Vidus buvo sukurtas atsi\u017evelgiant \u012f naudojimo paprastum\u0105, jame yra vietos visiems svarbiausiems priedams \u2013 nuo elektronini\u0173 prietais\u0173 iki naujausi\u0173 m\u0117gstamiausi\u0173 film\u0173.<\/p>\n<p>Vienas i\u0161 i\u0161skirtini\u0173 \u0161ios komodos savybi\u0173 \u2013 \u0161velnaus u\u017edarymo vyriai, kurie u\u017etikrina komfort\u0105 ir apsaugo nuo atsitiktinio u\u017esitrenkimo. D\u0117l to CTUF01 ne tik palengvina kasdienyb\u0119, bet ir suteikia namams ramyb\u0117s bei harmonijos atmosfer\u0105.<\/p>\n<p>Rinkit\u0117s CTUF01 televizoriaus staliuk\u0105, kad gautum\u0117te ne tik modern\u0173 bald\u0105, bet ir element\u0105, kuris subtiliai papildys j\u016bs\u0173 interjer\u0105, suteikdamas unikali\u0105 atmosfer\u0105 ir rafinuot\u0105 stili\u0173. \u0160i indauja \u2013 tai tobulas estetikos ir funkcionalumo derinys, kuris neabejotinai patenkins net ir reikliausi\u0173 vartotoj\u0173 l\u016bkes\u010dius.<\/p>","protected":false},"excerpt":{"rendered":"<p>Plotis (cm): 165<br \/>\n\u016agis (cm): 56,5<br \/>\nGylis (cm): 45<\/p>","protected":false},"featured_media":163007,"comment_status":"open","ping_status":"open","template":"","meta":[],"product_brand":[],"product_cat":[9459,4107,1175],"product_tag":[],"class_list":{"0":"post-163006","1":"product","2":"type-product","3":"status-publish","4":"has-post-thumbnail","6":"product_cat-furniture-system-cut-out-wojcik-meble","7":"product_cat-meble-wojcik","8":"product_cat-tv-stands","10":"first","11":"instock","12":"purchasable","13":"product-type-simple"},"_links":{"self":[{"href":"https:\/\/baldumarket.lt\/lt\/wp-json\/wp\/v2\/product\/163006","targetHints":{"allow":["GET"]}}],"collection":[{"href":"https:\/\/baldumarket.lt\/lt\/wp-json\/wp\/v2\/product"}],"about":[{"href":"https:\/\/baldumarket.lt\/lt\/wp-json\/wp\/v2\/types\/product"}],"replies":[{"embeddable":true,"href":"https:\/\/baldumarket.lt\/lt\/wp-json\/wp\/v2\/comments?post=163006"}],"wp:featuredmedia":[{"embeddable":true,"href":"https:\/\/baldumarket.lt\/lt\/wp-json\/wp\/v2\/media\/163007"}],"wp:attachment":[{"href":"https:\/\/baldumarket.lt\/lt\/wp-json\/wp\/v2\/media?parent=163006"}],"wp:term":[{"taxonomy":"product_brand","embeddable":true,"href":"https:\/\/baldumarket.lt\/lt\/wp-json\/wp\/v2\/product_brand?post=163006"},{"taxonomy":"product_cat","embeddable":true,"href":"https:\/\/baldumarket.lt\/lt\/wp-json\/wp\/v2\/product_cat?post=163006"},{"taxonomy":"product_tag","embeddable":true,"href":"https:\/\/baldumarket.lt\/lt\/wp-json\/wp\/v2\/product_tag?post=163006"}],"curies":[{"name":"wp","href":"https:\/\/api.w.org\/{rel}","templated":true}]}}