{"id":163002,"date":"2025-12-19T12:33:43","date_gmt":"2025-12-19T09:33:43","guid":{"rendered":"https:\/\/baldumarket.lt\/product\/cut-out-ctuf02-komoda-rtv-2d1k-cashmere-dab-coast-evoke\/"},"modified":"2026-04-06T18:43:17","modified_gmt":"2026-04-06T15:43:17","slug":"cut-out-ctuf02-komoda-rtv-2d1k-cashmere-dab-coast-evoke","status":"publish","type":"product","link":"https:\/\/baldumarket.lt\/lt\/product\/cut-out-ctuf02-komoda-rtv-2d1k-cashmere-dab-coast-evoke\/","title":{"rendered":"CUT OUT CTUF02 &#8211; TV staliukas 2D1K ka\u0161myro \u0105\u017euolo spalvos, pakrant\u0117s stiliaus, su spyruokliniu ra\u0161tu"},"content":{"rendered":"<p>Atraskite CUT OUT televizoriaus spintel\u0119, CTUF02 tipo, kuri j\u016bs\u0173 interjerui suteiks modernaus stiliaus ir elegancijos. Minimalistinis dizainas kartu su subtiliomis spalvomis paver\u010dia tai puikiu baldu tiems, kurie vertina estetik\u0105 ir funkcionalum\u0105 kiekvienoje detal\u0117je. Apdaila ka\u0161myru ir \u201eCoast-Evoke\u201c \u0105\u017euolo apdaila, spintel\u0117 puikiai dera prie \u012fvairi\u0173 interjer\u0173 \u2013 nuo modernaus iki klasikinio, suteikdama bet kuriai erdvei \u0161ilumos ir jaukumo.<\/p>\n<p>195 cm plo\u010dio, 56,5 cm auk\u0161\u010dio ir 45 cm gylio CUT OUT spintel\u0117je tilps visi svarbiausi televizoriaus priedai. Viduje lengvai sutalpinsite DVD diskus, nuotolinio valdymo pultelius, valdiklius ir kitus smulkius daiktus, kuriuos norite laikyti po ranka. Pasl\u0117pta laikymo vieta padeda tvarkingai laikyti daiktus, o tai labai svarbu bet kuriuose namuose.<\/p>\n<p>Pagaminta i\u0161 auk\u0161tos kokyb\u0117s laminuotos med\u017eio dro\u017eli\u0173 plok\u0161t\u0117s, spintel\u0117 yra ne tik esteti\u0161kai patraukli, bet ir patvari bei lengvai pri\u017ei\u016brima. Papildomas privalumas \u2013 dvejos varstomos durys ir prakti\u0161kas atvartas, kurie leid\u017eia patogiai naudotis. \u0160velnaus u\u017edarymo mechanizmas paver\u010dia dur\u0173 u\u017edarym\u0105 malonumu, pa\u0161alina nepageidaujam\u0105 triuk\u0161m\u0105 ir u\u017etikrina kasdienio naudojimo komfort\u0105.<\/p>\n<p>Matin\u0117s juodos metalin\u0117s ranken\u0117l\u0117s ne tik pabr\u0117\u017eia modern\u0173 indaujai b\u016bding\u0105 stili\u0173, bet ir yra funkcionalios bei malonios liesti. Be to, plastikin\u0117s kojel\u0117s apsaugo grindis nuo \u012fbr\u0117\u017eim\u0173, u\u017etikrindamos stabilum\u0105 ant \u012fvairi\u0173 pavir\u0161i\u0173. CUT OUT TV indauja, CTUF02 tipo, puikiai tinka svetainei, darbo kambariui ar nam\u0173 biurui \u2013 visur, kur svarbiausia stilius, tvarka ir patogumas.<\/p>\n<p>Komodos transportavimas ir surinkimas yra ne\u012ftik\u0117tinai paprasti, nes gaminys pristatomas dviejose pakuot\u0117se. Tai leid\u017eia net savaranki\u0161kai surinkti j\u0105 vienu ypu. Pasirinkdami CUT OUT TV komod\u0105, investuojate \u012f bald\u0105, kuris ne tik puikiai atrodo, bet ir atlaikys kasdien\u012f naudojim\u0105. Suteikite savo interjerui nauj\u0105 i\u0161vaizd\u0105 su \u0161iuo eleganti\u0161ku ir funkcionaliu baldu!<\/p>","protected":false},"excerpt":{"rendered":"<p>Plotis (cm): 195<br \/>\n\u016agis (cm): 56,5<br \/>\nGylis (cm): 45<\/p>","protected":false},"featured_media":163003,"comment_status":"open","ping_status":"open","template":"","meta":[],"product_brand":[],"product_cat":[9459,4107,1175],"product_tag":[],"class_list":{"0":"post-163002","1":"product","2":"type-product","3":"status-publish","4":"has-post-thumbnail","6":"product_cat-furniture-system-cut-out-wojcik-meble","7":"product_cat-meble-wojcik","8":"product_cat-tv-stands","10":"first","11":"instock","12":"purchasable","13":"product-type-simple"},"_links":{"self":[{"href":"https:\/\/baldumarket.lt\/lt\/wp-json\/wp\/v2\/product\/163002","targetHints":{"allow":["GET"]}}],"collection":[{"href":"https:\/\/baldumarket.lt\/lt\/wp-json\/wp\/v2\/product"}],"about":[{"href":"https:\/\/baldumarket.lt\/lt\/wp-json\/wp\/v2\/types\/product"}],"replies":[{"embeddable":true,"href":"https:\/\/baldumarket.lt\/lt\/wp-json\/wp\/v2\/comments?post=163002"}],"wp:featuredmedia":[{"embeddable":true,"href":"https:\/\/baldumarket.lt\/lt\/wp-json\/wp\/v2\/media\/163003"}],"wp:attachment":[{"href":"https:\/\/baldumarket.lt\/lt\/wp-json\/wp\/v2\/media?parent=163002"}],"wp:term":[{"taxonomy":"product_brand","embeddable":true,"href":"https:\/\/baldumarket.lt\/lt\/wp-json\/wp\/v2\/product_brand?post=163002"},{"taxonomy":"product_cat","embeddable":true,"href":"https:\/\/baldumarket.lt\/lt\/wp-json\/wp\/v2\/product_cat?post=163002"},{"taxonomy":"product_tag","embeddable":true,"href":"https:\/\/baldumarket.lt\/lt\/wp-json\/wp\/v2\/product_tag?post=163002"}],"curies":[{"name":"wp","href":"https:\/\/api.w.org\/{rel}","templated":true}]}}