{"id":162998,"date":"2025-12-19T12:33:36","date_gmt":"2025-12-19T09:33:36","guid":{"rendered":"https:\/\/baldumarket.lt\/product\/norica-lazv02-witryna-2-drzwiowa-czarny-mat-zloty\/"},"modified":"2026-04-06T19:46:47","modified_gmt":"2026-04-06T16:46:47","slug":"norica-lazv02-witryna-2-drzwiowa-czarny-mat-zloty","status":"publish","type":"product","link":"https:\/\/baldumarket.lt\/lt\/product\/norica-lazv02-witryna-2-drzwiowa-czarny-mat-zloty\/","title":{"rendered":"Norica LAZV02 &#8211; 2 dur\u0173 vitrina, matin\u0117s juodos ir auksin\u0117s spalvos"},"content":{"rendered":"<p>\u201eMeble W\u00f3jcik\u201c dviej\u0173 dur\u0173 vitrina \u201eNorica LAZV02\u201c \u2013 puikus pasirinkimas ie\u0161kantiems prabangos ir elegancijos. Matin\u0117s juodos spalvos ir auksini\u0173 akcent\u0173 derinys suteikia jai unikal\u0173, modern\u0173 stili\u0173, kuris puikiai dera prie svetain\u0117s ar valgomojo dizaino, ypa\u010d prabangi\u0173.<\/p>\n<p>I\u0161 dalies \u012fstiklintos dureli\u0173 priekin\u0117s dalys, pagamintos i\u0161 gr\u016bdinto stiklo, yra tikras ak\u012f traukiantis akcentas. Tai ne tik suteikia lengvumo, bet ir leid\u017eia efektyviai eksponuoti dekoratyvinius daiktus, tokius kaip porcelianin\u0117s fig\u016br\u0117l\u0117s ar eleganti\u0161kos knygos. Metalin\u0117s rankenos ir auk\u0161tos aukso spalvos kojel\u0117s puikiai papildo bendr\u0105 dizain\u0105, pabr\u0117\u017edamos jo i\u0161skirtinum\u0105.<\/p>\n<p>\u0160ios vitrinos funkcionalumo negalima nepasteb\u0117ti. Integruotas LED ap\u0161vietimas u\u017etikrina tobul\u0105 vidaus ap\u0161vietim\u0105, dar labiau i\u0161ry\u0161kindamas laikom\u0173 daikt\u0173 gro\u017e\u012f. J\u0105 taip pat galima komplektuoti su vieno ta\u0161ko kvadratiniu arba prizminiu \u201eMini Trend\u201c ap\u0161vietimu, suteikian\u010diu dar daugiau dizaino galimybi\u0173.<\/p>\n<p>\u201eNorica LAZV02\u201c yra ne tik vizualiai patrauklus, bet ir labai prakti\u0161kas. \u0160velniai u\u017esidarantys vyriai u\u017etikrina patog\u0173 naudojim\u0105, o kartu su tvirtomis med\u017eiagomis, tokiomis kaip MDF ir laminuotos med\u017eio dro\u017eli\u0173 plok\u0161t\u0117s, jie garantuoja patvarum\u0105 ir patikimum\u0105 ilgus metus. \u0160is baldas puikiai dera prie modernaus ir japoni\u0161ko minimalizmo \u012fkv\u0117pto interjero, sukurdamas harmoning\u0105 visum\u0105 su kitais \u201eNorica\u201c serijos elementais.<\/p>\n<p>Pasirinkdami \u201eNorica LAZV02\u201c vitrin\u0105, J\u016bs renkat\u0117s i\u0161skirtin\u0119 elegancij\u0105 ir funkcionalum\u0105, kuris tikrai prad\u017eiugins visus \u0161eimos narius ir sve\u010dius. Tai tobulas stiliaus ir prakti\u0161kumo derinys, paver\u010diantis bet kur\u012f kambar\u012f prabangia erdve poilsiui ir susib\u016brimams su artimaisiais.<\/p>","protected":false},"excerpt":{"rendered":"<p>Plotis (cm): 110,4<br \/>\n\u016agis (cm): 169,2<br \/>\nGylis (cm): 40<\/p>","protected":false},"featured_media":162999,"comment_status":"open","ping_status":"open","template":"","meta":[],"product_brand":[],"product_cat":[9491,4107,2006],"product_tag":[],"class_list":{"0":"post-162998","1":"product","2":"type-product","3":"status-publish","4":"has-post-thumbnail","6":"product_cat-furniture-system-norica-wojcik-meble","7":"product_cat-meble-wojcik","8":"product_cat-vitrines","10":"first","11":"instock","12":"purchasable","13":"product-type-simple"},"_links":{"self":[{"href":"https:\/\/baldumarket.lt\/lt\/wp-json\/wp\/v2\/product\/162998","targetHints":{"allow":["GET"]}}],"collection":[{"href":"https:\/\/baldumarket.lt\/lt\/wp-json\/wp\/v2\/product"}],"about":[{"href":"https:\/\/baldumarket.lt\/lt\/wp-json\/wp\/v2\/types\/product"}],"replies":[{"embeddable":true,"href":"https:\/\/baldumarket.lt\/lt\/wp-json\/wp\/v2\/comments?post=162998"}],"wp:featuredmedia":[{"embeddable":true,"href":"https:\/\/baldumarket.lt\/lt\/wp-json\/wp\/v2\/media\/162999"}],"wp:attachment":[{"href":"https:\/\/baldumarket.lt\/lt\/wp-json\/wp\/v2\/media?parent=162998"}],"wp:term":[{"taxonomy":"product_brand","embeddable":true,"href":"https:\/\/baldumarket.lt\/lt\/wp-json\/wp\/v2\/product_brand?post=162998"},{"taxonomy":"product_cat","embeddable":true,"href":"https:\/\/baldumarket.lt\/lt\/wp-json\/wp\/v2\/product_cat?post=162998"},{"taxonomy":"product_tag","embeddable":true,"href":"https:\/\/baldumarket.lt\/lt\/wp-json\/wp\/v2\/product_tag?post=162998"}],"curies":[{"name":"wp","href":"https:\/\/api.w.org\/{rel}","templated":true}]}}