{"id":162995,"date":"2025-12-19T12:33:30","date_gmt":"2025-12-19T09:33:30","guid":{"rendered":"https:\/\/baldumarket.lt\/product\/norica-lazt02-stol-jadalniany-rozkladany-czarny-mat-zloty\/"},"modified":"2026-04-06T19:46:47","modified_gmt":"2026-04-06T16:46:47","slug":"norica-lazt02-stol-jadalniany-rozkladany-czarny-mat-zloty","status":"publish","type":"product","link":"https:\/\/baldumarket.lt\/lt\/product\/norica-lazt02-stol-jadalniany-rozkladany-czarny-mat-zloty\/","title":{"rendered":"Norica LAZ02 \u2013 I\u0161skleid\u017eiamas valgomojo stalas, matin\u0117s juodos spalvos, auksinis"},"content":{"rendered":"<p>Rinkit\u0117s \u201eMeble W\u00f3jcik\u201c valgomojo stal\u0105 \u201eNorica LAZT02\u201c, kad suteiktum\u0117te savo interjerui elegancijos ir prabangos, kuri su\u017eav\u0117s kiekvieno ak\u012f. \u0160is \u012fsp\u016bdingas stalas, apdailintas matine juoda spalva ir papildytas auksiniais akcentais, puikiai tinka erdviems ir stilingiems kambariams. D\u0117l unikalaus dizaino jis tampa tikru valgomojo ir svetain\u0117s dekoro brangakmeniu, suteikian\u010diu bet kuriems namams nesenstan\u010dio elegancijos.<\/p>\n<p>\u201eNorica LAZT02\u201c stalas yra ne tik gra\u017eus, bet ir funkcionalus. D\u0117l sinchroninio slankiojimo mechanizmo stal\u0105 galima lengvai prailginti nuo 160 cm iki 200 cm, u\u017etikrinant patogias s\u0117d\u0117jimo vietas daugiau sve\u010di\u0173. Tod\u0117l jis puikiai tinka ypatingoms progoms ir kasdieniams susib\u016brimams su \u0161eima ir draugais.<\/p>\n<p>Stalo kojos, derinan\u010dios auksin\u0119 ir matin\u0119 juod\u0105 spalvas, pagamintos i\u0161 MDF ir laminuotos med\u017eio dro\u017eli\u0173 plok\u0161t\u0117s, u\u017etikrinan\u010dios patvarum\u0105 ir stabilum\u0105. Matomi r\u0117mo elementai taip pat yra aukso spalvos, dar labiau sustiprinan\u010dios prabang\u0173 baldo charakter\u012f. \u0160is rafinuotas spalv\u0173 ir med\u017eiag\u0173 derinys daro \u201eNorica LAZT02\u201c stal\u0105 puikiai tinkant\u012f \u012fvairiems interjero dizaino stiliams \u2013 nuo modernaus iki prabangaus ir eklekti\u0161ko.<\/p>\n<p>\u0160is stalas puikiai dera su eleganti\u0161komis mink\u0161tomis k\u0117d\u0117mis ir tomis, kuri\u0173 s\u0117dyn\u0117s ir atlo\u0161ai aptraukti dirbtine arba nat\u016bralia oda. Jo matin\u0117s juodos spalvos laminuotos med\u017eio dro\u017eli\u0173 plok\u0161t\u0117s stalvir\u0161is \u017eavi savo paprastumu ir rafinuotumu. Su \u0161iuo stalu kiekviena akimirka, praleista su \u0161eima ir artimaisiais, \u012fgauna unikal\u0173 charakter\u012f, o valgis tampa tikru malonumu.<\/p>\n<p>\u201eNorica LAZT02\u201c stalas yra daugiau nei tiesiog baldas \u2013 tai stiliaus ir prakti\u0161kumo sinonimas. Puikiai tinka bet kokiam valgomajam, kuris siekia suderinti funkcionalum\u0105 su unikaliu dizainu. Prad\u0117kite kurti interjerus, kurie d\u017eiugint\u0173 kiekvien\u0105 dien\u0105!<\/p>","protected":false},"excerpt":{"rendered":"<p>Plotis (cm): 160\u2013200<br \/>\n\u016agis (cm): 75,6<br \/>\nGylis (cm): 90<\/p>","protected":false},"featured_media":162996,"comment_status":"open","ping_status":"open","template":"","meta":[],"product_brand":[],"product_cat":[9491,4107,1934],"product_tag":[],"class_list":{"0":"post-162995","1":"product","2":"type-product","3":"status-publish","4":"has-post-thumbnail","6":"product_cat-furniture-system-norica-wojcik-meble","7":"product_cat-meble-wojcik","8":"product_cat-tables","10":"first","11":"instock","12":"purchasable","13":"product-type-simple"},"_links":{"self":[{"href":"https:\/\/baldumarket.lt\/lt\/wp-json\/wp\/v2\/product\/162995","targetHints":{"allow":["GET"]}}],"collection":[{"href":"https:\/\/baldumarket.lt\/lt\/wp-json\/wp\/v2\/product"}],"about":[{"href":"https:\/\/baldumarket.lt\/lt\/wp-json\/wp\/v2\/types\/product"}],"replies":[{"embeddable":true,"href":"https:\/\/baldumarket.lt\/lt\/wp-json\/wp\/v2\/comments?post=162995"}],"wp:featuredmedia":[{"embeddable":true,"href":"https:\/\/baldumarket.lt\/lt\/wp-json\/wp\/v2\/media\/162996"}],"wp:attachment":[{"href":"https:\/\/baldumarket.lt\/lt\/wp-json\/wp\/v2\/media?parent=162995"}],"wp:term":[{"taxonomy":"product_brand","embeddable":true,"href":"https:\/\/baldumarket.lt\/lt\/wp-json\/wp\/v2\/product_brand?post=162995"},{"taxonomy":"product_cat","embeddable":true,"href":"https:\/\/baldumarket.lt\/lt\/wp-json\/wp\/v2\/product_cat?post=162995"},{"taxonomy":"product_tag","embeddable":true,"href":"https:\/\/baldumarket.lt\/lt\/wp-json\/wp\/v2\/product_tag?post=162995"}],"curies":[{"name":"wp","href":"https:\/\/api.w.org\/{rel}","templated":true}]}}