{"id":162991,"date":"2025-12-19T12:33:23","date_gmt":"2025-12-19T09:33:23","guid":{"rendered":"https:\/\/baldumarket.lt\/product\/norica-lazv01-witryna-1-drzwiowa-czarny-mat-zloty\/"},"modified":"2026-04-06T19:46:47","modified_gmt":"2026-04-06T16:46:47","slug":"norica-lazv01-witryna-1-drzwiowa-czarny-mat-zloty","status":"publish","type":"product","link":"https:\/\/baldumarket.lt\/lt\/product\/norica-lazv01-witryna-1-drzwiowa-czarny-mat-zloty\/","title":{"rendered":"Norica LAZV01 &#8211; 1 dur\u0173 vitrina, matin\u0117s juodos ir auksin\u0117s spalvos"},"content":{"rendered":"<p>Modernus elegancijos \u012fsp\u016bdis j\u016bs\u0173 interjere su \u201eMeble W\u00f3jcik\u201c \u201eNorica LAZV01\u201c vitrina \u2013 puikus b\u016bdas suteikti bet kokiam kambariui unikalumo. \u0160i vien\u0173 dur\u0173 vitrina su matin\u0117s juodos spalvos apdaila ir auksiniais akcentais puikiai tiks tiek stilingame valgomajame, tiek prabangiai \u012frengtame svetain\u0117je. Gra\u017eiai pagamintos detal\u0117s ir kruop\u0161\u010diai atrinktos med\u017eiagos u\u017etikrina ne tik estetin\u012f patrauklum\u0105, bet ir funkcionalum\u0105, kuris patenkins net i\u0161rankiausi\u0173 vartotoj\u0173 poreikius.<\/p>\n<p>\u201eNorica LAZV01\u201c vitrina pasi\u017eymi dalinai \u012fstiklintomis durel\u0117mis, kurias galima montuoti de\u0161in\u0117je arba kair\u0117je pus\u0117je, tod\u0117l interjeras tampa dar lankstesnis. Ant \u0161velniai u\u017esidaran\u010di\u0173 vyri\u0173 sumontuotos durel\u0117s ne tik atrodo eleganti\u0161kai, bet ir yra patogios bei komforti\u0161kos kasdieniam naudojimui. Aukso atspalvio metalin\u0117 rankena ir auk\u0161tos, prie jos deran\u010dios metalin\u0117s kojel\u0117s harmoningai papildo bendr\u0105 dizain\u0105, suteikdamos \u0161iam baldui elegancijos.<\/p>\n<p>Pagaminta i\u0161 auk\u0161tos kokyb\u0117s laminuotos med\u017eio dro\u017eli\u0173 plok\u0161t\u0117s ir MDF, vitrina yra i\u0161skirtinai patvari ir eleganti\u0161ka. Matin\u0117 juoda spalva kartu su auksu sukuria nesenstant\u012f dizain\u0105, kuris lengvai papildys bet kok\u012f interjero dizain\u0105. Papildomas privalumas \u2013 TREND LED strukt\u016brinis ap\u0161vietimas, suteikiantis spintelei prabangos. Vitrinos vid\u0173 galima dar labiau patobulinti pasirenkamu kvadratiniu arba prizminiu \u201eMini Trend\u201c vieno ta\u0161ko ap\u0161vietimu, sukurian\u010diu tobul\u0105 aplink\u0105 m\u0117gstamiausiems daiktams eksponuoti.<\/p>\n<p>\u0160i matin\u0117s juodos spalvos vitrina su aukso atspalvio akcentais ir stiklu yra ry\u0161kus japoni\u0161ko ir lofto stiliaus \u012fkv\u0117pimo \u0161altinis prabangiuose ir moderniuose interjeruose. Ji taip pat puikiai dera su klasikinio stiliaus svetain\u0117mis ir valgomaisiais, suteikdama jiems eleganti\u0161k\u0105 apdail\u0105 ir rafinuot\u0105 i\u0161vaizd\u0105. Pasirinkite dizain\u0105, kuris atlaikys laiko i\u0161bandym\u0105, ir leiskite \u201eNorica LAZV01\u201c vitrinai tapti j\u016bs\u0173 interjero traukos centru.<\/p>","protected":false},"excerpt":{"rendered":"<p>Plotis (cm): 65,5<br \/>\n\u016agis (cm): 201,2<br \/>\nGylis (cm): 40<\/p>","protected":false},"featured_media":162992,"comment_status":"open","ping_status":"open","template":"","meta":[],"product_brand":[],"product_cat":[9491,4107,2006],"product_tag":[],"class_list":{"0":"post-162991","1":"product","2":"type-product","3":"status-publish","4":"has-post-thumbnail","6":"product_cat-furniture-system-norica-wojcik-meble","7":"product_cat-meble-wojcik","8":"product_cat-vitrines","10":"first","11":"instock","12":"purchasable","13":"product-type-simple"},"_links":{"self":[{"href":"https:\/\/baldumarket.lt\/lt\/wp-json\/wp\/v2\/product\/162991","targetHints":{"allow":["GET"]}}],"collection":[{"href":"https:\/\/baldumarket.lt\/lt\/wp-json\/wp\/v2\/product"}],"about":[{"href":"https:\/\/baldumarket.lt\/lt\/wp-json\/wp\/v2\/types\/product"}],"replies":[{"embeddable":true,"href":"https:\/\/baldumarket.lt\/lt\/wp-json\/wp\/v2\/comments?post=162991"}],"wp:featuredmedia":[{"embeddable":true,"href":"https:\/\/baldumarket.lt\/lt\/wp-json\/wp\/v2\/media\/162992"}],"wp:attachment":[{"href":"https:\/\/baldumarket.lt\/lt\/wp-json\/wp\/v2\/media?parent=162991"}],"wp:term":[{"taxonomy":"product_brand","embeddable":true,"href":"https:\/\/baldumarket.lt\/lt\/wp-json\/wp\/v2\/product_brand?post=162991"},{"taxonomy":"product_cat","embeddable":true,"href":"https:\/\/baldumarket.lt\/lt\/wp-json\/wp\/v2\/product_cat?post=162991"},{"taxonomy":"product_tag","embeddable":true,"href":"https:\/\/baldumarket.lt\/lt\/wp-json\/wp\/v2\/product_tag?post=162991"}],"curies":[{"name":"wp","href":"https:\/\/api.w.org\/{rel}","templated":true}]}}