{"id":162984,"date":"2025-12-19T12:33:10","date_gmt":"2025-12-19T09:33:10","guid":{"rendered":"https:\/\/baldumarket.lt\/product\/norica-lazt01-stolik-1-szuflada-czarny-mat-zloty\/"},"modified":"2026-04-06T19:46:47","modified_gmt":"2026-04-06T16:46:47","slug":"norica-lazt01-stolik-1-szuflada-czarny-mat-zloty","status":"publish","type":"product","link":"https:\/\/baldumarket.lt\/lt\/product\/norica-lazt01-stolik-1-szuflada-czarny-mat-zloty\/","title":{"rendered":"Norica LAZT01 \u2013 staliukas su 1 stal\u010diumi, matin\u0117s juodos ir auksin\u0117s spalvos"},"content":{"rendered":"<p>Prabangiai \u012frengt\u0173 interjer\u0173 estetika gali b\u016bti derinama su naudojimo patogumu. D\u0117l gra\u017ei\u0173, ta\u010diau funkcionali\u0173 svetain\u0117s dizaino element\u0173 galite atsipalaiduoti stilingose erdv\u0117se. \u201eMeble W\u00f3jcik\u201c si\u016blomas \u201eNorica LAZT01\u201c kavos staliukas yra puikus bald\u0173, kurie \u017eavi ne tik savo prakti\u0161kumu, bet ir unikaliu dizainu, pavyzdys.<\/p>\n<p>Eleganti\u0161kas ir kruop\u0161\u010diai pagamintas \u201eNorica\u201c stalas pagamintas i\u0161 laminuotos med\u017eio dro\u017eli\u0173 plok\u0161t\u0117s ir MDF, pasi\u017eymin\u010dio rafinuotais matin\u0117s juodos ir auksin\u0117s spalvos atspalviais. Jame yra erdvus stal\u010dius, kurio priekin\u0119 dal\u012f puo\u0161ia aukso spalvos metalin\u0117 rankena. \u0160is subtilus juodos ir aukso spalv\u0173 derinys suteikia stalui i\u0161skirtin\u0117s elegancijos ir klas\u0117s, tod\u0117l jis taps unikaliu j\u016bs\u0173 interjero akcentu.<\/p>\n<p>Matin\u0117s juodos spalvos staliukas su ry\u0161kiais aukso akcentais sukuria nesenstan\u010dio elegancijos ir universalumo \u012fsp\u016bd\u012f, tod\u0117l puikiai tinka \u012fvairiems interjero stiliams. \u201eNorica LAZT01\u201c puikiai tinka svetain\u0117ms, dekoruotoms \u017eavingais, moderniais ir eklekti\u0161kais stiliais, pabr\u0117\u017eiant j\u0173 unikal\u0173 charakter\u012f.<\/p>\n<p>Nesenstanti juoda spalva kartu su aukso atspalviu suteikia plat\u0173 interjero aksesuar\u0173 pasirinkim\u0105. Matin\u0117s juodos spalvos \u201eNorica\u201c kavos staliukas dera tiek su mink\u0161tu aksomu aptrauktais svetain\u0117s baldais, tiek su eleganti\u0161kais odiniais baldais. Didelis stalvir\u0161is ir lentyna padidina stalo funkcionalum\u0105, suteikdami daug vietos j\u016bs\u0173 m\u0117gstamoms knygoms, dekoracijoms ar puodeliui aromatingos kavos.<\/p>\n<p>I\u0161skirtin\u0117 \u201eNorica\u201c kavos staliuko estetika ir funkcionalumas paver\u010dia j\u012f puikiu pasirinkimu visiems, norintiems suderinti stili\u0173 ir prakti\u0161kum\u0105. Su \u201eNorica LAZT01\u201c suteikite savo svetainei prabangos ir elegancijos!<\/p>","protected":false},"excerpt":{"rendered":"<p>Plotis (cm): 110,4<br \/>\n\u016agis (cm): 46<br \/>\nGylis (cm): 65<\/p>","protected":false},"featured_media":162985,"comment_status":"open","ping_status":"open","template":"","meta":[],"product_brand":[],"product_cat":[9491,866,4107],"product_tag":[],"class_list":{"0":"post-162984","1":"product","2":"type-product","3":"status-publish","4":"has-post-thumbnail","6":"product_cat-furniture-system-norica-wojcik-meble","7":"product_cat-coffee-tables","8":"product_cat-meble-wojcik","10":"first","11":"instock","12":"purchasable","13":"product-type-simple"},"_links":{"self":[{"href":"https:\/\/baldumarket.lt\/lt\/wp-json\/wp\/v2\/product\/162984","targetHints":{"allow":["GET"]}}],"collection":[{"href":"https:\/\/baldumarket.lt\/lt\/wp-json\/wp\/v2\/product"}],"about":[{"href":"https:\/\/baldumarket.lt\/lt\/wp-json\/wp\/v2\/types\/product"}],"replies":[{"embeddable":true,"href":"https:\/\/baldumarket.lt\/lt\/wp-json\/wp\/v2\/comments?post=162984"}],"wp:featuredmedia":[{"embeddable":true,"href":"https:\/\/baldumarket.lt\/lt\/wp-json\/wp\/v2\/media\/162985"}],"wp:attachment":[{"href":"https:\/\/baldumarket.lt\/lt\/wp-json\/wp\/v2\/media?parent=162984"}],"wp:term":[{"taxonomy":"product_brand","embeddable":true,"href":"https:\/\/baldumarket.lt\/lt\/wp-json\/wp\/v2\/product_brand?post=162984"},{"taxonomy":"product_cat","embeddable":true,"href":"https:\/\/baldumarket.lt\/lt\/wp-json\/wp\/v2\/product_cat?post=162984"},{"taxonomy":"product_tag","embeddable":true,"href":"https:\/\/baldumarket.lt\/lt\/wp-json\/wp\/v2\/product_tag?post=162984"}],"curies":[{"name":"wp","href":"https:\/\/api.w.org\/{rel}","templated":true}]}}