{"id":162981,"date":"2025-12-19T12:33:04","date_gmt":"2025-12-19T09:33:04","guid":{"rendered":"https:\/\/baldumarket.lt\/product\/norica-lazl01-lustro-wiszace-z-oswietleniem-led-czarny-mat-zloty\/"},"modified":"2026-04-06T19:46:47","modified_gmt":"2026-04-06T16:46:47","slug":"norica-lazl01-lustro-wiszace-z-oswietleniem-led-czarny-mat-zloty","status":"publish","type":"product","link":"https:\/\/baldumarket.lt\/lt\/product\/norica-lazl01-lustro-wiszace-z-oswietleniem-led-czarny-mat-zloty\/","title":{"rendered":"Norica LAZL01 \u2013 pakabinamas veidrodis su LED ap\u0161vietimu, matin\u0117s juodos ir aukso spalvos"},"content":{"rendered":"<p>Kambario funkcionalumas ir estetika labai priklauso nuo apgalvot\u0173 detali\u0173, kurias \u012ftraukiame \u012f jo dizain\u0105. \u201eNorica LAZL01\u201c veidrodis yra puikus tokio aksesuaro pavyzdys, pagyvinantis kambar\u012f ir suteikiantis jam gylio. Eidami pro \u0161al\u012f galite matyti ne tik savo atspind\u012f, bet ir aplinkini\u0173 interjero element\u0173 gro\u017e\u012f, pavyzd\u017eiui, ry\u0161kius tapetus ar prie stalo besi\u0161neku\u010diuojan\u010dius artimuosius.<\/p>\n<p>\u201eNorica\u201c veidrodis \u017eavi savo nesenstan\u010dia ir modernia forma, puikiai papildydamas eleganti\u0161k\u0105 interjer\u0105. Matin\u0117s juodos spalvos ir auksini\u0173 akcent\u0173 derinys sukuria unikal\u0173 ir stiling\u0105 vaizd\u0105, kuris traukia d\u0117mes\u012f ir pagerina svetain\u0117s ar valgomojo estetik\u0105. Sta\u010diakamp\u0117 veidrod\u017eio forma puikiai dera su kitais baldais, ypa\u010d kai jis pastatomas vir\u0161 tos pa\u010dios serijos komodos.<\/p>\n<p>Pagamintas i\u0161 laminuotos med\u017eio dro\u017eli\u0173 plok\u0161t\u0117s ir MDF, \u201eNorica\u201c veidrodis pasi\u017eymi patvarumu ir tvirtumu. Jame \u012fmontuotas TREND LED ap\u0161vietimas suteikia unikalaus \u017eavesio ir sukuria maloni\u0105 atmosfer\u0105 kambaryje. \u0160is prabangiai atrodantis sieninis veidrodis papildys \u012fvairius interjero stilius, pabr\u0117\u017edamas elegancij\u0105 ir rafinuotum\u0105.<\/p>\n<p>Pakabintas vir\u0161 komodos, \u201eNorica\u201c veidrodis sukuria \u012fsp\u016bding\u0105 dekoratyvin\u0119 kompozicij\u0105. Jis atrodys nuostabiai kartu su \u017evakid\u0117mis, \u012fr\u0117mintomis nuotraukomis ir kitais dekoratyviniais aksesuarais, i\u0161d\u0117stytais ant stalvir\u0161io. Jis ne tik vizualiai padidins erdv\u0119, bet ir suteiks unikalaus charakterio bei funkcionalumo, puikiai papildydamas modern\u0173 interjero dizain\u0105.<\/p>","protected":false},"excerpt":{"rendered":"<p>Plotis (cm): 155<br \/>\n\u016agis (cm): 80<br \/>\nGylis (cm): 3,8<\/p>","protected":false},"featured_media":162982,"comment_status":"open","ping_status":"open","template":"","meta":[],"product_brand":[],"product_cat":[9491,4107,1108],"product_tag":[],"class_list":{"0":"post-162981","1":"product","2":"type-product","3":"status-publish","4":"has-post-thumbnail","6":"product_cat-furniture-system-norica-wojcik-meble","7":"product_cat-meble-wojcik","8":"product_cat-mirrors","10":"first","11":"instock","12":"purchasable","13":"product-type-simple"},"_links":{"self":[{"href":"https:\/\/baldumarket.lt\/lt\/wp-json\/wp\/v2\/product\/162981","targetHints":{"allow":["GET"]}}],"collection":[{"href":"https:\/\/baldumarket.lt\/lt\/wp-json\/wp\/v2\/product"}],"about":[{"href":"https:\/\/baldumarket.lt\/lt\/wp-json\/wp\/v2\/types\/product"}],"replies":[{"embeddable":true,"href":"https:\/\/baldumarket.lt\/lt\/wp-json\/wp\/v2\/comments?post=162981"}],"wp:featuredmedia":[{"embeddable":true,"href":"https:\/\/baldumarket.lt\/lt\/wp-json\/wp\/v2\/media\/162982"}],"wp:attachment":[{"href":"https:\/\/baldumarket.lt\/lt\/wp-json\/wp\/v2\/media?parent=162981"}],"wp:term":[{"taxonomy":"product_brand","embeddable":true,"href":"https:\/\/baldumarket.lt\/lt\/wp-json\/wp\/v2\/product_brand?post=162981"},{"taxonomy":"product_cat","embeddable":true,"href":"https:\/\/baldumarket.lt\/lt\/wp-json\/wp\/v2\/product_cat?post=162981"},{"taxonomy":"product_tag","embeddable":true,"href":"https:\/\/baldumarket.lt\/lt\/wp-json\/wp\/v2\/product_tag?post=162981"}],"curies":[{"name":"wp","href":"https:\/\/api.w.org\/{rel}","templated":true}]}}