{"id":162978,"date":"2025-12-19T12:32:58","date_gmt":"2025-12-19T09:32:58","guid":{"rendered":"https:\/\/baldumarket.lt\/product\/norica-lazk02-komoda-2d4s-czarny-mat-zloty\/"},"modified":"2026-04-06T19:46:38","modified_gmt":"2026-04-06T16:46:38","slug":"norica-lazk02-komoda-2d4s-czarny-mat-zloty","status":"publish","type":"product","link":"https:\/\/baldumarket.lt\/lt\/product\/norica-lazk02-komoda-2d4s-czarny-mat-zloty\/","title":{"rendered":"Norica LAZK02 \u2013 Komoda 2D4S matin\u0117s juodos aukso spalvos"},"content":{"rendered":"<p>\u201eMeble W\u00f3jcik\u201c komoda \u201eNorica LAZK02\u201c \u2013 tai modernaus elegancijos ir prakti\u0161kumo derinys. Pagaminta i\u0161 laminuot\u0173 med\u017eio dro\u017eli\u0173 plok\u0161\u010di\u0173 ir MDF, ji \u017eavi tvirta konstrukcija ir kruop\u0161\u010dia apdaila. Matin\u0117s juodos spalvos korpusas kartu su auksiniais akcentais sukuria prabangi\u0105 i\u0161vaizd\u0105, kuri tikrai patrauks ak\u012f ir suteiks klas\u0117s bet kokiam interjerui.<\/p>\n<p>\u0160i stilinga komoda turi dvejas dureles ir keturis stal\u010dius, tod\u0117l pasi\u017eymi i\u0161skirtine talpa daiktams susid\u0117ti. Eleganti\u0161kos, aukso spalvos metalin\u0117s ranken\u0117l\u0117s ir kojel\u0117s suteikia elegancijos ir unikalaus charakterio, kartu pabr\u0117\u017edamos modern\u0173 viso baldo dizain\u0105. D\u0117l kruop\u0161taus meistri\u0161kumo kiekviena \u201eNorica\u201c komodos detal\u0117 traukia d\u0117mes\u012f ir \u017eavi savo i\u0161vaizda.<\/p>\n<p>Unikali \u0161ios komodos savyb\u0117 \u2013 TREND LED juostinis ap\u0161vietimas, kuris pary\u0161kina moderni\u0105 form\u0105 ir suteikia baldui unikalaus \u017eavesio, ypa\u010d nakt\u012f. \u0160velniai u\u017esidaran\u010dios durel\u0117s ir pilno i\u0161traukimo stal\u010diai su rutuliniais guoliais padidina komfort\u0105 ir kasdien\u012f naudojim\u0105 paver\u010dia ne\u012ftik\u0117tinai maloniu.<\/p>\n<p>\u201eNorica\u201c komoda \u2013 idealus sprendimas tiems, kurie vertina ir funkcionalum\u0105, ir estetik\u0105. Ji puikiai dera tiek prie modernaus interjero, puikiai papildydama tiek prabang\u0173 glam\u016brin\u012f stili\u0173, tiek prie minimalistini\u0173 erdvi\u0173, \u012fkv\u0117pt\u0173 japoni\u0161ko stiliaus ar modernaus lofto. Ji gali tapti svetain\u0117s ar valgomojo traukos centru, ypa\u010d derinama su \u201eNorica\u201c kolekcijos veidrod\u017eiu.<\/p>\n<p>Stulbinan\u010dio dizaino ir prakti\u0161kumo komoda \u201eNorica LAZK02\u201c yra puikus pasirinkimas visiems, ie\u0161kantiems bald\u0173, kuriuose der\u0117t\u0173 elegancija ir funkcionalumas. D\u0117l tvirtos konstrukcijos ir apgalvot\u0173 sprendim\u0173 ji taps nepakei\u010diamu baldu bet kuriuose moderniuose namuose.<\/p>","protected":false},"excerpt":{"rendered":"<p>Plotis (cm): 155,3<br \/>\n\u016agis (cm): 87,3<br \/>\nGylis (cm): 40<\/p>","protected":false},"featured_media":162979,"comment_status":"open","ping_status":"open","template":"","meta":[],"product_brand":[],"product_cat":[9491,1173,4107],"product_tag":[],"class_list":{"0":"post-162978","1":"product","2":"type-product","3":"status-publish","4":"has-post-thumbnail","6":"product_cat-furniture-system-norica-wojcik-meble","7":"product_cat-chests-of-drawers","8":"product_cat-meble-wojcik","10":"first","11":"instock","12":"purchasable","13":"product-type-simple"},"_links":{"self":[{"href":"https:\/\/baldumarket.lt\/lt\/wp-json\/wp\/v2\/product\/162978","targetHints":{"allow":["GET"]}}],"collection":[{"href":"https:\/\/baldumarket.lt\/lt\/wp-json\/wp\/v2\/product"}],"about":[{"href":"https:\/\/baldumarket.lt\/lt\/wp-json\/wp\/v2\/types\/product"}],"replies":[{"embeddable":true,"href":"https:\/\/baldumarket.lt\/lt\/wp-json\/wp\/v2\/comments?post=162978"}],"wp:featuredmedia":[{"embeddable":true,"href":"https:\/\/baldumarket.lt\/lt\/wp-json\/wp\/v2\/media\/162979"}],"wp:attachment":[{"href":"https:\/\/baldumarket.lt\/lt\/wp-json\/wp\/v2\/media?parent=162978"}],"wp:term":[{"taxonomy":"product_brand","embeddable":true,"href":"https:\/\/baldumarket.lt\/lt\/wp-json\/wp\/v2\/product_brand?post=162978"},{"taxonomy":"product_cat","embeddable":true,"href":"https:\/\/baldumarket.lt\/lt\/wp-json\/wp\/v2\/product_cat?post=162978"},{"taxonomy":"product_tag","embeddable":true,"href":"https:\/\/baldumarket.lt\/lt\/wp-json\/wp\/v2\/product_tag?post=162978"}],"curies":[{"name":"wp","href":"https:\/\/api.w.org\/{rel}","templated":true}]}}