{"id":162975,"date":"2025-12-19T12:32:52","date_gmt":"2025-12-19T09:32:52","guid":{"rendered":"https:\/\/baldumarket.lt\/product\/norica-lazk03-komoda-4d2s-czarny-mat-zloty\/"},"modified":"2026-04-06T19:46:38","modified_gmt":"2026-04-06T16:46:38","slug":"norica-lazk03-komoda-4d2s-czarny-mat-zloty","status":"publish","type":"product","link":"https:\/\/baldumarket.lt\/lt\/product\/norica-lazk03-komoda-4d2s-czarny-mat-zloty\/","title":{"rendered":"Norica LAZK03 \u2013 Komoda 4D2S matin\u0117s juodos aukso spalvos"},"content":{"rendered":"<p>Atraskite elegancij\u0105 ir funkcionalum\u0105 su \u201eMeble W\u00f3jcik\u201c \u201eNorica LAZK03\u201c indauja. \u0160is unikalus baldas derina modern\u0173 dizain\u0105 su klasikine estetika, tod\u0117l puikiai tiks j\u016bs\u0173 svetainei ar valgomajam. Ak\u012f traukiantis matin\u0117s juodos spalvos korpusas su auksiniais akcentais spinduliuoja rafinuotu stiliumi, kuris patenkins net ir i\u0161rankiausius estetus.<\/p>\n<p>\u201eNorica\u201c indauja si\u016blo netik\u0117t\u0105 daikt\u0173 laikymo erdv\u0119, padedan\u010di\u0105 palaikyti tvark\u0105 interjere. Keturios tvirtos MDF durys su \u0161velniai u\u017esidaran\u010diais vyriais slepia \u012fsp\u016bdingai erdvias lentynas j\u016bs\u0173 daiktams. Be to, du stal\u010diai ant rutulini\u0173 guoli\u0173 b\u0117geli\u0173 yra visi\u0161kai i\u0161traukiami, tod\u0117l lengva pasiekti j\u0173 turin\u012f.<\/p>\n<p>Aukso spalvos metalin\u0117s rankenos ir kojel\u0117s suteikia \u0161iai komodai unikal\u0173 charakter\u012f ir klas\u0119. Kartu su matine juoda apdaila jos sukuria prabangos efekt\u0105, kuris puikiai dera prie \u012fvairi\u0173 interjero stili\u0173, toki\u0173 kaip glam\u016bringas, modernus, eklekti\u0161kas ar japoni\u0161kas. Eleganti\u0161kos linijos ir auk\u0161tos kojel\u0117s suteikia baldui lengvumo ir elegancijos poj\u016bt\u012f, nepaisant dideli\u0173 matmen\u0173.<\/p>\n<p>TREND LED strukt\u016brinis ap\u0161vietimas perteikia naujausias interjero dizaino tendencijas komodoje, pabr\u0117\u017edamas jos modern\u0173 charakter\u012f. \u0160i stilinga komoda puikiai atrodo derinama su kitais \u201eNorica\u201c kolekcijos baldais, tokiais kaip vitrina, kavos staliukas ar i\u0161skleid\u017eiamas stalas.<\/p>\n<p>Leiskite \u201eNorica LAZK03\u201c komodai suteikti j\u016bs\u0173 namams jaukumo, klas\u0117s ir elegancijos. Laikantis \u0161iuolaikini\u0173 interjero dizaino tendencij\u0173, ji taps ne tik prakti\u0161ku baldu, bet ir tikru dekoratyviniu elementu.<\/p>","protected":false},"excerpt":{"rendered":"<p>Plotis (cm): 200,3<br \/>\n\u016agis (cm): 87,3<br \/>\nGylis (cm): 40<\/p>","protected":false},"featured_media":162976,"comment_status":"open","ping_status":"open","template":"","meta":[],"product_brand":[],"product_cat":[9491,1173,4107],"product_tag":[],"class_list":{"0":"post-162975","1":"product","2":"type-product","3":"status-publish","4":"has-post-thumbnail","6":"product_cat-furniture-system-norica-wojcik-meble","7":"product_cat-chests-of-drawers","8":"product_cat-meble-wojcik","10":"first","11":"instock","12":"purchasable","13":"product-type-simple"},"_links":{"self":[{"href":"https:\/\/baldumarket.lt\/lt\/wp-json\/wp\/v2\/product\/162975","targetHints":{"allow":["GET"]}}],"collection":[{"href":"https:\/\/baldumarket.lt\/lt\/wp-json\/wp\/v2\/product"}],"about":[{"href":"https:\/\/baldumarket.lt\/lt\/wp-json\/wp\/v2\/types\/product"}],"replies":[{"embeddable":true,"href":"https:\/\/baldumarket.lt\/lt\/wp-json\/wp\/v2\/comments?post=162975"}],"wp:featuredmedia":[{"embeddable":true,"href":"https:\/\/baldumarket.lt\/lt\/wp-json\/wp\/v2\/media\/162976"}],"wp:attachment":[{"href":"https:\/\/baldumarket.lt\/lt\/wp-json\/wp\/v2\/media?parent=162975"}],"wp:term":[{"taxonomy":"product_brand","embeddable":true,"href":"https:\/\/baldumarket.lt\/lt\/wp-json\/wp\/v2\/product_brand?post=162975"},{"taxonomy":"product_cat","embeddable":true,"href":"https:\/\/baldumarket.lt\/lt\/wp-json\/wp\/v2\/product_cat?post=162975"},{"taxonomy":"product_tag","embeddable":true,"href":"https:\/\/baldumarket.lt\/lt\/wp-json\/wp\/v2\/product_tag?post=162975"}],"curies":[{"name":"wp","href":"https:\/\/api.w.org\/{rel}","templated":true}]}}