{"id":162972,"date":"2025-12-19T12:32:46","date_gmt":"2025-12-19T09:32:46","guid":{"rendered":"https:\/\/baldumarket.lt\/product\/norica-lazk01-komoda-2-drzwiowa-czarny-mat-zloty\/"},"modified":"2026-04-06T19:46:38","modified_gmt":"2026-04-06T16:46:38","slug":"norica-lazk01-komoda-2-drzwiowa-czarny-mat-zloty","status":"publish","type":"product","link":"https:\/\/baldumarket.lt\/lt\/product\/norica-lazk01-komoda-2-drzwiowa-czarny-mat-zloty\/","title":{"rendered":"Norica LAZK01 \u2013 2 dur\u0173 komoda, matin\u0117s juodos ir auksin\u0117s spalvos"},"content":{"rendered":"<p>Eleganti\u0161ka dviej\u0173 dur\u0173 komoda \u201eNorica LAZK01\u201c i\u0161 \u201eMeble W\u00f3jcik\u201c \u2013 tai tobulas stiliaus ir funkcionalumo derinys, suteikiantis j\u016bs\u0173 interjerui prabangos. Jos nesenstantis dizainas, kuriame derinamas matinis juodas ir subtil\u016bs aukso akcentai, traukia ak\u012f ir suteikia bet kokiam kambariui rafinuotumo. Tvirta laminuot\u0173 med\u017eio dro\u017eli\u0173 plok\u0161\u010di\u0173 ir MDF konstrukcija u\u017etikrina patvarum\u0105 ir eleganti\u0161k\u0105 i\u0161vaizd\u0105 ilgus metus.<\/p>\n<p>Stilinga ir funkcionali \u201eNorica LAZK01\u201c komoda yra b\u016btinas bet kurio svetain\u0117s interjero elementas. Erdvios lentynos u\u017e tvirt\u0173 dureli\u0173 u\u017etikrina ne tik patog\u0173, bet ir esteti\u0161k\u0105 laikym\u0105. Ji idealiai tinka svetain\u0117ms ar valgomiesiems, suteikia harmonijos ir tvarkos. \u0160velniai u\u017esidarantys vyriai u\u017etikrina patog\u0173 kasdien\u012f naudojim\u0105, nepriklausomai nuo naudojimo intensyvumo.<\/p>\n<p>Unikalus \u201eNorica\u201c komodos dizainas tiesiog nenugalimas \u2013 eleganti\u0161ka matin\u0117 juoda spalva kontrastuoja su \u0161iltu auksiniu ranken\u0117li\u0173 ir metalini\u0173 kojeli\u0173 atspalviu. Papildomas privalumas \u2013 TREND LED strukt\u016brinis ap\u0161vietimas, kuris subtiliai i\u0161ry\u0161kina detales ir suteikia baldui modernumo. Komoda puikiai dera su kitais \u201eNorica\u201c serijos elementais, tokiais kaip vitrina ir sienin\u0117 lentyna, sukurdama darn\u0173 ir harmoning\u0105 interjero dizain\u0105.<\/p>\n<p>\u201eNorica LAZK01\u201c komoda yra ne tik prakti\u0161kas daikt\u0173 laikymo sprendimas \u2013 tai unikalus baldas tiems, kurie vertina elegancij\u0105 ir prabang\u0105. Ji puikiai dera \u012f prabangias erdves, suteikdama joms rafinuoto charakterio. Paprasta forma ir sodri juoda spalva su auksiniais akcentais puikiai dera prie modernaus interjero, pabr\u0117\u017eiant jo unikal\u0173 stili\u0173.<\/p>","protected":false},"excerpt":{"rendered":"<p>Plotis (cm): 110,4<br \/>\n\u016agis (cm): 87,3<br \/>\nGylis (cm): 40<\/p>","protected":false},"featured_media":162973,"comment_status":"open","ping_status":"open","template":"","meta":[],"product_brand":[],"product_cat":[9491,1173,4107],"product_tag":[],"class_list":{"0":"post-162972","1":"product","2":"type-product","3":"status-publish","4":"has-post-thumbnail","6":"product_cat-furniture-system-norica-wojcik-meble","7":"product_cat-chests-of-drawers","8":"product_cat-meble-wojcik","10":"first","11":"instock","12":"purchasable","13":"product-type-simple"},"_links":{"self":[{"href":"https:\/\/baldumarket.lt\/lt\/wp-json\/wp\/v2\/product\/162972","targetHints":{"allow":["GET"]}}],"collection":[{"href":"https:\/\/baldumarket.lt\/lt\/wp-json\/wp\/v2\/product"}],"about":[{"href":"https:\/\/baldumarket.lt\/lt\/wp-json\/wp\/v2\/types\/product"}],"replies":[{"embeddable":true,"href":"https:\/\/baldumarket.lt\/lt\/wp-json\/wp\/v2\/comments?post=162972"}],"wp:featuredmedia":[{"embeddable":true,"href":"https:\/\/baldumarket.lt\/lt\/wp-json\/wp\/v2\/media\/162973"}],"wp:attachment":[{"href":"https:\/\/baldumarket.lt\/lt\/wp-json\/wp\/v2\/media?parent=162972"}],"wp:term":[{"taxonomy":"product_brand","embeddable":true,"href":"https:\/\/baldumarket.lt\/lt\/wp-json\/wp\/v2\/product_brand?post=162972"},{"taxonomy":"product_cat","embeddable":true,"href":"https:\/\/baldumarket.lt\/lt\/wp-json\/wp\/v2\/product_cat?post=162972"},{"taxonomy":"product_tag","embeddable":true,"href":"https:\/\/baldumarket.lt\/lt\/wp-json\/wp\/v2\/product_tag?post=162972"}],"curies":[{"name":"wp","href":"https:\/\/api.w.org\/{rel}","templated":true}]}}