{"id":162967,"date":"2025-12-19T12:32:35","date_gmt":"2025-12-19T09:32:35","guid":{"rendered":"https:\/\/baldumarket.lt\/product\/lazio-lazv02-witryna-2-drzwiowa-bialy-alpejski-bialy-polysk-zloty\/"},"modified":"2026-04-06T19:19:24","modified_gmt":"2026-04-06T16:19:24","slug":"lazio-lazv02-witryna-2-drzwiowa-bialy-alpejski-bialy-polysk-zloty","status":"publish","type":"product","link":"https:\/\/baldumarket.lt\/lt\/product\/lazio-lazv02-witryna-2-drzwiowa-bialy-alpejski-bialy-polysk-zloty\/","title":{"rendered":"Lazio LAZV02 \u2013 2 dur\u0173 vitrina, Alpi\u0173 balta\/blizgi balta\/auksin\u0117"},"content":{"rendered":"<p>Pakelkite savo interjer\u0105 \u012f kit\u0105 elegancijos lyg\u012f su \u201eMeble W\u00f3jcik\u201c dviej\u0173 dur\u0173 vitrina \u201eLazio\u201c. Modernus dizainas, derinamas su prabangiais akcentais ir blizgia balta spalva, idealiai tinka tiek svetainei, tiek valgomajam. Auk\u0161tos kokyb\u0117s apdaila ir d\u0117mesys detal\u0117ms, tokioms kaip metalin\u0117s rankenos ir kojel\u0117s, suteikia spintelei rafinuoto stiliaus. Vienas i\u0161 pagrindini\u0173 \u0161ios spintel\u0117s privalum\u0173 \u2013 estetinis patrauklumas. Stiklin\u0117s durys kartu su aukso atspalvio elementais suteikia erdvei blizgesio, o blizgios baltos fasadai suteikia interjerui modernumo. D\u0117l \u0161i\u0173 savybi\u0173 spintel\u0117 ne tik atrodo \u012fsp\u016bdingai, bet ir puikiai demonstruoja joje laikomus dekoratyvinius daiktus. Spintel\u0117s funkcionalumas akivaizdus d\u0117l erdvi\u0173 lentyn\u0173, kurios leid\u017eia patogiai laikyti \u012fvairius daiktus. \u0160velniai u\u017esidaran\u010dios durys yra papildomas privalumas, tod\u0117l bald\u0173 naudojimas yra patogus ir patogus. Komplekte esantis TREND LED ap\u0161vietimas subtiliai i\u0161ry\u0161kina turinio i\u0161d\u0117stym\u0105, suteikdamas vitrinai elegancijos ir stiliaus.<\/p>","protected":false},"excerpt":{"rendered":"<p>Plotis (cm): 110,4<br \/>\n\u016agis (cm): 169,2<br \/>\nGylis (cm): 40<\/p>","protected":false},"featured_media":162968,"comment_status":"open","ping_status":"open","template":"","meta":[],"product_brand":[],"product_cat":[9485,4107,2006],"product_tag":[],"class_list":{"0":"post-162967","1":"product","2":"type-product","3":"status-publish","4":"has-post-thumbnail","6":"product_cat-furniture-system-lazio-wojcik-meble","7":"product_cat-meble-wojcik","8":"product_cat-vitrines","10":"first","11":"instock","12":"purchasable","13":"product-type-simple"},"_links":{"self":[{"href":"https:\/\/baldumarket.lt\/lt\/wp-json\/wp\/v2\/product\/162967","targetHints":{"allow":["GET"]}}],"collection":[{"href":"https:\/\/baldumarket.lt\/lt\/wp-json\/wp\/v2\/product"}],"about":[{"href":"https:\/\/baldumarket.lt\/lt\/wp-json\/wp\/v2\/types\/product"}],"replies":[{"embeddable":true,"href":"https:\/\/baldumarket.lt\/lt\/wp-json\/wp\/v2\/comments?post=162967"}],"wp:featuredmedia":[{"embeddable":true,"href":"https:\/\/baldumarket.lt\/lt\/wp-json\/wp\/v2\/media\/162968"}],"wp:attachment":[{"href":"https:\/\/baldumarket.lt\/lt\/wp-json\/wp\/v2\/media?parent=162967"}],"wp:term":[{"taxonomy":"product_brand","embeddable":true,"href":"https:\/\/baldumarket.lt\/lt\/wp-json\/wp\/v2\/product_brand?post=162967"},{"taxonomy":"product_cat","embeddable":true,"href":"https:\/\/baldumarket.lt\/lt\/wp-json\/wp\/v2\/product_cat?post=162967"},{"taxonomy":"product_tag","embeddable":true,"href":"https:\/\/baldumarket.lt\/lt\/wp-json\/wp\/v2\/product_tag?post=162967"}],"curies":[{"name":"wp","href":"https:\/\/api.w.org\/{rel}","templated":true}]}}