{"id":162963,"date":"2025-12-19T12:32:27","date_gmt":"2025-12-19T09:32:27","guid":{"rendered":"https:\/\/baldumarket.lt\/product\/lazio-lazv01-witryna-1-drzwiowa-z-oswietleniem-led-bialy-alpejski-bialy-polysk-zloty\/"},"modified":"2026-04-06T19:19:24","modified_gmt":"2026-04-06T16:19:24","slug":"lazio-lazv01-witryna-1-drzwiowa-z-oswietleniem-led-bialy-alpejski-bialy-polysk-zloty","status":"publish","type":"product","link":"https:\/\/baldumarket.lt\/lt\/product\/lazio-lazv01-witryna-1-drzwiowa-z-oswietleniem-led-bialy-alpejski-bialy-polysk-zloty\/","title":{"rendered":"Lazio LAZV01 \u2013 1 dur\u0173 vitrina su LED ap\u0161vietimu, Alpi\u0173 balta\/blizgi balta\/auksin\u0117"},"content":{"rendered":"<p>Suteikite savo interjerui elegancijos ir prabangos su \u201eMeble W\u00f3jcik\u201c \u201eLazio LAZV01\u201c vitrina. \u0160i vien\u0173 dur\u0173 balta vitrina pagaminta i\u0161 auk\u0161\u010diausios kokyb\u0117s laminuotos med\u017eio dro\u017eli\u0173 plok\u0161t\u0117s ir MDF, u\u017etikrinant patvarum\u0105 ir estetik\u0105 ilgus metus. Jos modernus dizainas ir blizgi apdaila puikiai papildys bet kuri\u0105 svetain\u0119 ar valgom\u0105j\u012f, suteikdami elegancijos.<\/p>\n<p>\u0160i \u201eLazio\u201c vitrina \u2013 tai harmoningas paprastumo ir prabangos derinys. Gr\u016bdinto stiklo fasadai, stilingos aukso atspalvio metalin\u0117s rankenos ir prie j\u0173 priderintos metalin\u0117s kojel\u0117s sukuria unikal\u0173 vizualin\u012f efekt\u0105. Eleganti\u0161ka balta spalv\u0173 gama su auksiniais akcentais \u017eavi, tod\u0117l \u0161is baldas yra ne tik funkcionalus, bet ir rafinuotas bet kurio kambario akcentas.<\/p>\n<p>Vitrinos spintel\u0117s TREND LED ap\u0161vietimas i\u0161ry\u0161kina modern\u0173 bald\u0173 charakter\u012f ir suteikia jaukumo. Vitrin\u0105 taip pat galima komplektuoti su vieno ta\u0161ko ap\u0161vietimu, suteikian\u010diu dar daugiau dizaino galimybi\u0173. Vitrina turi \u0161velnaus u\u017edarymo sistem\u0105, u\u017etikrinan\u010di\u0105 patog\u0173 naudojim\u0105 ir apsaugan\u010di\u0105 nuo triuk\u0161mo bei pa\u017eeidim\u0173.<\/p>\n<p>D\u0117l universalaus dureli\u0173 tvirtinimo varianto, kur\u012f galima tvirtinti tiek de\u0161ine, tiek kaire ranka, \u201eLazio LAZV01\u201c vitrin\u0105 paver\u010dia ne\u012ftik\u0117tinai prakti\u0161ka ir lengvai priderinama prie j\u016bs\u0173 interjero. Prabangi i\u0161vaizda ir funkcionalumas puikiai tinka tiek modernioms erdv\u0117ms, tiek interjerui, dekoruotam prabangiu ar \u201eHamptons\u201c stiliumi. Tegul \u0161is unikalus, tiksliai ir kruop\u0161\u010diai surinktas baldas tampa j\u016bs\u0173 nam\u0173 pagrindiniu akcentu.<\/p>\n<p>Pakeiskite savo interjer\u0105 ir m\u0117gaukit\u0117s i\u0161skirtine kasdiene estetika su \u201eLazio LAZV01\u201c vitrina, kurios dizainas ir kokybi\u0161kas meistri\u0161kumas tikrai patenkins net ir reikliausi\u0173 vartotoj\u0173 l\u016bkes\u010dius.<\/p>","protected":false},"excerpt":{"rendered":"<p>Plotis (cm): 65,5<br \/>\n\u016agis (cm): 201,2<br \/>\nGylis (cm): 40<\/p>","protected":false},"featured_media":162964,"comment_status":"open","ping_status":"open","template":"","meta":[],"product_brand":[],"product_cat":[9485,4107,2006],"product_tag":[],"class_list":{"0":"post-162963","1":"product","2":"type-product","3":"status-publish","4":"has-post-thumbnail","6":"product_cat-furniture-system-lazio-wojcik-meble","7":"product_cat-meble-wojcik","8":"product_cat-vitrines","10":"first","11":"instock","12":"purchasable","13":"product-type-simple"},"_links":{"self":[{"href":"https:\/\/baldumarket.lt\/lt\/wp-json\/wp\/v2\/product\/162963","targetHints":{"allow":["GET"]}}],"collection":[{"href":"https:\/\/baldumarket.lt\/lt\/wp-json\/wp\/v2\/product"}],"about":[{"href":"https:\/\/baldumarket.lt\/lt\/wp-json\/wp\/v2\/types\/product"}],"replies":[{"embeddable":true,"href":"https:\/\/baldumarket.lt\/lt\/wp-json\/wp\/v2\/comments?post=162963"}],"wp:featuredmedia":[{"embeddable":true,"href":"https:\/\/baldumarket.lt\/lt\/wp-json\/wp\/v2\/media\/162964"}],"wp:attachment":[{"href":"https:\/\/baldumarket.lt\/lt\/wp-json\/wp\/v2\/media?parent=162963"}],"wp:term":[{"taxonomy":"product_brand","embeddable":true,"href":"https:\/\/baldumarket.lt\/lt\/wp-json\/wp\/v2\/product_brand?post=162963"},{"taxonomy":"product_cat","embeddable":true,"href":"https:\/\/baldumarket.lt\/lt\/wp-json\/wp\/v2\/product_cat?post=162963"},{"taxonomy":"product_tag","embeddable":true,"href":"https:\/\/baldumarket.lt\/lt\/wp-json\/wp\/v2\/product_tag?post=162963"}],"curies":[{"name":"wp","href":"https:\/\/api.w.org\/{rel}","templated":true}]}}