{"id":162959,"date":"2025-12-19T12:32:19","date_gmt":"2025-12-19T09:32:19","guid":{"rendered":"https:\/\/baldumarket.lt\/product\/lazio-lazt02-stol-jadalniany-rozkladany-bialy-alpejski-bialy-polysk-zloty\/"},"modified":"2026-04-06T19:19:24","modified_gmt":"2026-04-06T16:19:24","slug":"lazio-lazt02-stol-jadalniany-rozkladany-bialy-alpejski-bialy-polysk-zloty","status":"publish","type":"product","link":"https:\/\/baldumarket.lt\/lt\/product\/lazio-lazt02-stol-jadalniany-rozkladany-bialy-alpejski-bialy-polysk-zloty\/","title":{"rendered":"Lazio LAZT02 \u2013 I\u0161skleid\u017eiamas valgomojo stalas, Alpi\u0173 balta\/Blizgi balta\/Auksin\u0117"},"content":{"rendered":"<p>Stilingas valgomasis \u2013 kiekvien\u0173 nam\u0173 \u0161irdis, vieta susib\u016brimams, bendriems pietums ir ypating\u0173 prog\u0173 \u0161v\u0119simui. \u201eLazio LAZT02\u201c valgomojo stalas \u2013 puikus pasirinkimas, derinantis modernum\u0105 ir elegancij\u0105. Klasikin\u0117s linijos ir Alpi\u0173 baltos bei blizgios baltos spalvos atspalviai suteikia bet kokiam interjerui gaivumo ir erdv\u0117s poj\u016bt\u012f, tod\u0117l puikiai dera prie bet kokio dekoro.<\/p>\n<p>Laminuotas MDF stalvir\u0161is ir kojel\u0117s suteikia ne tik estetin\u012f patrauklum\u0105, bet ir patvarum\u0105 bei ilgaam\u017ei\u0161kum\u0105. Sinchroninis b\u0117gelis leid\u017eia lengvai prailginti stal\u0105, tod\u0117l jis puikiai tinka tiek kasdieniam naudojimui, tiek didesniems susib\u016brimams. D\u0117l savo funkcionalumo \u201eLazio LAZT02\u201c lengvai i\u0161ple\u010dia savo galimybes, suteikdamas daugiau erdv\u0117s sve\u010diams.<\/p>\n<p>Unikalus dizainas, kuriame derinama matin\u0117 ir blizgi balta spalvos su aukso akcentais, suteikia stalui prabangos. Unikalus spalv\u0173 derinys leid\u017eia \u201eLazio LAZT02\u201c stalui der\u0117ti tiek prie modernaus, tiek prie klasikinio interjero \u2013 nuo \u017eavingo iki modernaus japoni\u0161ko stiliaus. Tai nesenstantis pasirinkimas, suteikiantis elegancijos ir rafinuotumo bet kokiam interjerui.<\/p>\n<p>Puikus stabilumas ir gerai apgalvotas dizainas daro \u201eLazio\u201c stal\u0105 ne tik gra\u017e\u0173, bet ir funkcional\u0173. Jis puikiai dera su mink\u0161tomis k\u0117d\u0117mis ir moderniais dizaineri\u0173 modeliais, padidindamas j\u016bs\u0173 valgomojo komfort\u0105 ir stili\u0173. Nenuostabu, kad j\u012f renkasi tiek daug patenkint\u0173 klient\u0173.<\/p>\n<p>Padovanokite sau ir savo artimiesiems unikali\u0105 viet\u0105 dalintis maistu ir akimirkomis, pasirinkdami \u201eLazio LAZT02\u201c stal\u0105. Jo elegancija ir nesenstantis stilius pavers bet kur\u012f valgom\u0105j\u012f ypatingu ir pavers j\u012f m\u0117gstama susib\u016brimo vieta j\u016bs\u0173 namuose.<\/p>","protected":false},"excerpt":{"rendered":"<p>Plotis (cm): 160\u2013200<br \/>\n\u016agis (cm): 75,6<br \/>\nGylis (cm): 90<\/p>","protected":false},"featured_media":162960,"comment_status":"open","ping_status":"open","template":"","meta":[],"product_brand":[],"product_cat":[9485,4107,1934],"product_tag":[],"class_list":{"0":"post-162959","1":"product","2":"type-product","3":"status-publish","4":"has-post-thumbnail","6":"product_cat-furniture-system-lazio-wojcik-meble","7":"product_cat-meble-wojcik","8":"product_cat-tables","10":"first","11":"instock","12":"purchasable","13":"product-type-simple"},"_links":{"self":[{"href":"https:\/\/baldumarket.lt\/lt\/wp-json\/wp\/v2\/product\/162959","targetHints":{"allow":["GET"]}}],"collection":[{"href":"https:\/\/baldumarket.lt\/lt\/wp-json\/wp\/v2\/product"}],"about":[{"href":"https:\/\/baldumarket.lt\/lt\/wp-json\/wp\/v2\/types\/product"}],"replies":[{"embeddable":true,"href":"https:\/\/baldumarket.lt\/lt\/wp-json\/wp\/v2\/comments?post=162959"}],"wp:featuredmedia":[{"embeddable":true,"href":"https:\/\/baldumarket.lt\/lt\/wp-json\/wp\/v2\/media\/162960"}],"wp:attachment":[{"href":"https:\/\/baldumarket.lt\/lt\/wp-json\/wp\/v2\/media?parent=162959"}],"wp:term":[{"taxonomy":"product_brand","embeddable":true,"href":"https:\/\/baldumarket.lt\/lt\/wp-json\/wp\/v2\/product_brand?post=162959"},{"taxonomy":"product_cat","embeddable":true,"href":"https:\/\/baldumarket.lt\/lt\/wp-json\/wp\/v2\/product_cat?post=162959"},{"taxonomy":"product_tag","embeddable":true,"href":"https:\/\/baldumarket.lt\/lt\/wp-json\/wp\/v2\/product_tag?post=162959"}],"curies":[{"name":"wp","href":"https:\/\/api.w.org\/{rel}","templated":true}]}}