{"id":162955,"date":"2025-12-19T12:32:11","date_gmt":"2025-12-19T09:32:11","guid":{"rendered":"https:\/\/baldumarket.lt\/product\/lazio-lazt01-stolik-1-szuflada-bialy-alpejski-bialy-polysk-zloty\/"},"modified":"2026-04-06T19:19:24","modified_gmt":"2026-04-06T16:19:24","slug":"lazio-lazt01-stolik-1-szuflada-bialy-alpejski-bialy-polysk-zloty","status":"publish","type":"product","link":"https:\/\/baldumarket.lt\/lt\/product\/lazio-lazt01-stolik-1-szuflada-bialy-alpejski-bialy-polysk-zloty\/","title":{"rendered":"Lazio LAZT01 \u2013 stal\u010dius su 1 stal\u010diumi, Alpi\u0173 baltas\/Blizgus baltas\/Auksinis"},"content":{"rendered":"<p>Eleganti\u0161kas \u201eLazio LAZT01\u201c kavos staliukas yra nepakei\u010diamas j\u016bs\u0173 svetain\u0117s ar valgomojo aksesuaras, papildantis bet kokio interjero stili\u0173 ir elegancij\u0105. Balta Alpi\u0173 stiliaus matin\u0117 ir blizgi apdaila suteikia jam prabangos \u012fsp\u016bd\u012f, puikiai dera prie \u012fvairi\u0173 dekoro stili\u0173 \u2013 nuo prabangaus iki eklekti\u0161ko.<\/p>\n<p>\u0160is kavos staliukas \u2013 puikus pasirinkimas tiems, kurie vertina funkcionalumo ir estetikos pusiausvyr\u0105. Prakti\u0161kas stal\u010dius smulkiems daiktams ir atvira lentyna po stalvir\u0161iu suteikia daug vietos kasdieniams daiktams susid\u0117ti ir sukuria stiling\u0105 erdv\u0119 m\u0117gstamoms dekoracijoms bei knygoms.<\/p>\n<p>Pagamintas i\u0161 MDF ir laminuotos med\u017eio dro\u017eli\u0173 plok\u0161t\u0117s, \u201eLazio\u201c kavos staliukas garantuoja patvarum\u0105 ir stabilum\u0105. Aukso spalvos metalin\u0117s rankenos ir kojel\u0117s suteikia prabangos, pabr\u0117\u017eia elegancij\u0105 ir rafinuot\u0105 stili\u0173. Stal\u010dius su patikimais rutuliniais guoliais u\u017etikrina skland\u0173 atidarym\u0105 ir u\u017edarym\u0105, kuriuo d\u017eiaugsit\u0117s kiekvien\u0105 dien\u0105.<\/p>\n<p>Subtili\u0173 puo\u0161men\u0173 ir nesenstan\u010dio dizaino \u201eLazio\u201c kavos staliukas puikiai papildys bet kok\u012f interjer\u0105, tarnaudamas kaip prakti\u0161kas ir dekoratyvus elementas. Paprastos linijos ir eleganti\u0161ki spalv\u0173 deriniai paver\u010dia j\u012f puikiu papildymu tiek klasikiniame, tiek moderniame interjere.<\/p>\n<p>Su \u201eLazio\u201c kavos staliuku suteikite savo interjerui elegancijos ir funkcionalumo. \u0160is gaminys prad\u017eiugins tiek klasikinio, tiek modernaus dizaino m\u0117g\u0117jus, suteikdamas j\u016bs\u0173 namams prabangos ir rafinuotumo atmosfer\u0105.<\/p>","protected":false},"excerpt":{"rendered":"<p>Plotis (cm): 110,4<br \/>\n\u016agis (cm): 46<br \/>\nGylis (cm): 65<\/p>","protected":false},"featured_media":162956,"comment_status":"open","ping_status":"open","template":"","meta":[],"product_brand":[],"product_cat":[9485,866,4107],"product_tag":[],"class_list":{"0":"post-162955","1":"product","2":"type-product","3":"status-publish","4":"has-post-thumbnail","6":"product_cat-furniture-system-lazio-wojcik-meble","7":"product_cat-coffee-tables","8":"product_cat-meble-wojcik","10":"first","11":"instock","12":"purchasable","13":"product-type-simple"},"_links":{"self":[{"href":"https:\/\/baldumarket.lt\/lt\/wp-json\/wp\/v2\/product\/162955","targetHints":{"allow":["GET"]}}],"collection":[{"href":"https:\/\/baldumarket.lt\/lt\/wp-json\/wp\/v2\/product"}],"about":[{"href":"https:\/\/baldumarket.lt\/lt\/wp-json\/wp\/v2\/types\/product"}],"replies":[{"embeddable":true,"href":"https:\/\/baldumarket.lt\/lt\/wp-json\/wp\/v2\/comments?post=162955"}],"wp:featuredmedia":[{"embeddable":true,"href":"https:\/\/baldumarket.lt\/lt\/wp-json\/wp\/v2\/media\/162956"}],"wp:attachment":[{"href":"https:\/\/baldumarket.lt\/lt\/wp-json\/wp\/v2\/media?parent=162955"}],"wp:term":[{"taxonomy":"product_brand","embeddable":true,"href":"https:\/\/baldumarket.lt\/lt\/wp-json\/wp\/v2\/product_brand?post=162955"},{"taxonomy":"product_cat","embeddable":true,"href":"https:\/\/baldumarket.lt\/lt\/wp-json\/wp\/v2\/product_cat?post=162955"},{"taxonomy":"product_tag","embeddable":true,"href":"https:\/\/baldumarket.lt\/lt\/wp-json\/wp\/v2\/product_tag?post=162955"}],"curies":[{"name":"wp","href":"https:\/\/api.w.org\/{rel}","templated":true}]}}