{"id":162951,"date":"2025-12-19T12:32:03","date_gmt":"2025-12-19T09:32:03","guid":{"rendered":"https:\/\/baldumarket.lt\/product\/lazio-lazp01-polka-wiszaca-bialy-alpejski\/"},"modified":"2026-04-06T19:19:24","modified_gmt":"2026-04-06T16:19:24","slug":"lazio-lazp01-polka-wiszaca-bialy-alpejski","status":"publish","type":"product","link":"https:\/\/baldumarket.lt\/lt\/product\/lazio-lazp01-polka-wiszaca-bialy-alpejski\/","title":{"rendered":"Lazio LAZP01 \u2013 Alpi\u0173 baltumo pakabinama lentyna"},"content":{"rendered":"<p>\u201eLazio LAZP01\u201c \u2013 Alpi\u0173 baltumo sienin\u0117 lentyna \u2013 eleganti\u0161kas j\u016bs\u0173 interjero papildymas, suteikiantis bet kuriam kambariui unikalumo. Unikalus \u0161ios \u201eLazio\u201c bald\u0173 kolekcijos sienin\u0117s lentynos, pagamintos i\u0161 Alpi\u0173 baltumo, dizainas derina nesenstant\u012f stili\u0173 su madingais dizaino sprendimais. Ji puikiai tinka svetain\u0117ms ir valgomiesiems, suteikia puik\u0173 pagrind\u0105 individualiai parinktiems aksesuarams, kurie pabr\u0117\u0161 j\u016bs\u0173 unikal\u0173 stili\u0173.<\/p>\n<p>Pagaminta i\u0161 laminuotos med\u017eio dro\u017eli\u0173 plok\u0161t\u0117s, \u201eLazio\u201c sienin\u0117 lentyna pasi\u017eymi ry\u0161kia, apvalia nugar\u0117le, kuri suteikia j\u016bs\u0173 interjerui subtilaus elegancijos. Matinis baltas atspalvis dera tiek prie lygi\u0173, tiek prie tapetuot\u0173 sien\u0173, suteikdamas stiling\u0105 akcent\u0105. Pastatyta ant veidrodin\u0117s sienos, ji dar labiau sustiprina eleganti\u0161k\u0105 kambario charakter\u012f.<\/p>\n<p>\u0160i funkcionali lentyna, kurios plotis \u2013 140 cm, auk\u0161tis \u2013 24 cm, o gylis \u2013 21,6 cm, suteikia daug vietos \u012fvairiems dekoro elementams ir b\u016btiniausiems daiktams. Sukurta tiek svetainei, tiek valgomajam, ji leid\u017eia vienoje erdv\u0117je sukurti harmoning\u0105 elegancijos ir tvarkos derin\u012f. Tai idealus sprendimas tiems, kurie vertina ir estetik\u0105, ir prakti\u0161kum\u0105.<\/p>\n<p>Balta lentyna \u201eLazio\u201c puikiai dera prie \u012fvairi\u0173 mading\u0173 interjero stili\u0173. Ji pabr\u0117\u017eia prabangi\u0173 stili\u0173 elegancij\u0105 ir puikiai dera su vinta\u017einiais stiliais, kur i\u0161linkimai yra pagrindinis dizaino elementas. Ji taip pat dera su \u201eNew Scandi\u201c stiliumi, kuriame dominuojanti balta spalva derinama su \u0161iltais nat\u016bralios medienos atspalviais, ir \u201eJapandi\u201c stiliumi, kuriame derinamas skandinavi\u0161kas paprastumas su japoni\u0161ku minimalizmu.<\/p>\n<p>\u201eLazio LAZP01 \u2013 Alpi\u0173 baltumo sienin\u0117 lentyna\u201c yra nesenstantis baldas, suteikiantis elegancijos ir funkcionalumo bet kokiam interjerui. Nepriklausomai nuo interjero dizaino stiliaus, \u0161i lentyna tikrai pateisins j\u016bs\u0173 l\u016bkes\u010dius ir taps nepakei\u010diamu j\u016bs\u0173 nam\u0173 elementu.<\/p>","protected":false},"excerpt":{"rendered":"<p>Plotis (cm): 140<br \/>\n\u016agis (cm): 24<br \/>\nGylis (cm): 21,6<\/p>","protected":false},"featured_media":162952,"comment_status":"open","ping_status":"open","template":"","meta":[],"product_brand":[],"product_cat":[9485,1174,4107],"product_tag":[],"class_list":{"0":"post-162951","1":"product","2":"type-product","3":"status-publish","4":"has-post-thumbnail","6":"product_cat-furniture-system-lazio-wojcik-meble","7":"product_cat-hanging-shelves","8":"product_cat-meble-wojcik","10":"first","11":"instock","12":"purchasable","13":"product-type-simple"},"_links":{"self":[{"href":"https:\/\/baldumarket.lt\/lt\/wp-json\/wp\/v2\/product\/162951","targetHints":{"allow":["GET"]}}],"collection":[{"href":"https:\/\/baldumarket.lt\/lt\/wp-json\/wp\/v2\/product"}],"about":[{"href":"https:\/\/baldumarket.lt\/lt\/wp-json\/wp\/v2\/types\/product"}],"replies":[{"embeddable":true,"href":"https:\/\/baldumarket.lt\/lt\/wp-json\/wp\/v2\/comments?post=162951"}],"wp:featuredmedia":[{"embeddable":true,"href":"https:\/\/baldumarket.lt\/lt\/wp-json\/wp\/v2\/media\/162952"}],"wp:attachment":[{"href":"https:\/\/baldumarket.lt\/lt\/wp-json\/wp\/v2\/media?parent=162951"}],"wp:term":[{"taxonomy":"product_brand","embeddable":true,"href":"https:\/\/baldumarket.lt\/lt\/wp-json\/wp\/v2\/product_brand?post=162951"},{"taxonomy":"product_cat","embeddable":true,"href":"https:\/\/baldumarket.lt\/lt\/wp-json\/wp\/v2\/product_cat?post=162951"},{"taxonomy":"product_tag","embeddable":true,"href":"https:\/\/baldumarket.lt\/lt\/wp-json\/wp\/v2\/product_tag?post=162951"}],"curies":[{"name":"wp","href":"https:\/\/api.w.org\/{rel}","templated":true}]}}