{"id":162947,"date":"2025-12-19T12:31:55","date_gmt":"2025-12-19T09:31:55","guid":{"rendered":"https:\/\/baldumarket.lt\/product\/lazio-lazl01-lustro-wiszace-bialy-alpejski-bialy-polysk\/"},"modified":"2026-04-06T19:19:24","modified_gmt":"2026-04-06T16:19:24","slug":"lazio-lazl01-lustro-wiszace-bialy-alpejski-bialy-polysk","status":"publish","type":"product","link":"https:\/\/baldumarket.lt\/lt\/product\/lazio-lazl01-lustro-wiszace-bialy-alpejski-bialy-polysk\/","title":{"rendered":"Lazio LAZL01 \u2013 Alpi\u0173 baltumo\/blizgios baltos spalvos pakabinamas veidrodis"},"content":{"rendered":"<p>Sukurkite unikali\u0105 atmosfer\u0105 savo namuose su pakabinamu veidrod\u017eiu \u201eLazio LAZL01\u201c \u2013 tobulu modernaus dizaino ir nesenstan\u010dios elegancijos deriniu. \u0160is Alpi\u0173 baltumo\/blizgios baltos spalvos veidrodis puikiai dera prie \u012fvairi\u0173 interjer\u0173, suteikdamas lengvumo ir stiliaus. Jo sta\u010diakamp\u0117 forma ir subtilus LED ap\u0161vietimas suteikia unikal\u0173 charakter\u012f.<\/p>\n<p>\u0160is veidrodis ne tik \u017eavi estetiniu patrauklumu, bet ir \u017eenkliai pagerina bet kurio kambario funkcionalum\u0105. D\u0117l dideli\u0173 matmen\u0173 \u2013 155 cm plo\u010dio ir 80 cm auk\u0161\u010dio \u2013 \u201eLazio\u201c veidrodis vizualiai padidina erdv\u0119, tod\u0117l kambariai atrodo erdvesni ir \u0161viesesni. \u012esp\u016bdingas LED ap\u0161vietimas sustiprina veidrod\u017eio patrauklum\u0105, suteikia jam modernumo ir sukuria maloni\u0105 atmosfer\u0105.<\/p>\n<p>\u0160is \u201eLazio\u201c kolekcijos veidrodis yra prabangos ir presti\u017eo sinonimas. Jo baltas blizgesys puikiai dera su auksiniais elementais, tod\u0117l jis idealiai tinka moderniam, eklekti\u0161kam, Hamptono ir prabangiam stiliui pritaikytam interjerui. Pastatytas svetain\u0117je ar valgomajame vir\u0161 didel\u0117s komodos, jis taps dekoratyviniu akcentu, pabr\u0117\u017eian\u010diu apgalvot\u0105 i\u0161d\u0117stymo pob\u016bd\u012f.<\/p>\n<p>Su \u201eLazio\u201c veidrod\u017eiu suteikite savo interjerui nauj\u0105 dimensij\u0105. Tvirta laminuotos med\u017eio dro\u017eli\u0173 plok\u0161t\u0117s ir MDF konstrukcija garantuoja patvarum\u0105 ir auk\u0161t\u0105 kokyb\u0119, o subtilus LED ap\u0161vietimas sukuria \u0161ilt\u0105 ir jauki\u0105 atmosfer\u0105. \u201eLazio\u201c veidrodis yra ne tik funkcionalus baldas, bet ir tikra bet kuri\u0173 eleganti\u0161k\u0173 nam\u0173 puo\u0161mena.<\/p>","protected":false},"excerpt":{"rendered":"<p>Plotis (cm): 155<br \/>\n\u016agis (cm): 80<br \/>\nGylis (cm): 3,8<\/p>","protected":false},"featured_media":162948,"comment_status":"open","ping_status":"open","template":"","meta":[],"product_brand":[],"product_cat":[9485,4107,1108],"product_tag":[],"class_list":{"0":"post-162947","1":"product","2":"type-product","3":"status-publish","4":"has-post-thumbnail","6":"product_cat-furniture-system-lazio-wojcik-meble","7":"product_cat-meble-wojcik","8":"product_cat-mirrors","10":"first","11":"instock","12":"purchasable","13":"product-type-simple"},"_links":{"self":[{"href":"https:\/\/baldumarket.lt\/lt\/wp-json\/wp\/v2\/product\/162947","targetHints":{"allow":["GET"]}}],"collection":[{"href":"https:\/\/baldumarket.lt\/lt\/wp-json\/wp\/v2\/product"}],"about":[{"href":"https:\/\/baldumarket.lt\/lt\/wp-json\/wp\/v2\/types\/product"}],"replies":[{"embeddable":true,"href":"https:\/\/baldumarket.lt\/lt\/wp-json\/wp\/v2\/comments?post=162947"}],"wp:featuredmedia":[{"embeddable":true,"href":"https:\/\/baldumarket.lt\/lt\/wp-json\/wp\/v2\/media\/162948"}],"wp:attachment":[{"href":"https:\/\/baldumarket.lt\/lt\/wp-json\/wp\/v2\/media?parent=162947"}],"wp:term":[{"taxonomy":"product_brand","embeddable":true,"href":"https:\/\/baldumarket.lt\/lt\/wp-json\/wp\/v2\/product_brand?post=162947"},{"taxonomy":"product_cat","embeddable":true,"href":"https:\/\/baldumarket.lt\/lt\/wp-json\/wp\/v2\/product_cat?post=162947"},{"taxonomy":"product_tag","embeddable":true,"href":"https:\/\/baldumarket.lt\/lt\/wp-json\/wp\/v2\/product_tag?post=162947"}],"curies":[{"name":"wp","href":"https:\/\/api.w.org\/{rel}","templated":true}]}}