{"id":162943,"date":"2025-12-19T12:31:46","date_gmt":"2025-12-19T09:31:46","guid":{"rendered":"https:\/\/baldumarket.lt\/product\/lazio-lazk03-komoda-4d2s-z-oswietleniem-led-bialy-alpejski-bialy-polysk-zloty\/"},"modified":"2026-04-06T19:19:24","modified_gmt":"2026-04-06T16:19:24","slug":"lazio-lazk03-komoda-4d2s-z-oswietleniem-led-bialy-alpejski-bialy-polysk-zloty","status":"publish","type":"product","link":"https:\/\/baldumarket.lt\/lt\/product\/lazio-lazk03-komoda-4d2s-z-oswietleniem-led-bialy-alpejski-bialy-polysk-zloty\/","title":{"rendered":"Lazio LAZK03 \u2013 4D2S komoda su LED ap\u0161vietimu, Alpi\u0173 balta\/blizgi balta\/auksin\u0117"},"content":{"rendered":"<p>\u201eLazio LAZK03\u201c indauja derina modern\u0173 elegancij\u0105 ir funkcionalum\u0105, tod\u0117l puikiai tinka bet kuriam erdviam valgomajam ar svetainei. Ry\u0161ki blizgi balta apdaila suteikia ak\u012f traukian\u010dio dizaino prabangos bet kokiam interjerui. Subtil\u016bs auksiniai akcentai ant ranken\u0173 ir kojeli\u0173 sukuria unikal\u0173, vienetin\u012f stili\u0173, kuris dera prie \u012fvairi\u0173 interjer\u0173 \u2013 nuo prabangi\u0173 iki eklekti\u0161k\u0173.<\/p>\n<p>Kiekvienas interjeras yra vertingesnis, kai yra ir gra\u017eus, ir funkcionalus. \u201eLazio\u201c indauja d\u0117l gerai apgalvoto dizaino si\u016blo daug vietos daiktams susid\u0117ti. Keturios durys su tyliais vyriais ir du pilno i\u0161traukimo stal\u010diai suteikia patogi\u0105 prieig\u0105 prie laikom\u0173 daikt\u0173. Tai puikus sprendimas tiems, kurie vertina tvark\u0105 ir prakti\u0161kum\u0105 kasdieniame naudojime.<\/p>\n<p>\u0160i stilinga indauja pagaminta i\u0161 auk\u0161tos kokyb\u0117s med\u017eiag\u0173, toki\u0173 kaip laminuota med\u017eio dro\u017eli\u0173 plok\u0161t\u0117 ir MDF. Patvari ir atspari pa\u017eeidimams konstrukcija u\u017etikrina ilgalaik\u012f naudojim\u0105. Baltas korpusas ir blizgiai balti fasadai sukuria harmoning\u0105 derin\u012f, kuris ap\u0161vies bet kok\u012f interjer\u0105, suteikdamas gaivumo ir elegancijos.<\/p>\n<p>Unikali \u201eLazio\u201c indauja \u2013 modernus TREND LED juostos ap\u0161vietimas. Tai ne tik suteikia baldui stilingumo, bet ir sukuria jauki\u0105 atmosfer\u0105 kambaryje. Tai puikus pasirinkimas ie\u0161kantiems jaukaus, bet kartu ir rafinuoto interjero. Indauja idealiai tinka tiek modernioms svetain\u0117ms, tiek valgomiesiems, pabr\u0117\u017eiant j\u0173 unikal\u0173 charakter\u012f.<\/p>","protected":false},"excerpt":{"rendered":"<p>Plotis (cm): 200,3<br \/>\n\u016agis (cm): 87,3<br \/>\nGylis (cm): 40<\/p>","protected":false},"featured_media":162944,"comment_status":"open","ping_status":"open","template":"","meta":[],"product_brand":[],"product_cat":[9485,1173,4107],"product_tag":[],"class_list":{"0":"post-162943","1":"product","2":"type-product","3":"status-publish","4":"has-post-thumbnail","6":"product_cat-furniture-system-lazio-wojcik-meble","7":"product_cat-chests-of-drawers","8":"product_cat-meble-wojcik","10":"first","11":"instock","12":"purchasable","13":"product-type-simple"},"_links":{"self":[{"href":"https:\/\/baldumarket.lt\/lt\/wp-json\/wp\/v2\/product\/162943","targetHints":{"allow":["GET"]}}],"collection":[{"href":"https:\/\/baldumarket.lt\/lt\/wp-json\/wp\/v2\/product"}],"about":[{"href":"https:\/\/baldumarket.lt\/lt\/wp-json\/wp\/v2\/types\/product"}],"replies":[{"embeddable":true,"href":"https:\/\/baldumarket.lt\/lt\/wp-json\/wp\/v2\/comments?post=162943"}],"wp:featuredmedia":[{"embeddable":true,"href":"https:\/\/baldumarket.lt\/lt\/wp-json\/wp\/v2\/media\/162944"}],"wp:attachment":[{"href":"https:\/\/baldumarket.lt\/lt\/wp-json\/wp\/v2\/media?parent=162943"}],"wp:term":[{"taxonomy":"product_brand","embeddable":true,"href":"https:\/\/baldumarket.lt\/lt\/wp-json\/wp\/v2\/product_brand?post=162943"},{"taxonomy":"product_cat","embeddable":true,"href":"https:\/\/baldumarket.lt\/lt\/wp-json\/wp\/v2\/product_cat?post=162943"},{"taxonomy":"product_tag","embeddable":true,"href":"https:\/\/baldumarket.lt\/lt\/wp-json\/wp\/v2\/product_tag?post=162943"}],"curies":[{"name":"wp","href":"https:\/\/api.w.org\/{rel}","templated":true}]}}