{"id":162939,"date":"2025-12-19T12:31:38","date_gmt":"2025-12-19T09:31:38","guid":{"rendered":"https:\/\/baldumarket.lt\/product\/lazio-lazk01-komoda-2-drzwiowa-z-oswietleniem-led-biala-alpejska-bialy-polysk\/"},"modified":"2026-04-06T19:19:14","modified_gmt":"2026-04-06T16:19:14","slug":"lazio-lazk01-komoda-2-drzwiowa-z-oswietleniem-led-biala-alpejska-bialy-polysk","status":"publish","type":"product","link":"https:\/\/baldumarket.lt\/lt\/product\/lazio-lazk01-komoda-2-drzwiowa-z-oswietleniem-led-biala-alpejska-bialy-polysk\/","title":{"rendered":"Lazio LAZK01 \u2013 2 dur\u0173 komoda su LED ap\u0161vietimu, Alpi\u0173 balta\/blizgi balta"},"content":{"rendered":"<p>\u201eLazio\u201c indauja \u2013 puikus sprendimas vertinantiems modern\u0173 ir minimalistin\u012f interjero dizain\u0105. Blizgios baltos spalvos fasadai kartu su auksiniais akcentais sukuria modern\u0173, ta\u010diau eleganti\u0161k\u0105 vaizd\u0105, kuris puikiai papildo svetain\u0119 ar valgom\u0105j\u012f. \u0160is baldas lengvai pabr\u0117\u0161 prabang\u0173 j\u016bs\u0173 interjero charakter\u012f.<\/p>\n<p>Nuostabus baltos ir blizgios spalvos derinys su subtiliais aukso akcentais suteikia \u0161iai komodai unikal\u0173 stili\u0173. \u201eLazio\u201c komoda sukurta tapti bet kurio kambario traukos centru. Jos konstrukcijai panaudotos auk\u0161tos kokyb\u0117s MDF ir laminuotos med\u017eio dro\u017eli\u0173 plok\u0161t\u0117s, u\u017etikrinan\u010dios patvarum\u0105 ir estetin\u012f patrauklum\u0105.<\/p>\n<p>Prakti\u0161kos, erdvios lentynos suteikia daug vietos daiktams susid\u0117ti, o eleganti\u0161kos aukso spalvos metalin\u0117s rankenos ir kojel\u0117s dar labiau sustiprina modern\u0173 baldo charakter\u012f. \u012emontuotas strukt\u016brinis LED ap\u0161vietimas (TREND LED juostel\u0117) suteikia jam unikalaus \u017eavesio ir dar prabangesn\u0117s i\u0161vaizdos.<\/p>\n<p>\u201eLazio\u201c indauja yra ne\u012ftik\u0117tinai universali ir gali b\u016bti naudojama tiek erdviose svetain\u0117se, tiek ma\u017eesn\u0117se erdv\u0117se. Kruop\u0161\u010diai parinktos spalvos ir paprastos formos puikiai tinka tiek prabangiam, tiek modernesniam interjerui. Blizgantys balti fasadai sukuria puik\u0173 fon\u0105 kitiems dekoratyviniams elementams.<\/p>\n<p>Komodos plotis \u2013 110,4 cm, auk\u0161tis \u2013 87,3 cm, o gylis \u2013 40 cm, tod\u0117l ji tinka tiek didesniems, tiek ma\u017eesniems kambariams. Pasirinkdami \u201eLazio\u201c komod\u0105, investuojate \u012f stili\u0173, funkcionalum\u0105 ir modern\u0173 dizain\u0105, kuris prad\u017eiugins kiekvien\u0105 j\u016bs\u0173 nam\u0173 sve\u010di\u0105.<\/p>","protected":false},"excerpt":{"rendered":"<p>Plotis (cm): 110,4<br \/>\n\u016agis (cm): 87,3<br \/>\nGylis (cm): 40<\/p>","protected":false},"featured_media":162940,"comment_status":"open","ping_status":"open","template":"","meta":[],"product_brand":[],"product_cat":[9485,1173,4107],"product_tag":[],"class_list":{"0":"post-162939","1":"product","2":"type-product","3":"status-publish","4":"has-post-thumbnail","6":"product_cat-furniture-system-lazio-wojcik-meble","7":"product_cat-chests-of-drawers","8":"product_cat-meble-wojcik","10":"first","11":"instock","12":"purchasable","13":"product-type-simple"},"_links":{"self":[{"href":"https:\/\/baldumarket.lt\/lt\/wp-json\/wp\/v2\/product\/162939","targetHints":{"allow":["GET"]}}],"collection":[{"href":"https:\/\/baldumarket.lt\/lt\/wp-json\/wp\/v2\/product"}],"about":[{"href":"https:\/\/baldumarket.lt\/lt\/wp-json\/wp\/v2\/types\/product"}],"replies":[{"embeddable":true,"href":"https:\/\/baldumarket.lt\/lt\/wp-json\/wp\/v2\/comments?post=162939"}],"wp:featuredmedia":[{"embeddable":true,"href":"https:\/\/baldumarket.lt\/lt\/wp-json\/wp\/v2\/media\/162940"}],"wp:attachment":[{"href":"https:\/\/baldumarket.lt\/lt\/wp-json\/wp\/v2\/media?parent=162939"}],"wp:term":[{"taxonomy":"product_brand","embeddable":true,"href":"https:\/\/baldumarket.lt\/lt\/wp-json\/wp\/v2\/product_brand?post=162939"},{"taxonomy":"product_cat","embeddable":true,"href":"https:\/\/baldumarket.lt\/lt\/wp-json\/wp\/v2\/product_cat?post=162939"},{"taxonomy":"product_tag","embeddable":true,"href":"https:\/\/baldumarket.lt\/lt\/wp-json\/wp\/v2\/product_tag?post=162939"}],"curies":[{"name":"wp","href":"https:\/\/api.w.org\/{rel}","templated":true}]}}