{"id":162935,"date":"2025-12-19T12:31:30","date_gmt":"2025-12-19T09:31:30","guid":{"rendered":"https:\/\/baldumarket.lt\/product\/lazio-lazk02-komoda-2d4s-z-oswietleniem-led-bialy-alpejski-bialy-polysk-zloty\/"},"modified":"2026-04-06T19:19:14","modified_gmt":"2026-04-06T16:19:14","slug":"lazio-lazk02-komoda-2d4s-z-oswietleniem-led-bialy-alpejski-bialy-polysk-zloty","status":"publish","type":"product","link":"https:\/\/baldumarket.lt\/lt\/product\/lazio-lazk02-komoda-2d4s-z-oswietleniem-led-bialy-alpejski-bialy-polysk-zloty\/","title":{"rendered":"Lazio LAZK02 \u2013 2D4S komoda su LED ap\u0161vietimu, Alpi\u0173 balta\/blizgi balta\/auksin\u0117"},"content":{"rendered":"<p>Elegancija ir funkcionalumas susijungia viename balde \u2013 \u201eLazio LAZK02\u201c komodoje. Pagaminta i\u0161 auk\u0161\u010diausios kokyb\u0117s med\u017eiag\u0173, \u0161i balta komoda traukia d\u0117mes\u012f blizgia apdaila ir subtiliomis aukso atspalvio detal\u0117mis, suteikdama prabangos. Ji puikiai tiks erdv\u0117se, kuriose svarbus modernus, bet eleganti\u0161kas vaizdas.<\/p>\n<p>\u201eLazio\u201c kolekcija puikiai tinka tiems, kurie vertina interjero dizain\u0105 su \u017eavesiu. Dviej\u0173 dur\u0173 komoda turi \u0161velniai u\u017esidaran\u010dius vyrius, u\u017etikrinan\u010dius komfort\u0105 ir triuk\u0161mo slopinim\u0105. Keturi funkcional\u016bs stal\u010diai, pritvirtinti prie rutulini\u0173 guoli\u0173 b\u0117geli\u0173, leid\u017eia juos visi\u0161kai i\u0161traukti, taip suteikiant prieig\u0105 prie viso turinio.<\/p>\n<p>LED juostel\u0117s suteikia baldui modernumo, pabr\u0117\u017edamos minimalistin\u012f dizain\u0105. Stilingos aukso spalvos ranken\u0117l\u0117s dera su auk\u0161tomis metalin\u0117mis kojel\u0117mis, tod\u0117l komoda yra ne tik eleganti\u0161ka, bet ir stabili bei patvari. \u0160i universali komoda dera prie eklekti\u0161ko, modernaus ir klasikinio stiliaus interjero, sustiprindama dizaino estetin\u012f patrauklum\u0105.<\/p>\n<p>Matin\u0117s Alpi\u0173 baltos spalvos ir blizgi\u0173 element\u0173 derinys \u201eLazio\u201c indauja ne tik suteikia interjerui lengvumo, bet ir vizualiai j\u012f padidina. Auksin\u0117s detal\u0117s traukia ak\u012f ir suteikia prabangos. \u0160is baldas puikiai tiks tiek svetain\u0117je, tiek valgomajame, tapdamas traukos centru.<\/p>\n<p>\u201eLazio\u201c indauja yra daugiau nei tik prakti\u0161kas daiktad\u0117\u017e\u0117s elementas \u2013 ji pagerina interjero stili\u0173 ir elegancij\u0105. D\u0117l apgalvoto dizaino ir kokybi\u0161kos gamybos \u0161i indauja papildys bet kuriuos namus, si\u016blydama auk\u0161\u010diausio lygio estetik\u0105 ir funkcionalum\u0105.<\/p>","protected":false},"excerpt":{"rendered":"<p>Plotis (cm): 155,3<br \/>\n\u016agis (cm): 87,3<br \/>\nGylis (cm): 40<\/p>","protected":false},"featured_media":162936,"comment_status":"open","ping_status":"open","template":"","meta":[],"product_brand":[],"product_cat":[9485,1173,4107],"product_tag":[],"class_list":{"0":"post-162935","1":"product","2":"type-product","3":"status-publish","4":"has-post-thumbnail","6":"product_cat-furniture-system-lazio-wojcik-meble","7":"product_cat-chests-of-drawers","8":"product_cat-meble-wojcik","10":"first","11":"instock","12":"purchasable","13":"product-type-simple"},"_links":{"self":[{"href":"https:\/\/baldumarket.lt\/lt\/wp-json\/wp\/v2\/product\/162935","targetHints":{"allow":["GET"]}}],"collection":[{"href":"https:\/\/baldumarket.lt\/lt\/wp-json\/wp\/v2\/product"}],"about":[{"href":"https:\/\/baldumarket.lt\/lt\/wp-json\/wp\/v2\/types\/product"}],"replies":[{"embeddable":true,"href":"https:\/\/baldumarket.lt\/lt\/wp-json\/wp\/v2\/comments?post=162935"}],"wp:featuredmedia":[{"embeddable":true,"href":"https:\/\/baldumarket.lt\/lt\/wp-json\/wp\/v2\/media\/162936"}],"wp:attachment":[{"href":"https:\/\/baldumarket.lt\/lt\/wp-json\/wp\/v2\/media?parent=162935"}],"wp:term":[{"taxonomy":"product_brand","embeddable":true,"href":"https:\/\/baldumarket.lt\/lt\/wp-json\/wp\/v2\/product_brand?post=162935"},{"taxonomy":"product_cat","embeddable":true,"href":"https:\/\/baldumarket.lt\/lt\/wp-json\/wp\/v2\/product_cat?post=162935"},{"taxonomy":"product_tag","embeddable":true,"href":"https:\/\/baldumarket.lt\/lt\/wp-json\/wp\/v2\/product_tag?post=162935"}],"curies":[{"name":"wp","href":"https:\/\/api.w.org\/{rel}","templated":true}]}}