{"id":162931,"date":"2025-12-19T12:31:22","date_gmt":"2025-12-19T09:31:22","guid":{"rendered":"https:\/\/baldumarket.lt\/product\/cortado-crtt14-lawostol-lawa-rozkladana-biel-alpejska\/"},"modified":"2026-04-06T18:43:17","modified_gmt":"2026-04-06T15:43:17","slug":"cortado-crtt14-lawostol-lawa-rozkladana-biel-alpejska","status":"publish","type":"product","link":"https:\/\/baldumarket.lt\/lt\/product\/cortado-crtt14-lawostol-lawa-rozkladana-biel-alpejska\/","title":{"rendered":"Cortado CRTT14 \u2013 Suoliukas, I\u0161traukiamas Suoliukas, Alpi\u0173 Baltumo"},"content":{"rendered":"<p>Atraskite i\u0161skirtin\u012f komfort\u0105 ir elegancij\u0105 su \u201eCortado CRTT14\u201c \u2013 Alpi\u0173 baltumo kavos staliuku. Idealiai tinkantis ma\u017eoms gyvenamosioms erdv\u0117ms, jis pasi\u017eymi funkcionalumu ir stiliumi, b\u016bdingu bet kokiam moderniam interjerui. Minimalistinis, ta\u010diau nesenstantis dizainas puikiai tinka bet kokiam interjero stiliui \u2013 nuo industrinio iki jaukaus bohemi\u0161ko.<\/p>\n<p>Kai tr\u016bksta vietos, \u201eCortado CRTT14\u201c pakyla \u012f prog\u0105. D\u0117l savo universalumo jis kasdien tarnauja kaip \u017eemas kavos staliukas, puikiai tinkantis popiet\u0117s kavai ar pokalbiams su artimaisiais. Prireikus lengvai naudojamas sinchroninis stumdymo mechanizmas paver\u010dia j\u012f visaver\u010diu stalu. Tai puikus sprendimas tiems, kurie vertina ir estetik\u0105, ir prakti\u0161kum\u0105.<\/p>\n<p>\u0160is kavos staliukas yra ne tik baldas, bet ir j\u016bs\u0173 gyvenamosios erdv\u0117s \u0161irdis. Pagamintas i\u0161 laminuotos med\u017eio dro\u017eli\u0173 plok\u0161t\u0117s, jis derina patvarum\u0105 ir eleganti\u0161k\u0105 i\u0161vaizd\u0105. Alpi\u0173 balta spalva suteikia interjerui lengvumo, pabr\u0117\u017eiant modern\u0173 dizaino charakter\u012f. I\u0161traukiamas staliukas idealiai tinka tiek kasdieniam naudojimui, tiek \u0161eimos susib\u016brimams ar vakar\u0117liams su draugais.<\/p>\n<p>D\u0117l harmoningo dizaino \u201eCortado CRTT14\u201c puikiai dera prie \u012fvairi\u0173 interjero stili\u0173 \u2013 nuo grie\u017et\u0173, industrini\u0173 atspalvi\u0173 iki madingo japoni\u0161ko ir jaukaus skandinavi\u0161ko minimalizmo. I\u0161skirtinis formos paprastumas paver\u010dia \u0161\u012f bald\u0105 j\u016bs\u0173 dizaino vaizduotei, lengvai prisitaikan\u010diu prie kintan\u010di\u0173 tendencij\u0173 ir j\u016bs\u0173 pa\u010di\u0173 pageidavim\u0173.<\/p>\n<p>Jei ie\u0161kote baldo, kuris derint\u0173 elegancij\u0105, funkcionalum\u0105 ir patvarum\u0105, \u201eCortado CRTT14\u201c Alpi\u0173 baltos spalvos yra pasirinkimas, kuris pateisins visus j\u016bs\u0173 l\u016bkes\u010dius. Investuokite \u012f stiling\u0105 komfort\u0105 savo namams ir m\u0117gaukit\u0117s auk\u0161\u010diausiu komforto lygiu.<\/p>","protected":false},"excerpt":{"rendered":"<p>Plotis (cm): 110\u2013150<br \/>\n\u016agis (cm): 58,7\u201374,8<br \/>\nGylis (cm): 70<\/p>","protected":false},"featured_media":162932,"comment_status":"open","ping_status":"open","template":"","meta":[],"product_brand":[],"product_cat":[9476,866,4107],"product_tag":[],"class_list":{"0":"post-162931","1":"product","2":"type-product","3":"status-publish","4":"has-post-thumbnail","6":"product_cat-furniture-system-cortado-wojcik-meble","7":"product_cat-coffee-tables","8":"product_cat-meble-wojcik","10":"first","11":"instock","12":"purchasable","13":"product-type-simple"},"_links":{"self":[{"href":"https:\/\/baldumarket.lt\/lt\/wp-json\/wp\/v2\/product\/162931","targetHints":{"allow":["GET"]}}],"collection":[{"href":"https:\/\/baldumarket.lt\/lt\/wp-json\/wp\/v2\/product"}],"about":[{"href":"https:\/\/baldumarket.lt\/lt\/wp-json\/wp\/v2\/types\/product"}],"replies":[{"embeddable":true,"href":"https:\/\/baldumarket.lt\/lt\/wp-json\/wp\/v2\/comments?post=162931"}],"wp:featuredmedia":[{"embeddable":true,"href":"https:\/\/baldumarket.lt\/lt\/wp-json\/wp\/v2\/media\/162932"}],"wp:attachment":[{"href":"https:\/\/baldumarket.lt\/lt\/wp-json\/wp\/v2\/media?parent=162931"}],"wp:term":[{"taxonomy":"product_brand","embeddable":true,"href":"https:\/\/baldumarket.lt\/lt\/wp-json\/wp\/v2\/product_brand?post=162931"},{"taxonomy":"product_cat","embeddable":true,"href":"https:\/\/baldumarket.lt\/lt\/wp-json\/wp\/v2\/product_cat?post=162931"},{"taxonomy":"product_tag","embeddable":true,"href":"https:\/\/baldumarket.lt\/lt\/wp-json\/wp\/v2\/product_tag?post=162931"}],"curies":[{"name":"wp","href":"https:\/\/api.w.org\/{rel}","templated":true}]}}