{"id":162927,"date":"2025-12-19T12:31:14","date_gmt":"2025-12-19T09:31:14","guid":{"rendered":"https:\/\/baldumarket.lt\/product\/cortado-crtt14-lawostol-lawa-rozkladana-dab-viking\/"},"modified":"2026-04-06T18:43:17","modified_gmt":"2026-04-06T15:43:17","slug":"cortado-crtt14-lawostol-lawa-rozkladana-dab-viking","status":"publish","type":"product","link":"https:\/\/baldumarket.lt\/lt\/product\/cortado-crtt14-lawostol-lawa-rozkladana-dab-viking\/","title":{"rendered":"Cortado CRTT14 \u2013 Suoliukas, I\u0161traukiamas Kavos Staliukas, Viking Oak"},"content":{"rendered":"<p>Su \u201eMeble W\u00f3jcik\u201c kavos staliuku \u201eCortado CRTT14\u201c j\u016bs\u0173 interjere dera elegancija ir funkcionalumas. \u0160is pakeliamas stalas \u2013 puikus sprendimas ma\u017eoms erdv\u0117ms, kur svarbus kiekvienas centimetras. Intuityvaus sinchroninio stumdymo mechanizmo d\u0117ka j\u012f lengvai transformuosite i\u0161 \u017eemo suolo \u012f patog\u0173 stal\u0105, puikiai tinkant\u012f valgymui ir kavos susitikimams. \u0160is baldas prisitaiko prie j\u016bs\u0173 poreiki\u0173, u\u017etikrindamas komfort\u0105 ir elegancij\u0105 kasdieniam naudojimui.<\/p>\n<p>\u201eCortado CRTT14\u201c staliukas pasi\u017eymi nesenstan\u010diu, paprastu dizainu, kuris harmoningai \u012fsilies \u012f beveik bet kok\u012f interjer\u0105. Pagamintas i\u0161 laminuotos med\u017eio dro\u017eli\u0173 plok\u0161t\u0117s, jis yra keturi\u0173 eleganti\u0161k\u0173 spalv\u0173: \u201eArtisan Oak\u201c, \u201eCoast Evoke Oak\u201c, \u201eViking Oak\u201c ir \u201eAlpine White\u201c. D\u0117l savo universalaus stiliaus jis puikiai dera su \u012fvairi\u0173 tendencij\u0173 \u012fkv\u0117ptu dekoru \u2013 nuo minimalistinio iki industrinio, bohemi\u0161ko ar skandinavi\u0161ko. Su \u201eCortado CRTT14\u201c kavos staliuku galite lengvai sukurti \u0161ilt\u0105, jauk\u0173 interjer\u0105, kuris d\u017eiugins ak\u012f ilgus metus.<\/p>\n<p>Daugiafunkcionalumas yra vienas i\u0161 pagrindini\u0173 \u0161io baldo privalum\u0173. Paprastas naudojimas ir prakti\u0161kumas daro j\u012f idealiu sprendimu tiems, kurie vertina komfort\u0105 ir estetik\u0105. \u0160is stalas puikiai tinka tiek atsipalaiduoti su knyga, tiek m\u0117gautis \u0161eimos pietumis. D\u0117l sumanaus dizaino su pasl\u0117ptu papildomu stalvir\u0161iu jis yra universalus baldas, pritaikomas greitam funkcij\u0173 keitimui, priklausomai nuo akimirkos.<\/p>\n<p>Stalvir\u0161iui, kojoms ir r\u0117mui naudojama laminuota med\u017eio dro\u017eli\u0173 plok\u0161t\u0117 u\u017etikrina patvarum\u0105 ir lengv\u0105 valym\u0105. D\u0117l to \u201eCortado CRTT14\u201c kavos staliukas ne tik atrodo eleganti\u0161kai, bet ir yra atsparus kasdieniam naudojimui. Tai puikus pasirinkimas tiems, kurie nori derinti esteti\u0161kai patraukl\u0173 interjer\u0105 su prakti\u0161kais sprendimais, pritaikytais \u0161iuolaikiniam gyvenimo b\u016bdui.<\/p>","protected":false},"excerpt":{"rendered":"<p>Plotis (cm): 110\u2013150<br \/>\n\u016agis (cm): 58,7\u201374,8<br \/>\nGylis (cm): 70<\/p>","protected":false},"featured_media":162928,"comment_status":"open","ping_status":"open","template":"","meta":[],"product_brand":[],"product_cat":[9476,866,4107],"product_tag":[],"class_list":{"0":"post-162927","1":"product","2":"type-product","3":"status-publish","4":"has-post-thumbnail","6":"product_cat-furniture-system-cortado-wojcik-meble","7":"product_cat-coffee-tables","8":"product_cat-meble-wojcik","10":"first","11":"instock","12":"purchasable","13":"product-type-simple"},"_links":{"self":[{"href":"https:\/\/baldumarket.lt\/lt\/wp-json\/wp\/v2\/product\/162927","targetHints":{"allow":["GET"]}}],"collection":[{"href":"https:\/\/baldumarket.lt\/lt\/wp-json\/wp\/v2\/product"}],"about":[{"href":"https:\/\/baldumarket.lt\/lt\/wp-json\/wp\/v2\/types\/product"}],"replies":[{"embeddable":true,"href":"https:\/\/baldumarket.lt\/lt\/wp-json\/wp\/v2\/comments?post=162927"}],"wp:featuredmedia":[{"embeddable":true,"href":"https:\/\/baldumarket.lt\/lt\/wp-json\/wp\/v2\/media\/162928"}],"wp:attachment":[{"href":"https:\/\/baldumarket.lt\/lt\/wp-json\/wp\/v2\/media?parent=162927"}],"wp:term":[{"taxonomy":"product_brand","embeddable":true,"href":"https:\/\/baldumarket.lt\/lt\/wp-json\/wp\/v2\/product_brand?post=162927"},{"taxonomy":"product_cat","embeddable":true,"href":"https:\/\/baldumarket.lt\/lt\/wp-json\/wp\/v2\/product_cat?post=162927"},{"taxonomy":"product_tag","embeddable":true,"href":"https:\/\/baldumarket.lt\/lt\/wp-json\/wp\/v2\/product_tag?post=162927"}],"curies":[{"name":"wp","href":"https:\/\/api.w.org\/{rel}","templated":true}]}}