{"id":162923,"date":"2025-12-19T12:31:04","date_gmt":"2025-12-19T09:31:04","guid":{"rendered":"https:\/\/baldumarket.lt\/product\/cortado-crtt14-lawostol-lawa-rozkladana-dab-artisan\/"},"modified":"2026-04-06T18:43:07","modified_gmt":"2026-04-06T15:43:07","slug":"cortado-crtt14-lawostol-lawa-rozkladana-dab-artisan","status":"publish","type":"product","link":"https:\/\/baldumarket.lt\/lt\/product\/cortado-crtt14-lawostol-lawa-rozkladana-dab-artisan\/","title":{"rendered":"Cortado CRTT14 \u2013 Artisan \u0105\u017euolo i\u0161traukiamas kavos staliukas"},"content":{"rendered":"<p>\u201eMeble W\u00f3jcik\u201c kavos staliukas \u201eCortado CRTT14\u201c \u2013 puikus sprendimas ie\u0161kantiems funkcionali\u0173, bet eleganti\u0161k\u0173 svetain\u0117s bald\u0173. D\u0117l nesenstan\u010dio paprastumo ir universalaus dizaino jis puikiai tinka \u012fvairiems interjerams \u2013 nuo minimalistinio iki eklekti\u0161ko. Tai baldas, kuris ne tik d\u017eiugina ak\u012f, bet ir atitinka kasdienius naudotoj\u0173 poreikius.<\/p>\n<p>Vienas i\u0161 pagrindini\u0173 \u201eCortado\u201c kavos staliuko privalum\u0173 \u2013 i\u0161traukiamas stalvir\u0161is. D\u0117l sinchroninio slankiojimo mechanizmo jo stalvir\u0161\u012f galima greitai ir lengvai i\u0161pl\u0117sti. Tai puikus sprendimas ma\u017eoms erdv\u0117ms, kur didelis stalas gali b\u016bti per didelis kasdieniam naudojimui. Prireikus, pavyzd\u017eiui, atvykus sve\u010diams, stalvir\u0161\u012f galima lengvai prailginti, taip sukuriant papildomos vietos valgymui ar darbui.<\/p>\n<p>Pagamintas i\u0161 auk\u0161tos kokyb\u0117s laminuotos med\u017eio dro\u017eli\u0173 plok\u0161t\u0117s, kavos staliukas yra \u012fvairi\u0173 spalv\u0173, \u012fskaitant eleganti\u0161k\u0105 \u201eArtisan Oak\u201c spalv\u0105. Tvirtos kojel\u0117s ir laminuotos med\u017eio dro\u017eli\u0173 plok\u0161t\u0117s r\u0117mas u\u017etikrina patvarum\u0105 ir stabilum\u0105 neprarandant estetinio patrauklumo. Ilgaam\u017ei\u0161kumas ir lengvas valymas daro \u0161\u012f bald\u0105 patikimu bet kurios svetain\u0117s akcentu.<\/p>\n<p>Jo estetinis patrauklumas taip pat neabejotinas. Paprasta forma ir minimalistin\u0117 apdaila daro \u201eCortado\u201c puikiai tinkant\u012f moderniu, skandinavi\u0161ku, japoni\u0161ku, pramoniniu ar bohemi\u0161ku stiliumi dekoruotoms erdv\u0117ms. Tai lankstus dekoratyvinis elementas, galintis tapti \u012fvairi\u0173 i\u0161d\u0117stym\u0173 pagrindu, prisitaikant prie dabartini\u0173 tendencij\u0173 ir individualaus savininko skonio.<\/p>\n<p>\u201eCortado CRTT14\u201c \u2013 tai baldas, kuris ne tik pagerina kambario funkcionalum\u0105, bet ir sukuria unikali\u0105 atmosfer\u0105. Tai puikus pasirinkimas tiems, kurie vertina stiliaus ir prakti\u0161kumo derin\u012f viename eleganti\u0161kame sprendime.<\/p>","protected":false},"excerpt":{"rendered":"<p>Plotis (cm): 110\u2013150<br \/>\n\u016agis (cm): 58,7\u201374,8<br \/>\nGylis (cm): 70<\/p>","protected":false},"featured_media":162924,"comment_status":"open","ping_status":"open","template":"","meta":[],"product_brand":[],"product_cat":[9476,866,4107],"product_tag":[],"class_list":{"0":"post-162923","1":"product","2":"type-product","3":"status-publish","4":"has-post-thumbnail","6":"product_cat-furniture-system-cortado-wojcik-meble","7":"product_cat-coffee-tables","8":"product_cat-meble-wojcik","10":"first","11":"instock","12":"purchasable","13":"product-type-simple"},"_links":{"self":[{"href":"https:\/\/baldumarket.lt\/lt\/wp-json\/wp\/v2\/product\/162923","targetHints":{"allow":["GET"]}}],"collection":[{"href":"https:\/\/baldumarket.lt\/lt\/wp-json\/wp\/v2\/product"}],"about":[{"href":"https:\/\/baldumarket.lt\/lt\/wp-json\/wp\/v2\/types\/product"}],"replies":[{"embeddable":true,"href":"https:\/\/baldumarket.lt\/lt\/wp-json\/wp\/v2\/comments?post=162923"}],"wp:featuredmedia":[{"embeddable":true,"href":"https:\/\/baldumarket.lt\/lt\/wp-json\/wp\/v2\/media\/162924"}],"wp:attachment":[{"href":"https:\/\/baldumarket.lt\/lt\/wp-json\/wp\/v2\/media?parent=162923"}],"wp:term":[{"taxonomy":"product_brand","embeddable":true,"href":"https:\/\/baldumarket.lt\/lt\/wp-json\/wp\/v2\/product_brand?post=162923"},{"taxonomy":"product_cat","embeddable":true,"href":"https:\/\/baldumarket.lt\/lt\/wp-json\/wp\/v2\/product_cat?post=162923"},{"taxonomy":"product_tag","embeddable":true,"href":"https:\/\/baldumarket.lt\/lt\/wp-json\/wp\/v2\/product_tag?post=162923"}],"curies":[{"name":"wp","href":"https:\/\/api.w.org\/{rel}","templated":true}]}}