{"id":162919,"date":"2025-12-19T12:30:54","date_gmt":"2025-12-19T09:30:54","guid":{"rendered":"https:\/\/baldumarket.lt\/product\/cortado-crtt14-lawostol-lawa-rozkladana-dab-coast-evoke\/"},"modified":"2026-04-06T18:43:07","modified_gmt":"2026-04-06T15:43:07","slug":"cortado-crtt14-lawostol-lawa-rozkladana-dab-coast-evoke","status":"publish","type":"product","link":"https:\/\/baldumarket.lt\/lt\/product\/cortado-crtt14-lawostol-lawa-rozkladana-dab-coast-evoke\/","title":{"rendered":"Cortado CRTT14 \u2013 \u201eCoast Evoke\u201c \u0105\u017euolo spalvos i\u0161traukiamas kavos staliukas"},"content":{"rendered":"<p>Praskaidrinkite savo gyvenam\u0105j\u0105 erdv\u0119 su unikaliu \u201eMeble W\u00f3jcik\u201c kavos staliuku \u201eCortado CRTT14\u201c, kuris kiekvien\u0105 namuose praleist\u0105 akimirk\u0105 pavers patogia ir stilinga. \u0160is staliukas, derinantis elegancij\u0105 ir funkcionalum\u0105, puikiai tiks net ir ma\u017eiausiuose interjeruose, suteikdamas patogi\u0105 viet\u0105 atsipalaiduoti ir m\u0117gautis maistu su artimaisiais. Eleganti\u0161kas \u201eCoast Evoke\u201c \u0105\u017euolo dizainas suteikia erdvei \u0161ilumos ir jaukumo, tuo pa\u010diu i\u0161likdamas itin modernus.<\/p>\n<p>\u201eCortado CRTT14\u201c kavos staliukas pasi\u017eymi gerai apgalvotu dizainu, kuris kiekvien\u0105 dien\u0105 tarnauja kaip stilingas \u017eemas suoliukas. Puikiai tinkantis popiet\u0117s kavai ar rytinio laikra\u0161\u010dio skaitymui, \u0161is baldas gali b\u016bti greitai transformuojamas \u2013 tereikia panaudoti sinchronin\u012f stumdymo mechanizm\u0105, kad prailgintum\u0117te stal\u0105 ir atlaisvintum\u0117te daugiau naudingos erdv\u0117s. Paprastas ir intuityvus mechanizmas leid\u017eia juo lengvai naudotis net vienam asmeniui.<\/p>\n<p>Pagamintas i\u0161 auk\u0161tos kokyb\u0117s laminuotos med\u017eio dro\u017eli\u0173 plok\u0161t\u0117s, \u201eCortado CRTT14\u201c kavos staliukas yra patvarus ir atsparus kasdieniam naudojimui. D\u0117l nesenstan\u010dio paprasto dizaino ir prakti\u0161kos apdailos, kur\u012f galima \u012fsigyti keturi\u0173 spalv\u0173 \u2013 \u201eArtisan Oak\u201c, \u201eViking Oak\u201c ir \u201eAlpine White\u201c, jis dera prie \u012fvairi\u0173 interjero dizain\u0173. Nesvarbu, ar jums labiau patinka minimalistinis, modernus, skandinavi\u0161kas ar bohemi\u0161kas stilius, \u0161is baldas bus universalus bet kokio dekoro pagrindas.<\/p>\n<p>\u201eCortado CRTT14\u201c kavos staliukas taip pat yra idealus sprendimas nuolat besikei\u010dian\u010di\u0173 tendencij\u0173 m\u0117g\u0117jams. D\u0117l savo universalumo jis skland\u017eiai dera prie \u012fvairi\u0173 interjero stili\u0173 \u2013 nuo industrinio iki eklekti\u0161ko. Plotis nuo 110 iki 150 cm, auk\u0161tis nuo 58,7 iki 74,8 cm ir gylis iki 70 cm, tod\u0117l j\u012f galite lengvai pritaikyti savo poreikiams, sukurdami gra\u017ei\u0105 ir funkcionali\u0105 erdv\u0119.<\/p>\n<p>Pasirinkdami \u201eCortado CRTT14\u201c kavos staliuk\u0105, investuojate \u012f elegancij\u0105, funkcionalum\u0105 ir komfort\u0105. Jis kiekvien\u0105 akimirk\u0105 j\u016bs\u0173 namuose pavers ypatinga, o universalus dizainas ir gerai apgalvota konstrukcija paver\u010dia j\u012f baldu, kuris ilgai tarnaus jums, puikiai prisitaikydamas prie naujos aplinkos ir patenkindamas kintan\u010dius j\u016bs\u0173 nam\u0173 poreikius.<\/p>","protected":false},"excerpt":{"rendered":"<p>Plotis (cm): 110\u2013150<br \/>\n\u016agis (cm): 58,7\u201374,8<br \/>\nGylis (cm): 70<\/p>","protected":false},"featured_media":162920,"comment_status":"open","ping_status":"open","template":"","meta":[],"product_brand":[],"product_cat":[9476,866,4107],"product_tag":[],"class_list":{"0":"post-162919","1":"product","2":"type-product","3":"status-publish","4":"has-post-thumbnail","6":"product_cat-furniture-system-cortado-wojcik-meble","7":"product_cat-coffee-tables","8":"product_cat-meble-wojcik","10":"first","11":"instock","12":"purchasable","13":"product-type-simple"},"_links":{"self":[{"href":"https:\/\/baldumarket.lt\/lt\/wp-json\/wp\/v2\/product\/162919","targetHints":{"allow":["GET"]}}],"collection":[{"href":"https:\/\/baldumarket.lt\/lt\/wp-json\/wp\/v2\/product"}],"about":[{"href":"https:\/\/baldumarket.lt\/lt\/wp-json\/wp\/v2\/types\/product"}],"replies":[{"embeddable":true,"href":"https:\/\/baldumarket.lt\/lt\/wp-json\/wp\/v2\/comments?post=162919"}],"wp:featuredmedia":[{"embeddable":true,"href":"https:\/\/baldumarket.lt\/lt\/wp-json\/wp\/v2\/media\/162920"}],"wp:attachment":[{"href":"https:\/\/baldumarket.lt\/lt\/wp-json\/wp\/v2\/media?parent=162919"}],"wp:term":[{"taxonomy":"product_brand","embeddable":true,"href":"https:\/\/baldumarket.lt\/lt\/wp-json\/wp\/v2\/product_brand?post=162919"},{"taxonomy":"product_cat","embeddable":true,"href":"https:\/\/baldumarket.lt\/lt\/wp-json\/wp\/v2\/product_cat?post=162919"},{"taxonomy":"product_tag","embeddable":true,"href":"https:\/\/baldumarket.lt\/lt\/wp-json\/wp\/v2\/product_tag?post=162919"}],"curies":[{"name":"wp","href":"https:\/\/api.w.org\/{rel}","templated":true}]}}