{"id":162915,"date":"2025-12-19T12:30:46","date_gmt":"2025-12-19T09:30:46","guid":{"rendered":"https:\/\/baldumarket.lt\/product\/cortado-crtt07-lawostol-lawa-rozkladana-biel-alpejska\/"},"modified":"2026-04-06T18:43:07","modified_gmt":"2026-04-06T15:43:07","slug":"cortado-crtt07-lawostol-lawa-rozkladana-biel-alpejska","status":"publish","type":"product","link":"https:\/\/baldumarket.lt\/lt\/product\/cortado-crtt07-lawostol-lawa-rozkladana-biel-alpejska\/","title":{"rendered":"Cortado CRTT07 \u2013 Suoliukas, I\u0161traukiamas Suoliukas, Alpi\u0173 Baltumo"},"content":{"rendered":"<p>\u201eCortado CRTT07\u201c i\u0161traukiamas kavos staliukas yra tikras perlas visiems, vertinantiems modernios estetikos ir prakti\u0161ko dizaino derin\u012f. Eleganti\u0161ko Alpi\u0173 baltumo atspalvio apdaila leis \u0161iam baldui skland\u017eiai \u012fsilieti \u012f \u012fvairius interjero dizainus, suteikdama gaivumo ir erdvumo poj\u016bt\u012f. Paprastas, bet stilingas siluetas daro j\u012f funkcionaliu ir vizualiai patraukliu pasirinkimu.<\/p>\n<p>\u201eCortado CRTT07\u201c i\u0161traukiamas kavos staliukas buvo sukurtas galvojant apie maksimal\u0173 kasdien\u012f pritaikym\u0105. D\u0117l pakeliamo stalvir\u0161io jis tarnauja kaip \u017eemas kavos staliukas, puikiai tinkantis pastatyti \u0161alia sofos svetain\u0117je. Prireikus stalvir\u0161\u012f galima pakelti, kad b\u016bt\u0173 sukurtas patogus valgomojo stalas, prie kurio sve\u010diai gal\u0117t\u0173 patogiai sutalpinti bendrus pietus. \u0160is sprendimas ypa\u010d vertingas ma\u017eose erdv\u0117se, pavyzd\u017eiui, studijose ar apartamentuose.<\/p>\n<p>Pagamintas i\u0161 patvarios laminuotos med\u017eio dro\u017eli\u0173 plok\u0161t\u0117s, \u201eCortado\u201c kavos staliukas yra labai atsparus kasdieniam naudojimui. Modernus dizainas ir tvirta konstrukcija garantuoja ilgaam\u017ei\u0161kum\u0105 ir naudotoj\u0173 pasitenkinim\u0105. Prakti\u0161ka lentyna, diskreti\u0161kai \u012frengta po stalvir\u0161iu, padidina daikt\u0173 laikymo talp\u0105 ir papildo \u0161io baldo funkcionalum\u0105.<\/p>\n<p>\u201eCortado CRTT07\u201c kavos staliuko dizainas puikiai dera prie \u012fvairi\u0173 interjero stili\u0173 \u2013 nuo minimalistinio iki skandinavi\u0161ko ir eklekti\u0161ko. Neutrali Alpi\u0173 balta spalva ir kit\u0173 medienos atspalvi\u0173 (\u201eArtisan Oak\u201c, \u201eViking Oak\u201c ir \u201eCoast Evoke Oak\u201c) pasirinkimas leid\u017eia lengvai integruoti staliuk\u0105 \u012f esam\u0105 interjer\u0105. Tegul \u0161is kavos staliukas tampa j\u016bs\u0173 svetain\u0117s traukos centru, derinan\u010diu elegancij\u0105 ir funkcionalum\u0105.<\/p>","protected":false},"excerpt":{"rendered":"<p>Plotis (cm): 110<br \/>\n\u016agis (cm): 55\u201373<br \/>\nGylis (cm): 65<\/p>","protected":false},"featured_media":162916,"comment_status":"open","ping_status":"open","template":"","meta":[],"product_brand":[],"product_cat":[9476,866,4107],"product_tag":[],"class_list":{"0":"post-162915","1":"product","2":"type-product","3":"status-publish","4":"has-post-thumbnail","6":"product_cat-furniture-system-cortado-wojcik-meble","7":"product_cat-coffee-tables","8":"product_cat-meble-wojcik","10":"first","11":"instock","12":"purchasable","13":"product-type-simple"},"_links":{"self":[{"href":"https:\/\/baldumarket.lt\/lt\/wp-json\/wp\/v2\/product\/162915","targetHints":{"allow":["GET"]}}],"collection":[{"href":"https:\/\/baldumarket.lt\/lt\/wp-json\/wp\/v2\/product"}],"about":[{"href":"https:\/\/baldumarket.lt\/lt\/wp-json\/wp\/v2\/types\/product"}],"replies":[{"embeddable":true,"href":"https:\/\/baldumarket.lt\/lt\/wp-json\/wp\/v2\/comments?post=162915"}],"wp:featuredmedia":[{"embeddable":true,"href":"https:\/\/baldumarket.lt\/lt\/wp-json\/wp\/v2\/media\/162916"}],"wp:attachment":[{"href":"https:\/\/baldumarket.lt\/lt\/wp-json\/wp\/v2\/media?parent=162915"}],"wp:term":[{"taxonomy":"product_brand","embeddable":true,"href":"https:\/\/baldumarket.lt\/lt\/wp-json\/wp\/v2\/product_brand?post=162915"},{"taxonomy":"product_cat","embeddable":true,"href":"https:\/\/baldumarket.lt\/lt\/wp-json\/wp\/v2\/product_cat?post=162915"},{"taxonomy":"product_tag","embeddable":true,"href":"https:\/\/baldumarket.lt\/lt\/wp-json\/wp\/v2\/product_tag?post=162915"}],"curies":[{"name":"wp","href":"https:\/\/api.w.org\/{rel}","templated":true}]}}