{"id":162911,"date":"2025-12-19T12:30:38","date_gmt":"2025-12-19T09:30:38","guid":{"rendered":"https:\/\/baldumarket.lt\/product\/cortado-crtt07-lawostol-lawa-rozkladana-dab-viking\/"},"modified":"2026-04-06T18:43:07","modified_gmt":"2026-04-06T15:43:07","slug":"cortado-crtt07-lawostol-lawa-rozkladana-dab-viking","status":"publish","type":"product","link":"https:\/\/baldumarket.lt\/lt\/product\/cortado-crtt07-lawostol-lawa-rozkladana-dab-viking\/","title":{"rendered":"Cortado CRTT07 \u2013 Suoliukas, I\u0161traukiamas Kavos Staliukas, Viking Oak"},"content":{"rendered":"<p>J\u016bs\u0173 interjero komfortas labai priklauso nuo tinkam\u0173 bald\u0173 ir funkcini\u0173 sprendim\u0173. \u201eViking Oak\u201c apdailos pakeliamas kavos staliukas i\u0161 \u201eMeble W\u00f3jcik\u201c yra baldo, kuris ne tik puikiai atrodo, bet ir \u017eymiai pagerina j\u016bs\u0173 svetain\u0117s ar darbo kambario pritaikomum\u0105, pavyzdys. \u0160is kavos staliukas ypa\u010d rekomenduojamas studijoms ir apartamentams, kur svarbus kiekvienas erdv\u0117s centimetras.<\/p>\n<p>Paprastas, modernus stalo dizainas traukia ak\u012f ir suteikia interjerui elegancijos. D\u0117l pakeliamo stalvir\u0161io kavos staliukas puikiai funkcionuoja tiek kaip \u017eemas suoliukas \u0161alia sofos, tiek pakeltas kaip valgomojo stalas. \u0160is ne\u012ftik\u0117tinai prakti\u0161kas sprendimas leid\u017eia m\u0117gautis bendrais valgiais esteti\u0161kai patrauklioje aplinkoje, nereikalaujant dviej\u0173 atskir\u0173 bald\u0173.<\/p>\n<p>\u201eCortado CRTT07\u201c kavos staliukas pagamintas i\u0161 laminuotos med\u017eio dro\u017eli\u0173 plok\u0161t\u0117s, tod\u0117l yra patvarus ir lengvai valomas. \u0160is baldas, apdailintas Alpi\u0173 baltumo ir Viking\u0173 \u0105\u017euolo spalvomis, atrodo ne\u012ftik\u0117tinai stilingai ir nesenstan\u010diai. D\u0117l prislopint\u0173 spalv\u0173 jis lengvai integruojamas \u012f beveik bet kok\u012f interjer\u0105, nepriklausomai nuo stiliaus \u2013 nuo modernaus, minimalistinio, skandinavi\u0161ko iki eklekti\u0161kesni\u0173 i\u0161d\u0117stym\u0173.<\/p>\n<p>Diskreti\u0161kai i\u0161d\u0117styta lentyna yra dar vienas \u0161io baldo privalumas, padidinantis jo funkcionalum\u0105. Ji puikiai tinka knygoms, nuotolinio valdymo pultams ir kitiems smulkiems daiktams laikyti. 110 cm plo\u010dio ir 55\u201373 cm auk\u0161\u010dio stalas yra universalus ir pritaikomas individualiems poreikiams.<\/p>\n<p>Pabr\u0117\u017ekite savo svetain\u0117s elegancij\u0105 ir m\u0117gaukit\u0117s kasdieniu komfortu su \u0161iuo kavos staliuku su pakeliamu stalvir\u0161iu. \u0160is baldas ne tik patenkins visus j\u016bs\u0173 reikalavimus, bet ir suteiks j\u016bs\u0173 interjerui harmonijos bei elegancijos. Investuokite \u012f funkcionalum\u0105 ir estetik\u0105 vienu metu!<\/p>","protected":false},"excerpt":{"rendered":"<p>Plotis (cm): 110<br \/>\n\u016agis (cm): 55\u201373<br \/>\nGylis (cm): 65<\/p>","protected":false},"featured_media":162912,"comment_status":"open","ping_status":"open","template":"","meta":[],"product_brand":[],"product_cat":[9476,866,4107],"product_tag":[],"class_list":{"0":"post-162911","1":"product","2":"type-product","3":"status-publish","4":"has-post-thumbnail","6":"product_cat-furniture-system-cortado-wojcik-meble","7":"product_cat-coffee-tables","8":"product_cat-meble-wojcik","10":"first","11":"instock","12":"purchasable","13":"product-type-simple"},"_links":{"self":[{"href":"https:\/\/baldumarket.lt\/lt\/wp-json\/wp\/v2\/product\/162911","targetHints":{"allow":["GET"]}}],"collection":[{"href":"https:\/\/baldumarket.lt\/lt\/wp-json\/wp\/v2\/product"}],"about":[{"href":"https:\/\/baldumarket.lt\/lt\/wp-json\/wp\/v2\/types\/product"}],"replies":[{"embeddable":true,"href":"https:\/\/baldumarket.lt\/lt\/wp-json\/wp\/v2\/comments?post=162911"}],"wp:featuredmedia":[{"embeddable":true,"href":"https:\/\/baldumarket.lt\/lt\/wp-json\/wp\/v2\/media\/162912"}],"wp:attachment":[{"href":"https:\/\/baldumarket.lt\/lt\/wp-json\/wp\/v2\/media?parent=162911"}],"wp:term":[{"taxonomy":"product_brand","embeddable":true,"href":"https:\/\/baldumarket.lt\/lt\/wp-json\/wp\/v2\/product_brand?post=162911"},{"taxonomy":"product_cat","embeddable":true,"href":"https:\/\/baldumarket.lt\/lt\/wp-json\/wp\/v2\/product_cat?post=162911"},{"taxonomy":"product_tag","embeddable":true,"href":"https:\/\/baldumarket.lt\/lt\/wp-json\/wp\/v2\/product_tag?post=162911"}],"curies":[{"name":"wp","href":"https:\/\/api.w.org\/{rel}","templated":true}]}}