{"id":162907,"date":"2025-12-19T12:30:30","date_gmt":"2025-12-19T09:30:30","guid":{"rendered":"https:\/\/baldumarket.lt\/product\/cortado-crtt07-lawostol-lawa-rozkladana-dab-artisan\/"},"modified":"2026-04-06T18:43:07","modified_gmt":"2026-04-06T15:43:07","slug":"cortado-crtt07-lawostol-lawa-rozkladana-dab-artisan","status":"publish","type":"product","link":"https:\/\/baldumarket.lt\/lt\/product\/cortado-crtt07-lawostol-lawa-rozkladana-dab-artisan\/","title":{"rendered":"Cortado CRTT07 \u2013 Artisan \u0105\u017euolo i\u0161traukiamas kavos staliukas"},"content":{"rendered":"<p>Atraskite unikal\u0173 \u201eMeble W\u00f3jcik\u201c pakeliamo kavos staliuko \u201eCortado CRTT07\u201c stili\u0173 ir funkcionalum\u0105. \u0160is eleganti\u0161kas staliukas buvo sukurtas galvojant apie modern\u0173 interjer\u0105 ir puikiai tinka tiek ma\u017eesniems studijos tipo butams, tiek erdvioms svetain\u0117ms. Jo paprastumas ir nesenstantis dizainas, pagamintas i\u0161 Alpi\u0173 baltumo ir nat\u016bralaus \u0105\u017euolo (\u201eArtisan Oak\u201c, \u201eViking Oak\u201c ir \u201eCoast Evoke Oak\u201c), yra elegancijos ir funkcionalumo kvintesencija.<\/p>\n<p>Pakeliamas kavos staliukas \u201eCortado\u201c \u2013 ne\u012ftik\u0117tinai prakti\u0161kas sprendimas, apjungiantis kavos staliuko ir valgomojo stalo funkcijas. D\u0117l pakeliamo stalvir\u0161io \u0161is baldas gali tarnauti kaip \u017eemas kavos staliukas \u0161alia sofos, o pakelta \u2013 transformuojasi \u012f patog\u0173 valgomojo stal\u0105. \u0160is novatori\u0161kas sprendimas idealiai tinka kasdieniam naudojimui, u\u017etikrina komfort\u0105 ir estetik\u0105 valgio metu.<\/p>\n<p>Stalas pagamintas i\u0161 laminuotos med\u017eio dro\u017eli\u0173 plok\u0161t\u0117s, tod\u0117l yra patvarus ir lengvai valomas. Paprastas, modernus dizainas puikiai der\u0117s prie \u012fvairi\u0173 interjero stili\u0173 \u2013 nuo modernaus ir minimalistinio iki skandinavi\u0161ko, japoni\u0161ko, lofto, bohemi\u0161ko ir eklekti\u0161ko. \u0160is baldas yra ne tik esteti\u0161kai patrauklus, bet ir labai funkcionalus, nes diskreti\u0161kai i\u0161d\u0117styta lentyna padidina jo prakti\u0161kum\u0105.<\/p>\n<p>Sukurtas kruop\u0161\u010diai apgalvojus detales, \u201eCortado CRTT07\u201c kavos staliukas taps neatsiejama j\u016bs\u0173 svetain\u0117s dalimi. D\u0117l universalaus patrauklumo ir daugiafunkci\u0161kumo jis puikiai tinka tiems, kurie vertina gro\u017e\u012f ir prakti\u0161kum\u0105. 110 cm plo\u010dio, nuo 55 iki 73 cm auk\u0161\u010dio ir 65 cm gylio \u0161is baldas puikiai tinka tiek ma\u017eoms erdv\u0117ms, tiek didesn\u0117ms svetain\u0117ms.<\/p>","protected":false},"excerpt":{"rendered":"<p>Plotis (cm): 110<br \/>\n\u016agis (cm): 55\u201373<br \/>\nGylis (cm): 65<\/p>","protected":false},"featured_media":162908,"comment_status":"open","ping_status":"open","template":"","meta":[],"product_brand":[],"product_cat":[9476,866,4107],"product_tag":[],"class_list":{"0":"post-162907","1":"product","2":"type-product","3":"status-publish","4":"has-post-thumbnail","6":"product_cat-furniture-system-cortado-wojcik-meble","7":"product_cat-coffee-tables","8":"product_cat-meble-wojcik","10":"first","11":"instock","12":"purchasable","13":"product-type-simple"},"_links":{"self":[{"href":"https:\/\/baldumarket.lt\/lt\/wp-json\/wp\/v2\/product\/162907","targetHints":{"allow":["GET"]}}],"collection":[{"href":"https:\/\/baldumarket.lt\/lt\/wp-json\/wp\/v2\/product"}],"about":[{"href":"https:\/\/baldumarket.lt\/lt\/wp-json\/wp\/v2\/types\/product"}],"replies":[{"embeddable":true,"href":"https:\/\/baldumarket.lt\/lt\/wp-json\/wp\/v2\/comments?post=162907"}],"wp:featuredmedia":[{"embeddable":true,"href":"https:\/\/baldumarket.lt\/lt\/wp-json\/wp\/v2\/media\/162908"}],"wp:attachment":[{"href":"https:\/\/baldumarket.lt\/lt\/wp-json\/wp\/v2\/media?parent=162907"}],"wp:term":[{"taxonomy":"product_brand","embeddable":true,"href":"https:\/\/baldumarket.lt\/lt\/wp-json\/wp\/v2\/product_brand?post=162907"},{"taxonomy":"product_cat","embeddable":true,"href":"https:\/\/baldumarket.lt\/lt\/wp-json\/wp\/v2\/product_cat?post=162907"},{"taxonomy":"product_tag","embeddable":true,"href":"https:\/\/baldumarket.lt\/lt\/wp-json\/wp\/v2\/product_tag?post=162907"}],"curies":[{"name":"wp","href":"https:\/\/api.w.org\/{rel}","templated":true}]}}