{"id":162903,"date":"2025-12-19T12:30:22","date_gmt":"2025-12-19T09:30:22","guid":{"rendered":"https:\/\/baldumarket.lt\/product\/cortado-crtt07-lawostol-lawa-rozkladana-dab-coast-evoke\/"},"modified":"2026-04-06T18:43:07","modified_gmt":"2026-04-06T15:43:07","slug":"cortado-crtt07-lawostol-lawa-rozkladana-dab-coast-evoke","status":"publish","type":"product","link":"https:\/\/baldumarket.lt\/lt\/product\/cortado-crtt07-lawostol-lawa-rozkladana-dab-coast-evoke\/","title":{"rendered":"Cortado CRTT07 \u2013 \u201eCoast Evoke\u201c \u0105\u017euolo spalvos i\u0161traukiamas kavos staliukas"},"content":{"rendered":"<p>\u012ene\u0161kite \u012f savo interjer\u0105 nauj\u0105 komforto ir stiliaus dimensij\u0105 su garsaus \u201eMeble W\u00f3jcik\u201c prek\u0117s \u017eenklo \u201eCortado CRTT07\u201c pakeliamu stalu. \u0160is eleganti\u0161kas baldas, pasi\u017eymintis nesenstan\u010diu dizainu, puikiai derina estetik\u0105 ir funkcionalum\u0105, o rafinuotas dizainas puikiai tinka bet kokiai erdvei \u2013 nuo modernaus iki minimalistinio ar skandinavi\u0161ko stiliaus interjero.<\/p>\n<p>\u201eCortado CRTT07\u201c stalas pagamintas i\u0161 auk\u0161tos kokyb\u0117s laminuotos med\u017eio dro\u017eli\u0173 plok\u0161t\u0117s, u\u017etikrinan\u010dios patvarum\u0105 ir atsparum\u0105 pa\u017eeidimams. Alpi\u0173 baltumo apdaila suteikia interjerui gaivumo ir lengvumo poj\u016bt\u012f, o nat\u016bralaus \u0105\u017euolo spalvos (\u201eArtisan Oak\u201c, \u201eViking Oak\u201c, \u201eCoast Evoke Oak\u201c) \u2013 \u0161ilumos ir nat\u016bralaus \u017eavesio. Paprastas, bet eleganti\u0161kas dizainas daro stal\u0105 idealiai tinkant\u012f studijoms ir butams, kur daugiafunkci\u0161kumas yra labai svarbus.<\/p>\n<p>Vienas did\u017eiausi\u0173 \u0161io kavos staliuko privalum\u0173 \u2013 pakeltas stalvir\u0161is, kur\u012f, priklausomai nuo j\u016bs\u0173 poreiki\u0173, galima naudoti kaip \u017eem\u0105 suoliuk\u0105 arba patog\u0173 valgomojo stal\u0105. \u0160is funkcionalumas daro stal\u0105 nepaprastai prakti\u0161k\u0105 kasdieniam naudojimui, o estetin\u0117 stalvir\u0161io i\u0161vaizda skatina valgyti unikalioje atmosferoje. Papildoma, diskreti\u0161kai i\u0161d\u0117styta lentyna yra puiki vieta laikyti smulkius daiktus, kurie visada yra po ranka.<\/p>\n<p>\u201eCortado CRTT07\u201c kavos staliukas \u2013 tai baldas, i\u0161siskiriantis savo universalumu ir estetika. Jis puikiai dera prie \u012fvairi\u0173 interjero stili\u0173, toki\u0173 kaip japoni\u0161kas, loft, bohemi\u0161kas ar eklekti\u0161kas, tod\u0117l j\u012f lengva i\u0161d\u0117styti bet kurioje erdv\u0117je. Jo matmenys (plotis: 110 cm, auk\u0161tis: 55\u201373 cm, gylis: 65 cm) puikiai tinka svetainei, suteikiant prakti\u0161k\u0105 ir stiling\u0105 akcent\u0105, kuris tikrai pritrauks sve\u010di\u0173 d\u0117mes\u012f.<\/p>\n<p>Rinkit\u0117s \u201eCortado CRTT07\u201c stal\u0105 su pak\u0117limo mechanizmu ir m\u0117gaukit\u0117s eleganti\u0161ku, funkcionaliu baldu, kuris suteiks j\u016bs\u0173 interjerui klas\u0117s ir unikalumo. Tai investicija \u012f kokyb\u0119 ir stili\u0173, kuris d\u017eiugins ak\u012f ilgus metus.<\/p>","protected":false},"excerpt":{"rendered":"<p>Plotis (cm): 110<br \/>\n\u016agis (cm): 55\u201373<br \/>\nGylis (cm): 65<\/p>","protected":false},"featured_media":162904,"comment_status":"open","ping_status":"open","template":"","meta":[],"product_brand":[],"product_cat":[9476,866,4107],"product_tag":[],"class_list":{"0":"post-162903","1":"product","2":"type-product","3":"status-publish","4":"has-post-thumbnail","6":"product_cat-furniture-system-cortado-wojcik-meble","7":"product_cat-coffee-tables","8":"product_cat-meble-wojcik","10":"first","11":"instock","12":"purchasable","13":"product-type-simple"},"_links":{"self":[{"href":"https:\/\/baldumarket.lt\/lt\/wp-json\/wp\/v2\/product\/162903","targetHints":{"allow":["GET"]}}],"collection":[{"href":"https:\/\/baldumarket.lt\/lt\/wp-json\/wp\/v2\/product"}],"about":[{"href":"https:\/\/baldumarket.lt\/lt\/wp-json\/wp\/v2\/types\/product"}],"replies":[{"embeddable":true,"href":"https:\/\/baldumarket.lt\/lt\/wp-json\/wp\/v2\/comments?post=162903"}],"wp:featuredmedia":[{"embeddable":true,"href":"https:\/\/baldumarket.lt\/lt\/wp-json\/wp\/v2\/media\/162904"}],"wp:attachment":[{"href":"https:\/\/baldumarket.lt\/lt\/wp-json\/wp\/v2\/media?parent=162903"}],"wp:term":[{"taxonomy":"product_brand","embeddable":true,"href":"https:\/\/baldumarket.lt\/lt\/wp-json\/wp\/v2\/product_brand?post=162903"},{"taxonomy":"product_cat","embeddable":true,"href":"https:\/\/baldumarket.lt\/lt\/wp-json\/wp\/v2\/product_cat?post=162903"},{"taxonomy":"product_tag","embeddable":true,"href":"https:\/\/baldumarket.lt\/lt\/wp-json\/wp\/v2\/product_tag?post=162903"}],"curies":[{"name":"wp","href":"https:\/\/api.w.org\/{rel}","templated":true}]}}