{"id":162899,"date":"2025-12-19T12:30:14","date_gmt":"2025-12-19T09:30:14","guid":{"rendered":"https:\/\/baldumarket.lt\/product\/cortado-crtt04-lawostol-lawa-rozkladana-1s-dab-viking\/"},"modified":"2026-04-06T18:43:07","modified_gmt":"2026-04-06T15:43:07","slug":"cortado-crtt04-lawostol-lawa-rozkladana-1s-dab-viking","status":"publish","type":"product","link":"https:\/\/baldumarket.lt\/lt\/product\/cortado-crtt04-lawostol-lawa-rozkladana-1s-dab-viking\/","title":{"rendered":"Cortado CRTT04 \u2013 Suoliukas, I\u0161traukiamas Kavos Staliukas 1S Viking Oak"},"content":{"rendered":"<p>Moderniems interjerams reikalingi kruop\u0161\u010diai apgalvoti baldai, kurie derint\u0173 estetik\u0105 ir funkcionalum\u0105. \u201eCortado CRTT04\u201c i\u0161 \u201eMeble W\u00f3jcik\u201c kolekcijos \u2013 universalus kavos staliukas, puikiai atitinkantis \u0161iuos reikalavimus. Minimalistinis dizainas ir madingos spalvos leid\u017eia j\u012f pritaikyti \u012fvairiems interjero stiliams \u2013 nuo modernaus iki skandinavi\u0161ko ar prabangaus.<\/p>\n<p>\u0160is kavos staliukas \u2013 idealus sprendimas ma\u017eoms svetain\u0117ms, atliekantis dvigub\u0105 funkcij\u0105. Kasdieniniame gyvenime jis gali b\u016bti naudojamas kaip eleganti\u0161kas kavos staliukas, kuris papuo\u0161 j\u016bs\u0173 poilsio zon\u0105. Prireikus j\u012f galima lengvai transformuoti \u012f pilno dyd\u017eio stal\u0105 valgymui ar sve\u010di\u0173 pri\u0117mimui. Tai puikus pasirinkimas tiems, kurie vertina prakti\u0161kum\u0105 ir modern\u0173 dizain\u0105.<\/p>\n<p>\u201eCortado\u201c kavos staliukas turi prakti\u0161k\u0105 stal\u010di\u0173, i\u0161traukiam\u0105 rutuliniais guoliais, kuris padidina jo funkcionalum\u0105. \u0160ioje erdvioje erdv\u0117je galite laikyti smulkius daiktus ir palaikyti tvark\u0105 svetain\u0117je. Stalvir\u0161iui, kojoms ir r\u0117mui naudojama laminuota med\u017eio dro\u017eli\u0173 plok\u0161t\u0117 u\u017etikrina patvarum\u0105 ir lengv\u0105 valym\u0105.<\/p>\n<p>Galimos spalvos, tokios kaip \u201eAlpine White\u201c, \u201eArtisan Oak\u201c, \u201eCoast Evoke Oak\u201c ir \u201eViking Oak\u201c, leid\u017eia kavos staliuk\u0105 priderinti prie \u012fvairi\u0173 interjero dizain\u0173. Nesenstantis formos paprastumas ir neutralios spalvos leid\u017eia j\u012f lengvai derinti su kitais dekoro elementais. Ergonomi\u0161ki matmenys puikiai tinka ma\u017eoms erdv\u0117ms, neu\u017egriozdinant erdv\u0117s.<\/p>\n<p>\u201eCortado CRTT04\u201c \u2013 stilingas ir daugiafunkcis baldas, puikiai atitinkantis dabartines dizaino tendencijas. Unikalus charakteris ir prakti\u0161kumas patenkins net reikliausius vartotojus, si\u016blant universal\u0173 pritaikym\u0105 j\u016bs\u0173 interjere. Nepriklausomai nuo j\u016bs\u0173 pageidaujamo stiliaus, \u0161is pakeliamasis stalas yra puikus pasirinkimas, derinantis estetik\u0105 su funkcionalumu.<\/p>","protected":false},"excerpt":{"rendered":"<p>Plotis (cm): 110<br \/>\n\u016agis (cm): 60\u201380<br \/>\nGylis (cm): 65<\/p>","protected":false},"featured_media":162900,"comment_status":"open","ping_status":"open","template":"","meta":[],"product_brand":[],"product_cat":[9476,866,4107],"product_tag":[],"class_list":{"0":"post-162899","1":"product","2":"type-product","3":"status-publish","4":"has-post-thumbnail","6":"product_cat-furniture-system-cortado-wojcik-meble","7":"product_cat-coffee-tables","8":"product_cat-meble-wojcik","10":"first","11":"instock","12":"purchasable","13":"product-type-simple"},"_links":{"self":[{"href":"https:\/\/baldumarket.lt\/lt\/wp-json\/wp\/v2\/product\/162899","targetHints":{"allow":["GET"]}}],"collection":[{"href":"https:\/\/baldumarket.lt\/lt\/wp-json\/wp\/v2\/product"}],"about":[{"href":"https:\/\/baldumarket.lt\/lt\/wp-json\/wp\/v2\/types\/product"}],"replies":[{"embeddable":true,"href":"https:\/\/baldumarket.lt\/lt\/wp-json\/wp\/v2\/comments?post=162899"}],"wp:featuredmedia":[{"embeddable":true,"href":"https:\/\/baldumarket.lt\/lt\/wp-json\/wp\/v2\/media\/162900"}],"wp:attachment":[{"href":"https:\/\/baldumarket.lt\/lt\/wp-json\/wp\/v2\/media?parent=162899"}],"wp:term":[{"taxonomy":"product_brand","embeddable":true,"href":"https:\/\/baldumarket.lt\/lt\/wp-json\/wp\/v2\/product_brand?post=162899"},{"taxonomy":"product_cat","embeddable":true,"href":"https:\/\/baldumarket.lt\/lt\/wp-json\/wp\/v2\/product_cat?post=162899"},{"taxonomy":"product_tag","embeddable":true,"href":"https:\/\/baldumarket.lt\/lt\/wp-json\/wp\/v2\/product_tag?post=162899"}],"curies":[{"name":"wp","href":"https:\/\/api.w.org\/{rel}","templated":true}]}}