{"id":162895,"date":"2025-12-19T12:30:06","date_gmt":"2025-12-19T09:30:06","guid":{"rendered":"https:\/\/baldumarket.lt\/product\/cortado-crtt04-lawostol-lawa-rozkladana-1s-dab-artisan\/"},"modified":"2026-04-06T18:43:07","modified_gmt":"2026-04-06T15:43:07","slug":"cortado-crtt04-lawostol-lawa-rozkladana-1s-dab-artisan","status":"publish","type":"product","link":"https:\/\/baldumarket.lt\/lt\/product\/cortado-crtt04-lawostol-lawa-rozkladana-1s-dab-artisan\/","title":{"rendered":"Cortado CRTT04 \u2013 Kavos staliukas, i\u0161traukiamas kavos staliukas 1S, Artisan Oak spalvos"},"content":{"rendered":"<p>\u201eCortado CRTT04\u201c kavos staliukas \u2013 puikus sprendimas moderniam, daugiafunkciniam interjerui. Minimalistinis dizainas, kuriame dera elegancija ir funkcionalumas, puikiai tinka bet kuriai svetainei. Pagamintas i\u0161 laminuotos med\u017eio dro\u017eli\u0173 plok\u0161t\u0117s, jis pasi\u017eymi i\u0161skirtine kokybe, kuri suteiks \u017eavesio j\u016bs\u0173 interjerui.<\/p>\n<p>\u0160is kavos staliukas \u2013 tai daugiau nei tik dekoratyvinis elementas. D\u0117l pakeliamo stalvir\u0161io j\u012f galima lengvai transformuoti \u012f pilno dyd\u017eio stal\u0105, puikiai tinkant\u012f patogiam valgymui. Tai puikus sprendimas ma\u017eoms erdv\u0117ms, kur svarbus kiekvienas centimetras. Ergonomi\u0161ki matmenys ir nesenstantis stilius paver\u010dia \u201eCortado CRTT04\u201c b\u016btinu bet kokio modernaus interjero akcentu.<\/p>\n<p>Funkcionalumas taip pat svarbus. \u201eCortado CRTT04\u201c turi prakti\u0161k\u0105, i\u0161traukiam\u0105 stal\u010di\u0173 ant rutulini\u0173 guoli\u0173 b\u0117geli\u0173, tod\u0117l j\u012f lengviau naudoti. Stal\u010dius suteikia papildomos vietos daiktams susid\u0117ti, kuri yra ne\u012fkainojama kasdien naudojant.<\/p>\n<p>Galima rinktis i\u0161 keturi\u0173 spalv\u0173 (Alpine White, Artisan Oak, Coast Evoke Oak, Viking Oak), tod\u0117l puikiai papildys bet kok\u012f interjer\u0105. Paprasta forma ir universali spalv\u0173 gama atveria pla\u010dias dizaino galimybes. \u201eCortado\u201c kavos staliukas puikiai dera prie prabangaus, skandinavi\u0161ko ar lofto stiliaus, sustiprindamas j\u016bs\u0173 svetain\u0117s charakter\u012f.<\/p>\n<p>Pasinerkite \u012f prabangos dvelksm\u0105 su \u201eCortado CRTT04\u201c. Paverskite savo svetain\u0119 erdve, kuri d\u017eiugins ne tik savo i\u0161vaizda, bet ir funkcionalumu. \u0160is eleganti\u0161kas kavos staliukas pad\u0117s maksimaliai i\u0161naudoti erdv\u0119, derindamas gro\u017e\u012f su prakti\u0161kumu.<\/p>","protected":false},"excerpt":{"rendered":"<p>Plotis (cm): 110<br \/>\n\u016agis (cm): 60\u201380<br \/>\nGylis (cm): 65<\/p>","protected":false},"featured_media":162896,"comment_status":"open","ping_status":"open","template":"","meta":[],"product_brand":[],"product_cat":[9476,866,4107],"product_tag":[],"class_list":{"0":"post-162895","1":"product","2":"type-product","3":"status-publish","4":"has-post-thumbnail","6":"product_cat-furniture-system-cortado-wojcik-meble","7":"product_cat-coffee-tables","8":"product_cat-meble-wojcik","10":"first","11":"instock","12":"purchasable","13":"product-type-simple"},"_links":{"self":[{"href":"https:\/\/baldumarket.lt\/lt\/wp-json\/wp\/v2\/product\/162895","targetHints":{"allow":["GET"]}}],"collection":[{"href":"https:\/\/baldumarket.lt\/lt\/wp-json\/wp\/v2\/product"}],"about":[{"href":"https:\/\/baldumarket.lt\/lt\/wp-json\/wp\/v2\/types\/product"}],"replies":[{"embeddable":true,"href":"https:\/\/baldumarket.lt\/lt\/wp-json\/wp\/v2\/comments?post=162895"}],"wp:featuredmedia":[{"embeddable":true,"href":"https:\/\/baldumarket.lt\/lt\/wp-json\/wp\/v2\/media\/162896"}],"wp:attachment":[{"href":"https:\/\/baldumarket.lt\/lt\/wp-json\/wp\/v2\/media?parent=162895"}],"wp:term":[{"taxonomy":"product_brand","embeddable":true,"href":"https:\/\/baldumarket.lt\/lt\/wp-json\/wp\/v2\/product_brand?post=162895"},{"taxonomy":"product_cat","embeddable":true,"href":"https:\/\/baldumarket.lt\/lt\/wp-json\/wp\/v2\/product_cat?post=162895"},{"taxonomy":"product_tag","embeddable":true,"href":"https:\/\/baldumarket.lt\/lt\/wp-json\/wp\/v2\/product_tag?post=162895"}],"curies":[{"name":"wp","href":"https:\/\/api.w.org\/{rel}","templated":true}]}}