{"id":162891,"date":"2025-12-19T12:29:59","date_gmt":"2025-12-19T09:29:59","guid":{"rendered":"https:\/\/baldumarket.lt\/product\/cortado-crtt04-lawostol-lawa-rozkladana-1s-biel-alpejska\/"},"modified":"2026-04-06T18:42:58","modified_gmt":"2026-04-06T15:42:58","slug":"cortado-crtt04-lawostol-lawa-rozkladana-1s-biel-alpejska","status":"publish","type":"product","link":"https:\/\/baldumarket.lt\/lt\/product\/cortado-crtt04-lawostol-lawa-rozkladana-1s-biel-alpejska\/","title":{"rendered":"Cortado CRTT04 \u2013 Suoliukas, I\u0161traukiamas Kavos Staliukas 1S, Alpi\u0173 Baltumo"},"content":{"rendered":"<p>\u201eCortado CRTT04\u201c \u2013 tai baldas, kuris neabejotinai pritrauks kiekvieno, ie\u0161kan\u010dio funkcionalumo ir estetinio dizaino derinio, d\u0117mes\u012f. Eleganti\u0161ka Alpi\u0173 baltumo apdaila suteiks bet kuriam kambariui gaivumo ir modernumo, padarys j\u012f harmoningesn\u012f ir jaukesn\u012f.<\/p>\n<p>\u0160is pakeliamas kavos staliukas puikiai tinka ma\u017eoms svetain\u0117ms \u2013 tai ne tik stilingas papildymas, bet ir prakti\u0161kas kasdienis sprendimas. I\u0161 pirmo \u017evilgsnio jis atrodo kaip eleganti\u0161kas kavos staliukas, ta\u010diau vos per kelias akimirkas j\u012f galima transformuoti \u012f pilno dyd\u017eio stal\u0105. D\u0117l savo universalumo jis puikiai tinka tiek kasdieniam poilsiui, tiek ypatingiems susib\u016brimams su \u0161eima ir draugais.<\/p>\n<p>\u0160one esantis \u012fmontuotas stal\u010dius su rutuliniais guoliais suteikia papildom\u0105 patogi\u0105 viet\u0105 b\u016btiniausiems daiktams. Viso i\u0161traukimo stal\u010dius leid\u017eia lengvai pasiekti jo turin\u012f, tod\u0117l \u0161is baldas yra dar prakti\u0161kesnis. Stalvir\u0161iui, kojoms ir r\u0117mui naudojama laminuota med\u017eio dro\u017eli\u0173 plok\u0161t\u0117 u\u017etikrina patvarum\u0105 ir lengv\u0105 valym\u0105 \u2013 tai neabejotinas privalumas kasdien naudojant.<\/p>\n<p>Minimalistinis, ta\u010diau modernus \u0161io kavos staliuko dizainas puikiai dera su \u012fvairiais interjero stiliais \u2013 nuo industrini\u0173 loft\u0173 ir eleganti\u0161k\u0173, \u017eaving\u0173 interjer\u0173 iki \u0161ilt\u0173 ir jauki\u0173 skandinavi\u0161k\u0173 interjer\u0173. Neutralios spalvos ir paprasta forma paver\u010dia \u0161\u012f staliuk\u0105 puikiu fonu \u012fvairiems tekstil\u0117s gaminiams ir dekoratyviniams aksesuarams.<\/p>\n<p>\u201eCortado CRTT04\u201c kavos staliukas pasi\u017eymi nesenstan\u010dia elegancija, puikiai tinkan\u010dia ne tik ma\u017eiems interjerams, bet ir didesn\u0117ms erdv\u0117ms, kur norima lengvumo ir minimalistinio poj\u016b\u010dio. D\u0117l funkcionalumo ir estetinio patrauklumo tai pasirinkimas, kuris d\u017eiugins ilgus metus.<\/p>","protected":false},"excerpt":{"rendered":"<p>Plotis (cm): 110<br \/>\n\u016agis (cm): 60\u201380<br \/>\nGylis (cm): 65<\/p>","protected":false},"featured_media":162892,"comment_status":"open","ping_status":"open","template":"","meta":[],"product_brand":[],"product_cat":[9476,866,4107],"product_tag":[],"class_list":{"0":"post-162891","1":"product","2":"type-product","3":"status-publish","4":"has-post-thumbnail","6":"product_cat-furniture-system-cortado-wojcik-meble","7":"product_cat-coffee-tables","8":"product_cat-meble-wojcik","10":"first","11":"instock","12":"purchasable","13":"product-type-simple"},"_links":{"self":[{"href":"https:\/\/baldumarket.lt\/lt\/wp-json\/wp\/v2\/product\/162891","targetHints":{"allow":["GET"]}}],"collection":[{"href":"https:\/\/baldumarket.lt\/lt\/wp-json\/wp\/v2\/product"}],"about":[{"href":"https:\/\/baldumarket.lt\/lt\/wp-json\/wp\/v2\/types\/product"}],"replies":[{"embeddable":true,"href":"https:\/\/baldumarket.lt\/lt\/wp-json\/wp\/v2\/comments?post=162891"}],"wp:featuredmedia":[{"embeddable":true,"href":"https:\/\/baldumarket.lt\/lt\/wp-json\/wp\/v2\/media\/162892"}],"wp:attachment":[{"href":"https:\/\/baldumarket.lt\/lt\/wp-json\/wp\/v2\/media?parent=162891"}],"wp:term":[{"taxonomy":"product_brand","embeddable":true,"href":"https:\/\/baldumarket.lt\/lt\/wp-json\/wp\/v2\/product_brand?post=162891"},{"taxonomy":"product_cat","embeddable":true,"href":"https:\/\/baldumarket.lt\/lt\/wp-json\/wp\/v2\/product_cat?post=162891"},{"taxonomy":"product_tag","embeddable":true,"href":"https:\/\/baldumarket.lt\/lt\/wp-json\/wp\/v2\/product_tag?post=162891"}],"curies":[{"name":"wp","href":"https:\/\/api.w.org\/{rel}","templated":true}]}}