{"id":162887,"date":"2025-12-19T12:29:51","date_gmt":"2025-12-19T09:29:51","guid":{"rendered":"https:\/\/baldumarket.lt\/product\/cortado-crtt04-lawostol-lawa-rozkladana-1s-dab-coast-evoke\/"},"modified":"2026-04-06T18:42:58","modified_gmt":"2026-04-06T15:42:58","slug":"cortado-crtt04-lawostol-lawa-rozkladana-1s-dab-coast-evoke","status":"publish","type":"product","link":"https:\/\/baldumarket.lt\/lt\/product\/cortado-crtt04-lawostol-lawa-rozkladana-1s-dab-coast-evoke\/","title":{"rendered":"Cortado CRTT04 \u2013 Kavos staliukas, i\u0161skleid\u017eiamas kavos staliukas 1S, \u201eCoast Evoke Oak\u201c"},"content":{"rendered":"<p>Moderniems, daugiafunkciniams interjerams reikalingi kruop\u0161\u010diai apgalvoti ir prakti\u0161ki baldai. \u201eMeble W\u00f3jcik\u201c pakeliamas kavos staliukas \u201eCortado CRTT04\u201c \u2013 puikus sprendimas tiems, kurie vertina minimalistin\u012f dizain\u0105 kartu su funkcionalumu. Jis puikiai tinka ma\u017eoje svetain\u0117je kaip stilingas kavos staliukas, o prireikus lengvai transformuojamas \u012f viso dyd\u017eio valgomojo stal\u0105.<\/p>\n<p>Stalvir\u0161is pagamintas i\u0161 laminuotos med\u017eio dro\u017eli\u0173 plok\u0161t\u0117s, u\u017etikrinan\u010dios patvarum\u0105 ir ilgalaik\u0119 estetik\u0105. \u201eCoast Evoke Oak\u201c spalva suteikia interjerui \u0161ilumos ir elegancijos, puikiai papildydama modernius dekoro elementus. D\u0117l nesenstan\u010dios, paprastos formos ir ergonomi\u0161k\u0173 matmen\u0173 j\u012f galima naudoti net ir ma\u017eose erdv\u0117se, suteikiant plat\u0173 dizaino variant\u0173 pasirinkim\u0105.<\/p>\n<p>Kavos staliukas turi prakti\u0161k\u0105 stal\u010di\u0173, kuris i\u0161stumiamas i\u0161 \u0161ono rutuliniais guoliais. \u0160is stal\u010dius yra ne tik erdvus, bet ir lengvai naudojamas d\u0117l pilno i\u0161traukimo, o tai \u017eymiai padidina jo funkcionalum\u0105. Viduje galite laikyti visus b\u016btiniausius daiktus, palaikydami tvark\u0105 ir harmonij\u0105 savo erdv\u0117je.<\/p>\n<p>\u201eCortado CRTT04\u201c kavos staliukas harmoningai dera su \u012fvairiais interjero stiliais \u2013 nuo minimalistinio ir modernaus iki prabangaus, skandinavi\u0161ko ir lofto stiliaus. \u012evairios spalv\u0173 gamos, tokios kaip \u201eAlpi\u0173 balta\u201c, \u201eArtisan Oak\u201c ir \u201eViking Oak\u201c, leid\u017eia j\u012f lengvai priderinti prie esam\u0173 tekstil\u0117s gamini\u0173 ir dekoro element\u0173 kambaryje.<\/p>\n<p>\u0160is kavos staliukas ne tik \u017eavi savo funkcionaliu ir esteti\u0161ku dizainu, bet ir supaprastina kasdien\u012f gyvenim\u0105, transformuodamasis pagal naudotoj\u0173 poreikius. Tai puikus sprendimas visiems, ie\u0161kantiems eleganti\u0161ko ir prakti\u0161ko baldo savo svetainei.<\/p>","protected":false},"excerpt":{"rendered":"<p>Plotis (cm): 110<br \/>\n\u016agis (cm): 60\u201380<br \/>\nGylis (cm): 65<\/p>","protected":false},"featured_media":162888,"comment_status":"open","ping_status":"open","template":"","meta":[],"product_brand":[],"product_cat":[9476,866,4107],"product_tag":[],"class_list":{"0":"post-162887","1":"product","2":"type-product","3":"status-publish","4":"has-post-thumbnail","6":"product_cat-furniture-system-cortado-wojcik-meble","7":"product_cat-coffee-tables","8":"product_cat-meble-wojcik","10":"first","11":"instock","12":"purchasable","13":"product-type-simple"},"_links":{"self":[{"href":"https:\/\/baldumarket.lt\/lt\/wp-json\/wp\/v2\/product\/162887","targetHints":{"allow":["GET"]}}],"collection":[{"href":"https:\/\/baldumarket.lt\/lt\/wp-json\/wp\/v2\/product"}],"about":[{"href":"https:\/\/baldumarket.lt\/lt\/wp-json\/wp\/v2\/types\/product"}],"replies":[{"embeddable":true,"href":"https:\/\/baldumarket.lt\/lt\/wp-json\/wp\/v2\/comments?post=162887"}],"wp:featuredmedia":[{"embeddable":true,"href":"https:\/\/baldumarket.lt\/lt\/wp-json\/wp\/v2\/media\/162888"}],"wp:attachment":[{"href":"https:\/\/baldumarket.lt\/lt\/wp-json\/wp\/v2\/media?parent=162887"}],"wp:term":[{"taxonomy":"product_brand","embeddable":true,"href":"https:\/\/baldumarket.lt\/lt\/wp-json\/wp\/v2\/product_brand?post=162887"},{"taxonomy":"product_cat","embeddable":true,"href":"https:\/\/baldumarket.lt\/lt\/wp-json\/wp\/v2\/product_cat?post=162887"},{"taxonomy":"product_tag","embeddable":true,"href":"https:\/\/baldumarket.lt\/lt\/wp-json\/wp\/v2\/product_tag?post=162887"}],"curies":[{"name":"wp","href":"https:\/\/api.w.org\/{rel}","templated":true}]}}