{"id":162883,"date":"2025-12-19T12:29:44","date_gmt":"2025-12-19T09:29:44","guid":{"rendered":"https:\/\/baldumarket.lt\/product\/cortado-crtt03-lawostol-lawa-rozkladana-dab-viking\/"},"modified":"2026-04-06T18:42:58","modified_gmt":"2026-04-06T15:42:58","slug":"cortado-crtt03-lawostol-lawa-rozkladana-dab-viking","status":"publish","type":"product","link":"https:\/\/baldumarket.lt\/lt\/product\/cortado-crtt03-lawostol-lawa-rozkladana-dab-viking\/","title":{"rendered":"Cortado CRTT03 \u2013 Suoliukas, I\u0161traukiamas Kavos Staliukas, Viking Oak"},"content":{"rendered":"<p>\u201eCortado CRTT03\u201c pakeliamas kavos staliukas \u201eViking Oak\u201c spalvos \u2013 puikus sprendimas tiems, kurie vertina funkcionalum\u0105 ir estetik\u0105 viename. \u0160is unikalus \u201eMeble W\u00f3jcik\u201c sukurtas k\u016brinys pasi\u017eymi moderniu dizainu ir gerai apgalvota konstrukcija, kuri lengvai der\u0117s prie bet kokio interjero stiliaus. D\u0117l savo dizaino \u0161is staliukas puikiai tinka tiek svetain\u0117ms, tiek daugiafunkcin\u0117ms erdv\u0117ms, u\u017etikrindamas visi\u0161k\u0105 naudojimo laisv\u0119 ir komfort\u0105.<\/p>\n<p>Eleganti\u0161k\u0105 kavos staliuko i\u0161vaizd\u0105 pabr\u0117\u017eia u\u017eapvalinti kra\u0161tai, suteikiantys jam subtilaus \u017eavesio ir lengvumo. Beicavimo variantai, tokie kaip \u201eAlpine White\u201c, \u201eArtisan Oak\u201c, \u201eCoast Evoke Oak\u201c ir \u201eViking Oak\u201c, leid\u017eia stalui papildyti \u012fvairius interjero stilius \u2013 nuo vinta\u017einio ir eklekti\u0161ko iki skandinavi\u0161ko ir modernaus. Stalvir\u0161is, kojel\u0117s ir r\u0117mas pagaminti i\u0161 patvarios laminuotos med\u017eio dro\u017eli\u0173 plok\u0161t\u0117s, u\u017etikrinan\u010dios auk\u0161t\u0105 kokyb\u0119 ir ilgaam\u017ei\u0161kum\u0105.<\/p>\n<p>Ta\u010diau \u201eCortado CRTT03\u201c i\u0161siskiria savo prakti\u0161kumu. Stalas turi pak\u0117limo ir i\u0161tiesimo mechanizm\u0105 ant sinchroninio b\u0117gelio, leid\u017eiant\u012f lengvai reguliuoti jo auk\u0161t\u012f (nuo 56 cm iki 72 cm) ir plot\u012f (nuo 110 cm iki 150 cm) pagal savo poreikius. Tai leid\u017eia kasdienius valgius padaryti ne tik patogius, bet ir prakti\u0161kus. Papildomas i\u0161traukiamas stalvir\u0161is padidina jo funkcionalum\u0105 ir taupo viet\u0105, kai jis nenaudojamas.<\/p>\n<p>\u0160io baldo funkcionalum\u0105 papildo prakti\u0161ka lentyna, puikiai tinkanti laikyti naudingus daiktus. Universalus, nesenstantis staliuko dizainas yra puikus pasirinkimas visiems, norintiems savo interjere suderinti prakti\u0161kum\u0105 ir elegancij\u0105. Nepriklausomai nuo pasirinktos spalvos, \u201eCortado CRTT03\u201c suteikia eleganti\u0161k\u0105 akcent\u0105 bet kuriai svetainei, u\u017etikrindamas komfort\u0105 ir estetik\u0105 kasdien naudojant.<\/p>\n<p>Trumpai tariant, \u201eCortado CRTT03\u201c pakeliamas stalas derina modern\u0173 stili\u0173 su prakti\u0161kais sprendimais ir u\u017etikrina i\u0161skirtin\u012f komfort\u0105. D\u0117l tvirtos konstrukcijos, eleganti\u0161ko dizaino ir geb\u0117jimo prisitaikyti prie \u012fvairi\u0173 interjero stili\u0173 jis idealiai tinka bet kokiai gyvenamajai erdvei.<\/p>","protected":false},"excerpt":{"rendered":"<p>Plotis (cm): 110\u2013150<br \/>\n\u016agis (cm): 56\u201372<br \/>\nGylis (cm): 65<\/p>","protected":false},"featured_media":162884,"comment_status":"open","ping_status":"open","template":"","meta":[],"product_brand":[],"product_cat":[9476,866,4107],"product_tag":[],"class_list":{"0":"post-162883","1":"product","2":"type-product","3":"status-publish","4":"has-post-thumbnail","6":"product_cat-furniture-system-cortado-wojcik-meble","7":"product_cat-coffee-tables","8":"product_cat-meble-wojcik","10":"first","11":"instock","12":"purchasable","13":"product-type-simple"},"_links":{"self":[{"href":"https:\/\/baldumarket.lt\/lt\/wp-json\/wp\/v2\/product\/162883","targetHints":{"allow":["GET"]}}],"collection":[{"href":"https:\/\/baldumarket.lt\/lt\/wp-json\/wp\/v2\/product"}],"about":[{"href":"https:\/\/baldumarket.lt\/lt\/wp-json\/wp\/v2\/types\/product"}],"replies":[{"embeddable":true,"href":"https:\/\/baldumarket.lt\/lt\/wp-json\/wp\/v2\/comments?post=162883"}],"wp:featuredmedia":[{"embeddable":true,"href":"https:\/\/baldumarket.lt\/lt\/wp-json\/wp\/v2\/media\/162884"}],"wp:attachment":[{"href":"https:\/\/baldumarket.lt\/lt\/wp-json\/wp\/v2\/media?parent=162883"}],"wp:term":[{"taxonomy":"product_brand","embeddable":true,"href":"https:\/\/baldumarket.lt\/lt\/wp-json\/wp\/v2\/product_brand?post=162883"},{"taxonomy":"product_cat","embeddable":true,"href":"https:\/\/baldumarket.lt\/lt\/wp-json\/wp\/v2\/product_cat?post=162883"},{"taxonomy":"product_tag","embeddable":true,"href":"https:\/\/baldumarket.lt\/lt\/wp-json\/wp\/v2\/product_tag?post=162883"}],"curies":[{"name":"wp","href":"https:\/\/api.w.org\/{rel}","templated":true}]}}