{"id":162879,"date":"2025-12-19T12:29:36","date_gmt":"2025-12-19T09:29:36","guid":{"rendered":"https:\/\/baldumarket.lt\/product\/cortado-crtt03-lawostol-lawa-rozkladana-biel-alpejska\/"},"modified":"2026-04-06T18:42:58","modified_gmt":"2026-04-06T15:42:58","slug":"cortado-crtt03-lawostol-lawa-rozkladana-biel-alpejska","status":"publish","type":"product","link":"https:\/\/baldumarket.lt\/lt\/product\/cortado-crtt03-lawostol-lawa-rozkladana-biel-alpejska\/","title":{"rendered":"Cortado CRTT03 \u2013 Alpi\u0173 baltumo i\u0161traukiamas kavos staliukas"},"content":{"rendered":"<p>Svajojate apie funkcional\u0173 ir esteti\u0161kai patraukl\u0173 stal\u0105, kuris puikiai papildyt\u0173 j\u016bs\u0173 svetain\u0119? Atraskite \u201eCortado CRTT03\u201c \u2013 eleganti\u0161k\u0105 \u201eAlpine White\u201c kavos staliuk\u0105 su pak\u0117limo mechanizmu i\u0161 \u201eMeble W\u00f3jcik\u201c. Tai ne tik baldas, bet ir tikras erdv\u0117s herojus, puikiai tinkantis tiek moderniam, tiek klasikiniam interjerui.<\/p>\n<p>\u0160is unikalus stalas derina stili\u0173 ir funkcionalum\u0105, tarnaudamas kaip eleganti\u0161kas suoliukas poilsio zonoje. I\u0161traukiamas, pakeliamas stalvir\u0161is leid\u017eia bendrus valgius padaryti dar patogesnius ir malonesnius. Kont\u016bruoti, u\u017eapvalinti kra\u0161tai suteikia lengvumo ir saugumo, tod\u0117l jis idealiai tinka \u0161eimoms su vaikais.<\/p>\n<p>Universalus ir nesenstantis \u201eCortado CRTT03\u201c stalo dizainas puikiai tinka \u012fvairiems interjero stiliams \u2013 nuo skandinavi\u0161ko, eklekti\u0161ko iki vinta\u017einio. Reguliuojamas stalvir\u0161is ir auk\u0161tis suteikia maksimal\u0173 lankstum\u0105, tod\u0117l jis yra nepakei\u010diamas bet kuriame daugiafunkciniame interjere. D\u0117l prakti\u0161kos lentynos jame tilps b\u016btiniausi daiktai, kurie visada yra po ranka.<\/p>\n<p>Verta atkreipti d\u0117mes\u012f \u012f eleganti\u0161k\u0105 apdail\u0105 ir spalv\u0173 pasirinkim\u0105, leid\u017eiant\u012f stal\u0105 priderinti prie kit\u0173 svetain\u0117s bald\u0173. Tvirta laminuotos med\u017eio dro\u017eli\u0173 plok\u0161t\u0117s konstrukcija garantuoja ilgaam\u017ei\u0161kum\u0105 ir lengv\u0105 valym\u0105. Sinchroninis stumdymo mechanizmas leid\u017eia lengvai i\u0161stumti stalvir\u0161\u012f.<\/p>\n<p>Paverskite \u201eCortado CRTT03\u201c savo svetain\u0117s traukos centru, kur estetika dera su funkcionalumu. J\u016bs\u0173 sve\u010diai bus su\u017eav\u0117ti \u0161io baldo elegancija ir prakti\u0161kumu. Rinkit\u0117s kokyb\u0119, patikimum\u0105 ir unikal\u0173 stili\u0173 su \u201eMeble W\u00f3jcik\u201c.<\/p>","protected":false},"excerpt":{"rendered":"<p>Plotis (cm): 110\u2013150<br \/>\n\u016agis (cm): 56\u201372<br \/>\nGylis (cm): 65<\/p>","protected":false},"featured_media":162880,"comment_status":"open","ping_status":"open","template":"","meta":[],"product_brand":[],"product_cat":[9476,866,4107],"product_tag":[],"class_list":{"0":"post-162879","1":"product","2":"type-product","3":"status-publish","4":"has-post-thumbnail","6":"product_cat-furniture-system-cortado-wojcik-meble","7":"product_cat-coffee-tables","8":"product_cat-meble-wojcik","10":"first","11":"instock","12":"purchasable","13":"product-type-simple"},"_links":{"self":[{"href":"https:\/\/baldumarket.lt\/lt\/wp-json\/wp\/v2\/product\/162879","targetHints":{"allow":["GET"]}}],"collection":[{"href":"https:\/\/baldumarket.lt\/lt\/wp-json\/wp\/v2\/product"}],"about":[{"href":"https:\/\/baldumarket.lt\/lt\/wp-json\/wp\/v2\/types\/product"}],"replies":[{"embeddable":true,"href":"https:\/\/baldumarket.lt\/lt\/wp-json\/wp\/v2\/comments?post=162879"}],"wp:featuredmedia":[{"embeddable":true,"href":"https:\/\/baldumarket.lt\/lt\/wp-json\/wp\/v2\/media\/162880"}],"wp:attachment":[{"href":"https:\/\/baldumarket.lt\/lt\/wp-json\/wp\/v2\/media?parent=162879"}],"wp:term":[{"taxonomy":"product_brand","embeddable":true,"href":"https:\/\/baldumarket.lt\/lt\/wp-json\/wp\/v2\/product_brand?post=162879"},{"taxonomy":"product_cat","embeddable":true,"href":"https:\/\/baldumarket.lt\/lt\/wp-json\/wp\/v2\/product_cat?post=162879"},{"taxonomy":"product_tag","embeddable":true,"href":"https:\/\/baldumarket.lt\/lt\/wp-json\/wp\/v2\/product_tag?post=162879"}],"curies":[{"name":"wp","href":"https:\/\/api.w.org\/{rel}","templated":true}]}}