{"id":162875,"date":"2025-12-19T12:29:29","date_gmt":"2025-12-19T09:29:29","guid":{"rendered":"https:\/\/baldumarket.lt\/product\/cortado-crtt03-lawostol-lawa-rozkladana-dab-artisan\/"},"modified":"2026-04-06T18:42:58","modified_gmt":"2026-04-06T15:42:58","slug":"cortado-crtt03-lawostol-lawa-rozkladana-dab-artisan","status":"publish","type":"product","link":"https:\/\/baldumarket.lt\/lt\/product\/cortado-crtt03-lawostol-lawa-rozkladana-dab-artisan\/","title":{"rendered":"Cortado CRTT03 \u2013 Artisan \u0105\u017euolo i\u0161traukiamas kavos staliukas"},"content":{"rendered":"<p>Atraskite unikal\u0173 \u201eCortado CRTT03\u201c kavos staliuko \u017eaves\u012f ir funkcionalum\u0105, kuris puikiai derina estetik\u0105 ir prakti\u0161kum\u0105. \u201eMeble W\u00f3jcik\u201c \u2013 eleganti\u0161kas j\u016bs\u0173 svetain\u0117s papildymas, kuris prad\u017eiugins tiek klasikini\u0173, tiek moderni\u0173 sprendim\u0173 m\u0117g\u0117jus. Unikalus Alpi\u0173 baltos spalvos dizainas su \u0105\u017euolo imitacijos detal\u0117mis skland\u017eiai dera su \u012fvairiais interjero stiliais, suteikdamas erdvei unikalaus charakterio.<\/p>\n<p>Pagrindin\u0117 \u0161io stalo funkcija \u2013 prisitaikymas prie esam\u0173 naudotoj\u0173 poreiki\u0173. D\u0117l pakeliamo ir i\u0161traukiamo stalvir\u0161io \u201eCortado CRTT03\u201c lengvai transformuojasi i\u0161 ma\u017eo kavos staliuko \u012f visavert\u012f stal\u0105. \u0160is funkcionalumas rei\u0161kia, kad net ma\u017ea svetain\u0117 gali m\u0117gautis patogia erdve bendriems pietums ar susib\u016brimams su artimaisiais. Sinchroninis mechanizmas, valdantis stalvir\u0161io i\u0161pl\u0117tim\u0105, u\u017etikrina skland\u0173 ir be r\u016bpes\u010di\u0173 naudojim\u0105.<\/p>\n<p>\u0160is stalas ne tik \u017eavi savo dizainu, bet ir yra ne\u012ftik\u0117tinai prakti\u0161kas. Stalvir\u0161iui, kojoms ir r\u0117mui naudojama laminuota med\u017eio dro\u017eli\u0173 plok\u0161t\u0117 u\u017etikrina patvarum\u0105 ir atsparum\u0105 kasdieniam naudojimui. Papildomas privalumas \u2013 lentyna po stalvir\u0161iu, puikiai tinkanti smulkiems daiktams laikyti ir tvarkingai svetainei palaikyti. Apval\u016bs stalvir\u0161io kra\u0161tai \u2013 dar viena detal\u0117, suteikianti elegancijos ir saugumo.<\/p>\n<p>Universalus ir nesenstantis \u201eCortado CRTT03\u201c kavos staliuko dizainas puikiai tinka interjerui, dekoruotam vinta\u017einiu, eklekti\u0161ku, skandinavi\u0161ku ar moderniu stiliumi. Galima rinktis i\u0161 \u012fvairi\u0173 spalv\u0173 (Alpi\u0173 baltos, Artisan \u0105\u017euolo, Coast Evoke \u0105\u017euolo, Viking \u0105\u017euolo), tod\u0117l j\u012f galima derinti su kitais baldais ir aksesuarais, sukuriant darni\u0105 ir harmoning\u0105 kompozicij\u0105.<\/p>\n<p>Investuokite \u012f i\u0161skirtin\u0119 kokyb\u0119 ir stili\u0173 su \u201eCortado CRTT03\u201c pakeliamuoju stalu, kuris praturtins j\u016bs\u0173 interjer\u0105 elegancija ir universalumu. Nepriklausomai nuo progos, \u0161is baldas pateisins visus j\u016bs\u0173 l\u016bkes\u010dius, suteikdamas ne tik estetin\u012f patrauklum\u0105, bet ir prakti\u0161kus kasdienius sprendimus.<\/p>","protected":false},"excerpt":{"rendered":"<p>Plotis (cm): 110\u2013150<br \/>\n\u016agis (cm): 56\u201372<br \/>\nGylis (cm): 65<\/p>","protected":false},"featured_media":162876,"comment_status":"open","ping_status":"open","template":"","meta":[],"product_brand":[],"product_cat":[9476,866,4107],"product_tag":[],"class_list":{"0":"post-162875","1":"product","2":"type-product","3":"status-publish","4":"has-post-thumbnail","6":"product_cat-furniture-system-cortado-wojcik-meble","7":"product_cat-coffee-tables","8":"product_cat-meble-wojcik","10":"first","11":"instock","12":"purchasable","13":"product-type-simple"},"_links":{"self":[{"href":"https:\/\/baldumarket.lt\/lt\/wp-json\/wp\/v2\/product\/162875","targetHints":{"allow":["GET"]}}],"collection":[{"href":"https:\/\/baldumarket.lt\/lt\/wp-json\/wp\/v2\/product"}],"about":[{"href":"https:\/\/baldumarket.lt\/lt\/wp-json\/wp\/v2\/types\/product"}],"replies":[{"embeddable":true,"href":"https:\/\/baldumarket.lt\/lt\/wp-json\/wp\/v2\/comments?post=162875"}],"wp:featuredmedia":[{"embeddable":true,"href":"https:\/\/baldumarket.lt\/lt\/wp-json\/wp\/v2\/media\/162876"}],"wp:attachment":[{"href":"https:\/\/baldumarket.lt\/lt\/wp-json\/wp\/v2\/media?parent=162875"}],"wp:term":[{"taxonomy":"product_brand","embeddable":true,"href":"https:\/\/baldumarket.lt\/lt\/wp-json\/wp\/v2\/product_brand?post=162875"},{"taxonomy":"product_cat","embeddable":true,"href":"https:\/\/baldumarket.lt\/lt\/wp-json\/wp\/v2\/product_cat?post=162875"},{"taxonomy":"product_tag","embeddable":true,"href":"https:\/\/baldumarket.lt\/lt\/wp-json\/wp\/v2\/product_tag?post=162875"}],"curies":[{"name":"wp","href":"https:\/\/api.w.org\/{rel}","templated":true}]}}