{"id":162871,"date":"2025-12-19T12:29:22","date_gmt":"2025-12-19T09:29:22","guid":{"rendered":"https:\/\/baldumarket.lt\/product\/cortado-crtt03-lawostol-lawa-rozkladana-dab-coast-evoke\/"},"modified":"2026-04-06T18:42:58","modified_gmt":"2026-04-06T15:42:58","slug":"cortado-crtt03-lawostol-lawa-rozkladana-dab-coast-evoke","status":"publish","type":"product","link":"https:\/\/baldumarket.lt\/lt\/product\/cortado-crtt03-lawostol-lawa-rozkladana-dab-coast-evoke\/","title":{"rendered":"Cortado CRTT03 \u2013 \u201eCoast Evoke\u201c \u0105\u017euolo spalvos i\u0161traukiamas kavos staliukas"},"content":{"rendered":"<p>\u201eMeble W\u00f3jcik\u201c kavos staliukas \u201eCortado CRTT03\u201c \u2013 tai tobulas elegancijos ir funkcionalumo derinys, puikiai tinkantis bet kokiam interjerui. Pagamintas i\u0161 laminuotos med\u017eio dro\u017eli\u0173 plok\u0161t\u0117s, jis \u017eavi savo paprastumu ir moderniu dizainu. Alpi\u0173 balta spalva puikiai tinka tiek minimalistiniam, tiek eklekti\u0161kam interjerui. Tai sprendimas tiems, kurie vertina elegancij\u0105, derinam\u0105 su prakti\u0161kumu.<\/p>\n<p>\u0160is stalas idealiai tinka ma\u017eoms svetain\u0117ms, kuriose tr\u016bksta vietos. Reguliuojamas pak\u0117limo ir i\u0161traukimo mechanizmas paver\u010dia j\u012f itin prakti\u0161ku baldu, lengvai transformuojamu i\u0161 kavos staliuko \u012f pilno dyd\u017eio valgomojo stal\u0105. Tai leid\u017eia patogiai ir maloniai leisti laik\u0105 valgant su \u0161eima ar draugais.<\/p>\n<p>Unikal\u016bs u\u017eapvalinti stalvir\u0161io kra\u0161tai suteikia subtilumo ir elegancijos. Kavos staliukas yra \u012fvairi\u0173 spalv\u0173, tod\u0117l puikiai papildys j\u016bs\u0173 esam\u0105 interjero dizain\u0105. Nesvarbu, ar jums labiau patinka vinta\u017einis, skandinavi\u0161kas, ar modernus stilius, \u201eCortado CRTT03\u201c tikrai pateisins j\u016bs\u0173 l\u016bkes\u010dius.<\/p>\n<p>Papildomas stalvir\u0161is, pasl\u0117ptas stalo viduje, ir prakti\u0161ka lentyna padidina jo funkcionalum\u0105, leid\u017eia susid\u0117ti daiktus ir patogiai naudoti kasdien. Sinchroninis stumdymo mechanizmas u\u017etikrina lengv\u0105 ir skland\u0173 stalo i\u0161skleidim\u0105 ir sulankstym\u0105, o tai ne\u012fkainojama netik\u0117t\u0173 sve\u010di\u0173 apsilankymo metu.<\/p>\n<p>Su \u201eCortado CRTT03\u201c kiekviena akimirka, praleista svetain\u0117je, tampa ypatinga. Unikalus dizainas ir suman\u016bs funkciniai sprendimai paver\u010dia \u0161\u012f bald\u0105 ne tik dekoratyviniu elementu, bet ir pagrindiniu elementu, aplink kur\u012f sukasi visas j\u016bs\u0173 nam\u0173 gyvenimas.<\/p>","protected":false},"excerpt":{"rendered":"<p>Plotis (cm): 110\u2013150<br \/>\n\u016agis (cm): 56\u201372<br \/>\nGylis (cm): 65<\/p>","protected":false},"featured_media":162872,"comment_status":"open","ping_status":"open","template":"","meta":[],"product_brand":[],"product_cat":[9476,866,4107],"product_tag":[],"class_list":{"0":"post-162871","1":"product","2":"type-product","3":"status-publish","4":"has-post-thumbnail","6":"product_cat-furniture-system-cortado-wojcik-meble","7":"product_cat-coffee-tables","8":"product_cat-meble-wojcik","10":"first","11":"instock","12":"purchasable","13":"product-type-simple"},"_links":{"self":[{"href":"https:\/\/baldumarket.lt\/lt\/wp-json\/wp\/v2\/product\/162871","targetHints":{"allow":["GET"]}}],"collection":[{"href":"https:\/\/baldumarket.lt\/lt\/wp-json\/wp\/v2\/product"}],"about":[{"href":"https:\/\/baldumarket.lt\/lt\/wp-json\/wp\/v2\/types\/product"}],"replies":[{"embeddable":true,"href":"https:\/\/baldumarket.lt\/lt\/wp-json\/wp\/v2\/comments?post=162871"}],"wp:featuredmedia":[{"embeddable":true,"href":"https:\/\/baldumarket.lt\/lt\/wp-json\/wp\/v2\/media\/162872"}],"wp:attachment":[{"href":"https:\/\/baldumarket.lt\/lt\/wp-json\/wp\/v2\/media?parent=162871"}],"wp:term":[{"taxonomy":"product_brand","embeddable":true,"href":"https:\/\/baldumarket.lt\/lt\/wp-json\/wp\/v2\/product_brand?post=162871"},{"taxonomy":"product_cat","embeddable":true,"href":"https:\/\/baldumarket.lt\/lt\/wp-json\/wp\/v2\/product_cat?post=162871"},{"taxonomy":"product_tag","embeddable":true,"href":"https:\/\/baldumarket.lt\/lt\/wp-json\/wp\/v2\/product_tag?post=162871"}],"curies":[{"name":"wp","href":"https:\/\/api.w.org\/{rel}","templated":true}]}}