{"id":162867,"date":"2025-12-19T12:29:15","date_gmt":"2025-12-19T09:29:15","guid":{"rendered":"https:\/\/baldumarket.lt\/product\/cortado-crtt02-lawostol-lawa-rozkladana-1s-dab-viking\/"},"modified":"2026-04-06T18:42:58","modified_gmt":"2026-04-06T15:42:58","slug":"cortado-crtt02-lawostol-lawa-rozkladana-1s-dab-viking","status":"publish","type":"product","link":"https:\/\/baldumarket.lt\/lt\/product\/cortado-crtt02-lawostol-lawa-rozkladana-1s-dab-viking\/","title":{"rendered":"Cortado CRTT02 \u2013 Suoliukas, I\u0161traukiamas Kavos Staliukas 1S Viking Oak"},"content":{"rendered":"<p>\u201eCortado CRTT02\u201c stalas \u2013 puikus sprendimas tiems, kurie siekia suderinti funkcionalum\u0105 ir estetik\u0105. D\u0117l modernaus dizaino ir universalios spalv\u0173 palet\u0117s jis puikiai tinka tiek moderniam, minimalistiniam interjerui, tiek skandinavi\u0161ko, glam\u016brinio ar lofto stiliaus interjerui. Alpi\u0173 baltas atspalvis spinduliuoja gaivum\u0105 ir lengvum\u0105, tod\u0117l j\u016bs\u0173 erdv\u0117 taps erdvesn\u0117 ir \u0161viesesn\u0117.<\/p>\n<p>\u0160is stalas, turintis sinchronin\u0119 slankiojan\u010di\u0105 sij\u0105, lengvai transformuojasi i\u0161 \u017eemo suolo \u012f pilno dyd\u017eio stal\u0105. Tai ne\u012fkainojamas sprendimas, kai reikia papildomos darbo vietos ar valgomojo zonos, bet taip pat norite i\u0161vengti kambario u\u017egriozdinimo nereikalingais baldais. Patikimi mechanizmai u\u017etikrina skland\u0173 ir greit\u0105 stalvir\u0161io i\u0161pl\u0117tim\u0105 ir pak\u0117lim\u0105.<\/p>\n<p>\u201eCortado CRTT02\u201c stalas taip pat yra prakti\u0161kas kasdieniam naudojimui. D\u0117l erdvaus stal\u010diaus, kur\u012f galima visi\u0161kai i\u0161traukti, galite lengvai susid\u0117ti b\u016btiniausius daiktus, u\u017etikrindami tvark\u0105 ir estetik\u0105 savo svetain\u0117je. Kruop\u0161\u010diai pagaminti laminuotos med\u017eio dro\u017eli\u0173 plok\u0161t\u0117s elementai ne tik padidina bald\u0173 patvarum\u0105, bet ir suteikia elegancijos bei stiliaus.<\/p>\n<p>Atraskite \u0161io kavos staliuko universalum\u0105, puikiai tinkant\u012f \u012fvairiems interjero dizainams. Nesvarbu, ar jums labiau patinka bohemi\u0161kas, kaimi\u0161kas, klasikinis, ar modernus stilius, \u201eCortado CRTT02\u201c tikrai pateisins j\u016bs\u0173 l\u016bkes\u010dius. \u0104\u017euolo spalv\u0173 variantai, tokie kaip \u201eArtisan Oak\u201c, \u201eCoast Evoke Oak\u201c ir \u201eViking Oak\u201c, suteiks j\u016bs\u0173 interjerui charakterio ir jaukumo.<\/p>\n<p>Su \u201eCortado CRTT02\u201c kiekvienas susib\u016brimas su \u0161eima ir draugais bus ypatingas. \u0160is funkcionalus ir eleganti\u0161kas baldas prad\u017eiugins j\u016bs\u0173 sve\u010dius ir kasdien\u012f naudojim\u0105si j\u016bs\u0173 svetaine pavers malonumu. Tai puikus pasirinkimas, kuriame derinami modern\u016bs sprendimai ir nesenstanti elegancija.<\/p>","protected":false},"excerpt":{"rendered":"<p>Plotis (cm): 110\u2013150<br \/>\n\u016agis (cm): 56\u201372<br \/>\nGylis (cm): 65<\/p>","protected":false},"featured_media":162868,"comment_status":"open","ping_status":"open","template":"","meta":[],"product_brand":[],"product_cat":[9476,866,4107],"product_tag":[],"class_list":{"0":"post-162867","1":"product","2":"type-product","3":"status-publish","4":"has-post-thumbnail","6":"product_cat-furniture-system-cortado-wojcik-meble","7":"product_cat-coffee-tables","8":"product_cat-meble-wojcik","10":"first","11":"instock","12":"purchasable","13":"product-type-simple"},"_links":{"self":[{"href":"https:\/\/baldumarket.lt\/lt\/wp-json\/wp\/v2\/product\/162867","targetHints":{"allow":["GET"]}}],"collection":[{"href":"https:\/\/baldumarket.lt\/lt\/wp-json\/wp\/v2\/product"}],"about":[{"href":"https:\/\/baldumarket.lt\/lt\/wp-json\/wp\/v2\/types\/product"}],"replies":[{"embeddable":true,"href":"https:\/\/baldumarket.lt\/lt\/wp-json\/wp\/v2\/comments?post=162867"}],"wp:featuredmedia":[{"embeddable":true,"href":"https:\/\/baldumarket.lt\/lt\/wp-json\/wp\/v2\/media\/162868"}],"wp:attachment":[{"href":"https:\/\/baldumarket.lt\/lt\/wp-json\/wp\/v2\/media?parent=162867"}],"wp:term":[{"taxonomy":"product_brand","embeddable":true,"href":"https:\/\/baldumarket.lt\/lt\/wp-json\/wp\/v2\/product_brand?post=162867"},{"taxonomy":"product_cat","embeddable":true,"href":"https:\/\/baldumarket.lt\/lt\/wp-json\/wp\/v2\/product_cat?post=162867"},{"taxonomy":"product_tag","embeddable":true,"href":"https:\/\/baldumarket.lt\/lt\/wp-json\/wp\/v2\/product_tag?post=162867"}],"curies":[{"name":"wp","href":"https:\/\/api.w.org\/{rel}","templated":true}]}}