{"id":162863,"date":"2025-12-19T12:29:08","date_gmt":"2025-12-19T09:29:08","guid":{"rendered":"https:\/\/baldumarket.lt\/product\/cortado-crtt02-lawostol-lawa-rozkladana-1s-biel-alpejska\/"},"modified":"2026-04-06T18:42:58","modified_gmt":"2026-04-06T15:42:58","slug":"cortado-crtt02-lawostol-lawa-rozkladana-1s-biel-alpejska","status":"publish","type":"product","link":"https:\/\/baldumarket.lt\/lt\/product\/cortado-crtt02-lawostol-lawa-rozkladana-1s-biel-alpejska\/","title":{"rendered":"Cortado CRTT02 \u2013 Suoliukas, I\u0161traukiamas Kavos Staliukas 1S, Alpi\u0173 Baltumo"},"content":{"rendered":"<p>\u201eCortado CRTT02 1S\u201c pakeliamas stalas \u2013 tai tobulas funkcionalumo ir estetikos derinys, suteikiantis j\u016bs\u0173 interjerui modernaus stiliaus. \u201eAlpine White\u201c spalva suteikia elegancijos ir lengvumo, skland\u017eiai dera su \u012fvairiais i\u0161d\u0117stymais. \u0160is baldas lengvai gali b\u016bti naudojamas tiek kaip \u017eemas suoliukas prie sofos, tiek kaip viso dyd\u017eio stalas, puikiai tinkantis susib\u016brimams su draugais ar \u0161eimos vakarien\u0117ms.<\/p>\n<p>Vienas i\u0161 pagrindini\u0173 \u0161io kavos staliuko privalum\u0173 \u2013 pa\u017eangus funkcionalumas. D\u0117l sinchronin\u0117s vir\u0161utin\u0117s kreipian\u010diosios stal\u0105 galite lengvai pakelti ir nuleisti, keisdami jo funkcij\u0105 pagal savo poreikius. Papildomas stalvir\u0161is, pasl\u0117ptas konstrukcijoje, yra tikras lobis netik\u0117t\u0173 sve\u010di\u0173 apsilankymams arba kai reikia daugiau darbo vietos.<\/p>\n<p>Patikimumas ir modern\u016bs techniniai sprendimai dera su eleganti\u0161ku dizainu. Erdvus stal\u010dius su pilno i\u0161traukimo rutuliniais guoliais leid\u017eia patogiai laikyti reikmenis, u\u017etikrina tvark\u0105 ir lengv\u0105 prieig\u0105 prie kasdieni\u0173 daikt\u0173. Stalvir\u0161iui, kojoms ir r\u0117mo komponentams naudojama laminuota med\u017eio dro\u017eli\u0173 plok\u0161t\u0117, u\u017etikrinanti patvarum\u0105 ir tvirtum\u0105.<\/p>\n<p>Universalus \u201eCortado CRTT02\u201c dizainas puikiai tinka \u012fvairiems interjero stiliams. \u201eAlpine White\u201c papildys modern\u0173, skandinavi\u0161k\u0105 ir minimalistin\u012f interjerus, o kitos spalv\u0173 parinktys, pavyzd\u017eiui, \u201eArtisan Oak\u201c, \u201eCoast Evoke Oak\u201c arba \u201eViking Oak\u201c, puikiai papildys lofto, bohemi\u0161ko ar kaimi\u0161ko stiliaus kambarius.<\/p>\n<p>Stalo matmenys (plotis 110\u2013150 cm, auk\u0161tis 56\u201372 cm, gylis 65 cm) leid\u017eia j\u012f pritaikyti \u012fvairioms erdv\u0117ms \u2013 nuo ma\u017eesni\u0173 but\u0173 iki didesni\u0173 svetaini\u0173. 1S stalas su pak\u0117limo mechanizmu \u2013 tai investicija \u012f funkcional\u0173 ir stiling\u0105 interjer\u0105, kuris tikrai patiks tiek jums, tiek j\u016bs\u0173 sve\u010diams.<\/p>","protected":false},"excerpt":{"rendered":"<p>Plotis (cm): 110\u2013150<br \/>\n\u016agis (cm): 56\u201372<br \/>\nGylis (cm): 65<\/p>","protected":false},"featured_media":162864,"comment_status":"open","ping_status":"open","template":"","meta":[],"product_brand":[],"product_cat":[9476,866,4107],"product_tag":[],"class_list":{"0":"post-162863","1":"product","2":"type-product","3":"status-publish","4":"has-post-thumbnail","6":"product_cat-furniture-system-cortado-wojcik-meble","7":"product_cat-coffee-tables","8":"product_cat-meble-wojcik","10":"first","11":"instock","12":"purchasable","13":"product-type-simple"},"_links":{"self":[{"href":"https:\/\/baldumarket.lt\/lt\/wp-json\/wp\/v2\/product\/162863","targetHints":{"allow":["GET"]}}],"collection":[{"href":"https:\/\/baldumarket.lt\/lt\/wp-json\/wp\/v2\/product"}],"about":[{"href":"https:\/\/baldumarket.lt\/lt\/wp-json\/wp\/v2\/types\/product"}],"replies":[{"embeddable":true,"href":"https:\/\/baldumarket.lt\/lt\/wp-json\/wp\/v2\/comments?post=162863"}],"wp:featuredmedia":[{"embeddable":true,"href":"https:\/\/baldumarket.lt\/lt\/wp-json\/wp\/v2\/media\/162864"}],"wp:attachment":[{"href":"https:\/\/baldumarket.lt\/lt\/wp-json\/wp\/v2\/media?parent=162863"}],"wp:term":[{"taxonomy":"product_brand","embeddable":true,"href":"https:\/\/baldumarket.lt\/lt\/wp-json\/wp\/v2\/product_brand?post=162863"},{"taxonomy":"product_cat","embeddable":true,"href":"https:\/\/baldumarket.lt\/lt\/wp-json\/wp\/v2\/product_cat?post=162863"},{"taxonomy":"product_tag","embeddable":true,"href":"https:\/\/baldumarket.lt\/lt\/wp-json\/wp\/v2\/product_tag?post=162863"}],"curies":[{"name":"wp","href":"https:\/\/api.w.org\/{rel}","templated":true}]}}