{"id":162859,"date":"2025-12-19T12:29:00","date_gmt":"2025-12-19T09:29:00","guid":{"rendered":"https:\/\/baldumarket.lt\/product\/cortado-crtt02-lawostol-lawa-rozkladana-1s-dab-artisan\/"},"modified":"2026-04-06T18:42:48","modified_gmt":"2026-04-06T15:42:48","slug":"cortado-crtt02-lawostol-lawa-rozkladana-1s-dab-artisan","status":"publish","type":"product","link":"https:\/\/baldumarket.lt\/lt\/product\/cortado-crtt02-lawostol-lawa-rozkladana-1s-dab-artisan\/","title":{"rendered":"Cortado CRTT02 \u2013 Kavos staliukas, i\u0161traukiamas kavos staliukas 1S, Artisan Oak spalvos"},"content":{"rendered":"<p>Vis dar ie\u0161kote baldo, kuris d\u017eiugint\u0173 funkcionalumu ir estetika? \u201eMeble W\u00f3jcik\u201c \u201eCortado CRTT02 1S\u201c stalas su pak\u0117limo mechanizmu, pagamintas i\u0161 \u201eArtisan Oak\u201c, yra sprendimas, kuris leis optimizuoti erdv\u0119 ir m\u0117gautis kiekviena akimirka, praleista su artimaisiais. D\u0117l meistri\u0161ko modernaus dizaino ir prakti\u0161kumo derinio \u0161is kavos staliukas bus puikus j\u016bs\u0173 svetain\u0117s ar atviro plano studijos papildymas.<\/p>\n<p>Stilinga stalo i\u0161vaizda traukia d\u0117mes\u012f savo eleganti\u0161ku paprastumu. Jo modernus stilius puikiai der\u0117s prie \u012fvairi\u0173 interjero dizain\u0173 \u2013 nuo minimalistinio iki prabangaus. Stalvir\u0161iams ir kojoms naudojamas \u201eArtisan Oak\u201c \u0105\u017euolas suteikia interjerui nat\u016bralios medienos \u0161ilumos, o \u201eAlpine White\u201c pabr\u0117\u017eia subtilum\u0105 ir lengvum\u0105. \u0160io baldo unikalumas slypi universalioje estetikoje, leid\u017eian\u010dioje j\u012f pritaikyti prie bet kokio stiliaus.<\/p>\n<p>\u2019Cortado CRTT02\u201c funkcionalumas neapsiriboja vien estetika. \u0160is novatori\u0161kas kavos staliukas turi papildom\u0105 stalvir\u0161\u012f ir erdv\u0173 stal\u010di\u0173, kur\u012f galima lengvai prailginti rutulini\u0173 guoli\u0173 b\u0117geli\u0173 d\u0117ka. Sulankstomas stalvir\u0161is, paremtas sinchroniniais b\u0117geliais, leid\u017eia greitai ir lengvai pakelti bei nuleisti stal\u0105, tod\u0117l galite pritaikyti funkcionalum\u0105 pagal savo poreikius. \u017demas kavos staliukas akimirksniu transformuojasi \u012f pilno dyd\u017eio stal\u0105, puikiai tinkant\u012f \u0161eimos vakarien\u0117ms ar susib\u016brimams su draugais.<\/p>\n<p>Pagamintas i\u0161 auk\u0161tos kokyb\u0117s laminuotos med\u017eio dro\u017eli\u0173 plok\u0161t\u0117s, kavos staliukas yra itin patvarus ir atsparus kasdieniam naudojimui. Tvirta konstrukcija ir modernios savyb\u0117s, tokios kaip sinchroniniai b\u0117geliai, leid\u017eia j\u012f itin lengvai ir patogiai naudoti. Galima rinktis i\u0161 keturi\u0173 spalv\u0173 \u2013 Alpi\u0173 baltos, Artisan \u0105\u017euolo, Pakrant\u0117s atspalvio \u0105\u017euolo ir Viking \u0105\u017euolo \u2013 tod\u0117l jis puikiai der\u0117s prie j\u016bs\u0173 interjero charakterio.<\/p>\n<p>\u201eCortado CRTT02\u201c kavos staliukas yra ne tik baldas, bet ir sprendimas, kuris supaprastins kasdienyb\u0119 ir suteiks j\u016bs\u0173 namams elegancijos. Nesvarbu, ar dekoruojate interjer\u0105 skandinavi\u0161ku, lofto ar bohemi\u0161ku stiliumi, \u0161is kavos staliukas taps nepakei\u010diamu j\u016bs\u0173 erdv\u0117s elementu, derins dekor\u0105 ir atliks pagrindin\u0119 funkcij\u0105 j\u016bs\u0173 svetain\u0117je.<\/p>","protected":false},"excerpt":{"rendered":"<p>Plotis (cm): 110\u2013150<br \/>\n\u016agis (cm): 56\u201372<br \/>\nGylis (cm): 65<\/p>","protected":false},"featured_media":162860,"comment_status":"open","ping_status":"open","template":"","meta":[],"product_brand":[],"product_cat":[9476,866,4107],"product_tag":[],"class_list":{"0":"post-162859","1":"product","2":"type-product","3":"status-publish","4":"has-post-thumbnail","6":"product_cat-furniture-system-cortado-wojcik-meble","7":"product_cat-coffee-tables","8":"product_cat-meble-wojcik","10":"first","11":"instock","12":"purchasable","13":"product-type-simple"},"_links":{"self":[{"href":"https:\/\/baldumarket.lt\/lt\/wp-json\/wp\/v2\/product\/162859","targetHints":{"allow":["GET"]}}],"collection":[{"href":"https:\/\/baldumarket.lt\/lt\/wp-json\/wp\/v2\/product"}],"about":[{"href":"https:\/\/baldumarket.lt\/lt\/wp-json\/wp\/v2\/types\/product"}],"replies":[{"embeddable":true,"href":"https:\/\/baldumarket.lt\/lt\/wp-json\/wp\/v2\/comments?post=162859"}],"wp:featuredmedia":[{"embeddable":true,"href":"https:\/\/baldumarket.lt\/lt\/wp-json\/wp\/v2\/media\/162860"}],"wp:attachment":[{"href":"https:\/\/baldumarket.lt\/lt\/wp-json\/wp\/v2\/media?parent=162859"}],"wp:term":[{"taxonomy":"product_brand","embeddable":true,"href":"https:\/\/baldumarket.lt\/lt\/wp-json\/wp\/v2\/product_brand?post=162859"},{"taxonomy":"product_cat","embeddable":true,"href":"https:\/\/baldumarket.lt\/lt\/wp-json\/wp\/v2\/product_cat?post=162859"},{"taxonomy":"product_tag","embeddable":true,"href":"https:\/\/baldumarket.lt\/lt\/wp-json\/wp\/v2\/product_tag?post=162859"}],"curies":[{"name":"wp","href":"https:\/\/api.w.org\/{rel}","templated":true}]}}