{"id":162855,"date":"2025-12-19T12:28:54","date_gmt":"2025-12-19T09:28:54","guid":{"rendered":"https:\/\/baldumarket.lt\/product\/cortado-crtt02-lawostol-lawa-rozkladana-1s-dab-coast-evoke\/"},"modified":"2026-04-06T18:42:48","modified_gmt":"2026-04-06T15:42:48","slug":"cortado-crtt02-lawostol-lawa-rozkladana-1s-dab-coast-evoke","status":"publish","type":"product","link":"https:\/\/baldumarket.lt\/lt\/product\/cortado-crtt02-lawostol-lawa-rozkladana-1s-dab-coast-evoke\/","title":{"rendered":"Cortado CRTT02 \u2013 Kavos staliukas, i\u0161skleid\u017eiamas kavos staliukas 1S, \u201eCoast Evoke Oak\u201c"},"content":{"rendered":"<p>\u201eCortado CRTT02\u201c \u2013 eleganti\u0161kas pakeliamas kavos staliukas, puikiai derinantis modern\u0173 dizain\u0105 su prakti\u0161ku funkcionalumu. D\u0117l \u201eCoast Evoke Oak\u201c apdailos jis puikiai der\u0117s prie \u012fvairi\u0173 interjero stili\u0173 \u2013 nuo lofto iki bohemi\u0161ko ar kaimi\u0161ko. Esteti\u0161kai patrauklus dizainas prad\u017eiugins kiekvien\u0105 gra\u017eiai dekoruot\u0173 erdvi\u0173 m\u0117g\u0117j\u0105.<\/p>\n<p>\u0160is stilingas kavos staliukas puikiai tinka svetainei, kuri taip pat atlieka valgomojo zonos funkcij\u0105, taip pat atviro plano studijoms. J\u012f galite naudoti kaip \u017eem\u0105 kavos staliuk\u0105 \u0161alia poilsio bald\u0173, m\u0117gaudamiesi atsipalaidavimo akimirkomis su artimaisiais. Ta\u010diau, kai priimate \u0161eim\u0105 ar draugus, galite greitai j\u012f paversti viso dyd\u017eio stalu, pakeldami ir i\u0161skleisdami stalvir\u0161\u012f sinchroninio slankiklio d\u0117ka.<\/p>\n<p>Funkcionalumas yra pagrindinis \u0161io baldo bruo\u017eas. Stalas turi erdv\u0173 stal\u010di\u0173, kur\u012f galima visi\u0161kai i\u0161skleisti rutulinio guolio b\u0117gelio d\u0117ka. Tai puiki vieta patogiems daiktams, kuriuos norite laikyti po ranka, bet pasl\u0117ptus nuo aki\u0173. Papildomas stalvir\u0161is, pasl\u0117ptas kasdieniam naudojimui, leid\u017eia lengvai j\u012f i\u0161skleisti, taip dar labiau padidinant jo naudojimo patogum\u0105.<\/p>\n<p>Laminuotos med\u017eio dro\u017eli\u0173 plok\u0161t\u0117s konstrukcija garantuoja patvarum\u0105 ir atsparum\u0105 kasdieniam naudojimui. Paprastas ir universalus \u201eCortado CRTT02\u201c dizainas suteikia begales dizaino galimybi\u0173, leid\u017eian\u010di\u0173 j\u012f priderinti prie \u012fvairi\u0173 interjero stili\u0173. \u201eAlpine White\u201c apdaila suteiks j\u016bs\u0173 interjerui modernumo, minimalistinio poj\u016b\u010dio, o \u201eArtisan Oak\u201c, \u201eCoast Evoke Oak\u201c ir \u201eViking Oak\u201c atspalviai puikiai der\u0117s klasikiniame ar kaimi\u0161kame interjere.<\/p>\n<p>Rinkit\u0117s \u201eCortado CRTT02\u201c ir m\u0117gaukit\u0117s gra\u017eiai suprojektuota erdve, kuri\u0105 lengvai pritaikysite savo poreikiams. Ji neabejotinai taps m\u0117gstamiausia susib\u016brimo vieta j\u016bs\u0173 namuose, kurioje puikiai der\u0117s estetika ir prakti\u0161kumas.<\/p>","protected":false},"excerpt":{"rendered":"<p>Plotis (cm): 110\u2013150<br \/>\n\u016agis (cm): 56\u201372<br \/>\nGylis (cm): 65<\/p>","protected":false},"featured_media":162856,"comment_status":"open","ping_status":"open","template":"","meta":[],"product_brand":[],"product_cat":[9476,866,4107],"product_tag":[],"class_list":{"0":"post-162855","1":"product","2":"type-product","3":"status-publish","4":"has-post-thumbnail","6":"product_cat-furniture-system-cortado-wojcik-meble","7":"product_cat-coffee-tables","8":"product_cat-meble-wojcik","10":"first","11":"instock","12":"purchasable","13":"product-type-simple"},"_links":{"self":[{"href":"https:\/\/baldumarket.lt\/lt\/wp-json\/wp\/v2\/product\/162855","targetHints":{"allow":["GET"]}}],"collection":[{"href":"https:\/\/baldumarket.lt\/lt\/wp-json\/wp\/v2\/product"}],"about":[{"href":"https:\/\/baldumarket.lt\/lt\/wp-json\/wp\/v2\/types\/product"}],"replies":[{"embeddable":true,"href":"https:\/\/baldumarket.lt\/lt\/wp-json\/wp\/v2\/comments?post=162855"}],"wp:featuredmedia":[{"embeddable":true,"href":"https:\/\/baldumarket.lt\/lt\/wp-json\/wp\/v2\/media\/162856"}],"wp:attachment":[{"href":"https:\/\/baldumarket.lt\/lt\/wp-json\/wp\/v2\/media?parent=162855"}],"wp:term":[{"taxonomy":"product_brand","embeddable":true,"href":"https:\/\/baldumarket.lt\/lt\/wp-json\/wp\/v2\/product_brand?post=162855"},{"taxonomy":"product_cat","embeddable":true,"href":"https:\/\/baldumarket.lt\/lt\/wp-json\/wp\/v2\/product_cat?post=162855"},{"taxonomy":"product_tag","embeddable":true,"href":"https:\/\/baldumarket.lt\/lt\/wp-json\/wp\/v2\/product_tag?post=162855"}],"curies":[{"name":"wp","href":"https:\/\/api.w.org\/{rel}","templated":true}]}}