{"id":162850,"date":"2025-12-19T12:28:44","date_gmt":"2025-12-19T09:28:44","guid":{"rendered":"https:\/\/baldumarket.lt\/product\/fano-fank01-komoda-1-drzwiowa-kaszmir-dab-karmel\/"},"modified":"2026-04-06T18:42:48","modified_gmt":"2026-04-06T15:42:48","slug":"fano-fank01-komoda-1-drzwiowa-kaszmir-dab-karmel","status":"publish","type":"product","link":"https:\/\/baldumarket.lt\/lt\/product\/fano-fank01-komoda-1-drzwiowa-kaszmir-dab-karmel\/","title":{"rendered":"Fano FANK01 \u2013 1 dur\u0173 komoda, ka\u0161myro\/karamel\u0117s \u0105\u017euolo spalvos"},"content":{"rendered":"<p>Atraskite modernum\u0105 ir elegancij\u0105 su garsaus \u2019Meble W\u00f3jcik\u201c prek\u0117s \u017eenklo komoda \u201eFano FANK01\u201c. Subtilus, ta\u010diau rafinuotas spalv\u0173 derinys \u2013 ka\u0161myras ir karamelinis \u0105\u017euolas \u2013 paver\u010dia j\u0105 puikiu bet kokio interjero papildymu, suteikdamas unikalaus \u017eavesio. D\u0117l paprastos, ta\u010diau eleganti\u0161kos formos \u0161i komoda puikiai papildo tiek klasikin\u012f, tiek modern\u0173 stili\u0173. Komoda \u201eFano FANK01\u201c buvo sukurta atsi\u017evelgiant \u012f funkcionalum\u0105 ir naudojimo paprastum\u0105. Sistema be ranken\u0117li\u0173 leid\u017eia lengvai atidaryti ir u\u017edaryti, dar labiau pabr\u0117\u017eiant minimalistin\u012f baldo charakter\u012f. Tai puikus sprendimas tiems, kurie vertina estetik\u0105 ir prakti\u0161kum\u0105. Auk\u0161tos kokyb\u0117s laminuota plok\u0161t\u0117 u\u017etikrina patvarum\u0105 ir atsparum\u0105 pa\u017eeidimams, garantuodama ilgalaik\u012f pasitenkinim\u0105 pirkiniu. Komodos matmenys \u2013 plotis 72,8 cm, auk\u0161tis 84,8 cm ir gylis 40 cm \u2013 daro j\u0105 idealiu pasirinkimu \u012fvairiems kambariams. Nepaisant kompakti\u0161ko dyd\u017eio, ji si\u016blo daug vietos daiktams susid\u0117ti, tod\u0117l daiktai bus tvarkingi. Komodos vidus suprojektuotas taip, kad b\u016bt\u0173 maksimaliai i\u0161naudota turima erdv\u0117, leid\u017eianti laikyti tiek drabu\u017eius, tiek smulkius nam\u0173 aksesuarus.<\/p>","protected":false},"excerpt":{"rendered":"<p>Plotis (cm): 72,8<br \/>\n\u016agis (cm): 84,8<br \/>\nGylis (cm): 40<\/p>","protected":false},"featured_media":162851,"comment_status":"open","ping_status":"open","template":"","meta":[],"product_brand":[],"product_cat":[9479,4107,1997],"product_tag":[],"class_list":{"0":"post-162850","1":"product","2":"type-product","3":"status-publish","4":"has-post-thumbnail","6":"product_cat-furniture-system-fano-wojcik-meble","7":"product_cat-meble-wojcik","8":"product_cat-shoe-cabinets","10":"first","11":"instock","12":"purchasable","13":"product-type-simple"},"_links":{"self":[{"href":"https:\/\/baldumarket.lt\/lt\/wp-json\/wp\/v2\/product\/162850","targetHints":{"allow":["GET"]}}],"collection":[{"href":"https:\/\/baldumarket.lt\/lt\/wp-json\/wp\/v2\/product"}],"about":[{"href":"https:\/\/baldumarket.lt\/lt\/wp-json\/wp\/v2\/types\/product"}],"replies":[{"embeddable":true,"href":"https:\/\/baldumarket.lt\/lt\/wp-json\/wp\/v2\/comments?post=162850"}],"wp:featuredmedia":[{"embeddable":true,"href":"https:\/\/baldumarket.lt\/lt\/wp-json\/wp\/v2\/media\/162851"}],"wp:attachment":[{"href":"https:\/\/baldumarket.lt\/lt\/wp-json\/wp\/v2\/media?parent=162850"}],"wp:term":[{"taxonomy":"product_brand","embeddable":true,"href":"https:\/\/baldumarket.lt\/lt\/wp-json\/wp\/v2\/product_brand?post=162850"},{"taxonomy":"product_cat","embeddable":true,"href":"https:\/\/baldumarket.lt\/lt\/wp-json\/wp\/v2\/product_cat?post=162850"},{"taxonomy":"product_tag","embeddable":true,"href":"https:\/\/baldumarket.lt\/lt\/wp-json\/wp\/v2\/product_tag?post=162850"}],"curies":[{"name":"wp","href":"https:\/\/api.w.org\/{rel}","templated":true}]}}