{"id":162841,"date":"2025-12-19T12:28:24","date_gmt":"2025-12-19T09:28:24","guid":{"rendered":"https:\/\/baldumarket.lt\/product\/shirley-shit01-stolik-kawowy-dab-coast-evoke-antracyt\/"},"modified":"2026-04-06T20:06:05","modified_gmt":"2026-04-06T17:06:05","slug":"shirley-shit01-stolik-kawowy-dab-coast-evoke-antracyt","status":"publish","type":"product","link":"https:\/\/baldumarket.lt\/lt\/product\/shirley-shit01-stolik-kawowy-dab-coast-evoke-antracyt\/","title":{"rendered":"\u201eShirley SHIT01\u201c \u2013 \u201eCoast Evoke\u201c \u0105\u017euolo kavos staliukas \/ antracito spalvos"},"content":{"rendered":"<p>\u201eMeble W\u00f3jcik\u201c kavos staliukas \u201eShirley SHIT01\u201c \u2013 puikus pasirinkimas visiems, vertinantiems elegancij\u0105 ir funkcionalum\u0105. Pagamintas i\u0161 laminuotos plok\u0161t\u0117s \u201eCoast Evoke Oak\u201c ir antracito spalvos, jis suteikia jaukumo bet kokiam interjerui ir yra modernus dekoratyvinis akcentas.<\/p>\n<p>Klasikinis nat\u016bralios medienos ir modernios antracito spalvos derinys daro \u201eShirley SHIT01\u201c kavos staliuk\u0105 tinkam\u0105 \u012fvairiems interjero dizainams. Jis puikiai tiks tiek skandinavi\u0161ko stiliaus svetain\u0117se, tiek industrinio stiliaus svetain\u0117se. Unikalus dizainas traukia ak\u012f ir suteikia kambariui savit\u0105 charakter\u012f.<\/p>\n<p>\u201eShirley SHIT01\u201c staliuko prakti\u0161kumas neabejotinas. 110 cm auk\u0161\u010dio ir 70 cm plo\u010dio staliukas suteikia daug vietos popiet\u0117s kavai, m\u0117gstamoms knygoms ar dekoracijoms. \u0160io baldo funkcionalumas dera su estetika, tod\u0117l jis idealiai tinka bet kokiems moderniems namams.<\/p>\n<p>\u201eShirley SHIT01\u201c kavos staliukas sukurtas taip, kad j\u012f b\u016bt\u0173 galima surinkti savaranki\u0161kai, tod\u0117l j\u012f galima greitai ir lengvai pritaikyti pagal individualius poreikius. Tvirta konstrukcija i\u0161 auk\u0161tos kokyb\u0117s laminuotos plok\u0161t\u0117s garantuoja patvarum\u0105 ir ilgaam\u017ei\u0161kum\u0105, tod\u0117l tai ilgalaik\u0117 investicija. \u012esileiskite modern\u0173 dizain\u0105 \u012f savo namus ir m\u0117gaukit\u0117s patogiu naudojimu kiekvien\u0105 dien\u0105.<\/p>","protected":false},"excerpt":{"rendered":"<p>Plotis (cm): 70<br \/>\n\u016agis (cm): 110<br \/>\nGylis (cm): 44<\/p>","protected":false},"featured_media":162842,"comment_status":"open","ping_status":"open","template":"","meta":[],"product_brand":[],"product_cat":[9466,866,4107],"product_tag":[],"class_list":{"0":"post-162841","1":"product","2":"type-product","3":"status-publish","4":"has-post-thumbnail","6":"product_cat-furniture-system-shirley-wojcik-meble","7":"product_cat-coffee-tables","8":"product_cat-meble-wojcik","10":"first","11":"instock","12":"purchasable","13":"product-type-simple"},"_links":{"self":[{"href":"https:\/\/baldumarket.lt\/lt\/wp-json\/wp\/v2\/product\/162841","targetHints":{"allow":["GET"]}}],"collection":[{"href":"https:\/\/baldumarket.lt\/lt\/wp-json\/wp\/v2\/product"}],"about":[{"href":"https:\/\/baldumarket.lt\/lt\/wp-json\/wp\/v2\/types\/product"}],"replies":[{"embeddable":true,"href":"https:\/\/baldumarket.lt\/lt\/wp-json\/wp\/v2\/comments?post=162841"}],"wp:featuredmedia":[{"embeddable":true,"href":"https:\/\/baldumarket.lt\/lt\/wp-json\/wp\/v2\/media\/162842"}],"wp:attachment":[{"href":"https:\/\/baldumarket.lt\/lt\/wp-json\/wp\/v2\/media?parent=162841"}],"wp:term":[{"taxonomy":"product_brand","embeddable":true,"href":"https:\/\/baldumarket.lt\/lt\/wp-json\/wp\/v2\/product_brand?post=162841"},{"taxonomy":"product_cat","embeddable":true,"href":"https:\/\/baldumarket.lt\/lt\/wp-json\/wp\/v2\/product_cat?post=162841"},{"taxonomy":"product_tag","embeddable":true,"href":"https:\/\/baldumarket.lt\/lt\/wp-json\/wp\/v2\/product_tag?post=162841"}],"curies":[{"name":"wp","href":"https:\/\/api.w.org\/{rel}","templated":true}]}}