{"id":162834,"date":"2025-12-19T12:28:11","date_gmt":"2025-12-19T09:28:11","guid":{"rendered":"https:\/\/baldumarket.lt\/product\/shirley-shik107-komoda-2d1k1s-dab-coast-evoke-antracyt-nadruk\/"},"modified":"2026-04-06T20:06:05","modified_gmt":"2026-04-06T17:06:05","slug":"shirley-shik107-komoda-2d1k1s-dab-coast-evoke-antracyt-nadruk","status":"publish","type":"product","link":"https:\/\/baldumarket.lt\/lt\/product\/shirley-shik107-komoda-2d1k1s-dab-coast-evoke-antracyt-nadruk\/","title":{"rendered":"\u201eShirley SHIK107 \u2013 2D1K1S Coast Oak Evoke\u201c komoda \/ antracito spalvos \/ ra\u0161tas"},"content":{"rendered":"<p>\u201eShirley SHIK107\u201c komoda yra tikras moderni\u0173 bald\u0173 perlas. \u0104\u017euolo beico, \u017einomo kaip \u201eCoast Evoke Oak\u201c, su eleganti\u0161ka antracito apdaila ir meni\u0161ku ra\u0161tu priekin\u0117je pus\u0117je derinys paver\u010dia \u0161i\u0105 komod\u0105 bet kurio interjero traukos centru. Nepriklausomai nuo j\u016bs\u0173 nam\u0173 stiliaus, \u201eShirley SHIK107\u201c suteikia rafinuotumo ir modernumo.<\/p>\n<p>Estetinis patrauklumas dera su funkcionalumu, tod\u0117l tai puikus sprendimas tiems, kurie vertina ir gro\u017e\u012f, ir prakti\u0161kum\u0105. Komoda si\u016blo i\u0161radingus daikt\u0173 laikymo sprendimus, kurie pad\u0117s palaikyti tvark\u0105 j\u016bs\u0173 erdv\u0117je. Rafinuot\u0173 kont\u016br\u0173 ir esteti\u0161kai patraukli\u0173 proporcij\u0173 d\u0117ka \u201eShirley SHIK107\u201c harmoningai \u012fsilieja \u012f bet kok\u012f interjer\u0105, suteikdama jai unikal\u0173 charakter\u012f.<\/p>\n<p>Pagaminta i\u0161 auk\u0161tos kokyb\u0117s med\u017eiag\u0173, toki\u0173 kaip laminuota plok\u0161t\u0117 ir spausdintas MDF, \u201eShirley SHIK107\u201c komoda garantuoja patvarum\u0105 ir elegancij\u0105 ilgus metus. Ikoni\u0161kas \u201eCoast Evoke Oak\u201c korpusas ir subtilios plastikin\u0117s ranken\u0117l\u0117s suteikia baldui unikalumo ir subtilaus \u017eavesio. Tai puikus pasirinkimas tiems, kurie vertina detales ir tiksli\u0105 apdail\u0105.<\/p>\n<p>\u201eShirley SHIK107\u201c komoda pasi\u017eymi ne tik estetika, bet ir maksimal\u0173 funkcionalum\u0105. \u012erengta \u0161velnaus u\u017edarymo mechanizmu ir pilnai i\u0161traukiama, ji u\u017etikrina komfort\u0105 ir patogum\u0105 naudoti. Papuo\u0161ta meni\u0161ku spaudiniu, ji taps unikaliu dekoratyviniu akcentu. Puikiai tinka miegamajam, svetainei ar biurui, ji papildo ir papildo bet kokio interjero stili\u0173.<\/p>\n<p>Sukurta galvojant apie paprastum\u0105 ir lengv\u0105 surinkim\u0105, \u201eShirley SHIK107\u201c komoda yra puikus pasirinkimas tiems, kurie nori m\u0117gautis pasitenkinimu kurdami savo svajoni\u0173 interjer\u0105 patys. Nelaukite ilgiau ir suteikite savo namams unikalaus stiliaus ir funkcionalumo su \u0161ia i\u0161skirtine komoda.<\/p>","protected":false},"excerpt":{"rendered":"<p>Plotis (cm): 173,2<br \/>\n\u016agis (cm): 84,8<br \/>\nGylis (cm): 40<\/p>","protected":false},"featured_media":162835,"comment_status":"open","ping_status":"open","template":"","meta":[],"product_brand":[],"product_cat":[9466,1173,4107],"product_tag":[],"class_list":{"0":"post-162834","1":"product","2":"type-product","3":"status-publish","4":"has-post-thumbnail","6":"product_cat-furniture-system-shirley-wojcik-meble","7":"product_cat-chests-of-drawers","8":"product_cat-meble-wojcik","10":"first","11":"instock","12":"purchasable","13":"product-type-simple"},"_links":{"self":[{"href":"https:\/\/baldumarket.lt\/lt\/wp-json\/wp\/v2\/product\/162834","targetHints":{"allow":["GET"]}}],"collection":[{"href":"https:\/\/baldumarket.lt\/lt\/wp-json\/wp\/v2\/product"}],"about":[{"href":"https:\/\/baldumarket.lt\/lt\/wp-json\/wp\/v2\/types\/product"}],"replies":[{"embeddable":true,"href":"https:\/\/baldumarket.lt\/lt\/wp-json\/wp\/v2\/comments?post=162834"}],"wp:featuredmedia":[{"embeddable":true,"href":"https:\/\/baldumarket.lt\/lt\/wp-json\/wp\/v2\/media\/162835"}],"wp:attachment":[{"href":"https:\/\/baldumarket.lt\/lt\/wp-json\/wp\/v2\/media?parent=162834"}],"wp:term":[{"taxonomy":"product_brand","embeddable":true,"href":"https:\/\/baldumarket.lt\/lt\/wp-json\/wp\/v2\/product_brand?post=162834"},{"taxonomy":"product_cat","embeddable":true,"href":"https:\/\/baldumarket.lt\/lt\/wp-json\/wp\/v2\/product_cat?post=162834"},{"taxonomy":"product_tag","embeddable":true,"href":"https:\/\/baldumarket.lt\/lt\/wp-json\/wp\/v2\/product_tag?post=162834"}],"curies":[{"name":"wp","href":"https:\/\/api.w.org\/{rel}","templated":true}]}}