{"id":162828,"date":"2025-12-19T12:27:59","date_gmt":"2025-12-19T09:27:59","guid":{"rendered":"https:\/\/baldumarket.lt\/product\/shirley-ship02-polka-wiszaca-dab-coast-evoke\/"},"modified":"2026-04-06T20:06:05","modified_gmt":"2026-04-06T17:06:05","slug":"shirley-ship02-polka-wiszaca-dab-coast-evoke","status":"publish","type":"product","link":"https:\/\/baldumarket.lt\/lt\/product\/shirley-ship02-polka-wiszaca-dab-coast-evoke\/","title":{"rendered":"\u201eShirley SHIP02\u201c \u2013 \u201eCoast Evoke\u201c \u0105\u017euolo pakabinama lentyna"},"content":{"rendered":"<p>\u201eMeble W\u00f3jcik\u201c pakabinama lentyna \u201eShirley SHIP02\u201c suteikia bet kokiam interjerui naujo, unikalaus charakterio. Pagaminta i\u0161 nesenstan\u010dios \u201eCoast Evoke\u201c \u0105\u017euolo spalvos, ji yra tobulas estetikos ir funkcionalumo derinys. Nat\u016brali i\u0161vaizda d\u017eiugins tiek modernaus interjero m\u0117g\u0117jus, tiek tuos, kurie vertina klasikinius sprendimus. \u201eShirley SHIP02\u201c \u2013 puikus pasirinkimas bet kokiam kambariui. J\u0105 galite lengvai integruoti \u012f svetain\u0119, miegam\u0105j\u012f ar vaik\u0173 kambar\u012f, suteikdami \u0161ilumos ir jaukumo. Kruop\u0161\u010diai apgalvotas lentynos dizainas paver\u010dia j\u0105 ne tik prakti\u0161ku baldu, bet ir stilinga sien\u0173 puo\u0161mena. Prakti\u0161ka ir eleganti\u0161ka lentyna si\u016blo daugyb\u0119 i\u0161d\u0117stymo variant\u0173. Ant jos galite eksponuoti m\u0117gstamas knygas, dekoracijas ar augalus, kurie kartu su \u201eCoast Evoke\u201c \u0105\u017euolu sukuria unikali\u0105 kompozicij\u0105. Patraukli ir tvirta konstrukcija suteikia vietos visiems j\u016bs\u0173 nieku\u010diams, netrikdydama bendros interjero estetikos.<\/p>","protected":false},"excerpt":{"rendered":"<p>Plotis (cm): 119,8<br \/>\n\u016agis (cm): 24<br \/>\nGylis (cm): 22<\/p>","protected":false},"featured_media":162829,"comment_status":"open","ping_status":"open","template":"","meta":[],"product_brand":[],"product_cat":[9466,1174,4107],"product_tag":[],"class_list":{"0":"post-162828","1":"product","2":"type-product","3":"status-publish","4":"has-post-thumbnail","6":"product_cat-furniture-system-shirley-wojcik-meble","7":"product_cat-hanging-shelves","8":"product_cat-meble-wojcik","10":"first","11":"instock","12":"purchasable","13":"product-type-simple"},"_links":{"self":[{"href":"https:\/\/baldumarket.lt\/lt\/wp-json\/wp\/v2\/product\/162828","targetHints":{"allow":["GET"]}}],"collection":[{"href":"https:\/\/baldumarket.lt\/lt\/wp-json\/wp\/v2\/product"}],"about":[{"href":"https:\/\/baldumarket.lt\/lt\/wp-json\/wp\/v2\/types\/product"}],"replies":[{"embeddable":true,"href":"https:\/\/baldumarket.lt\/lt\/wp-json\/wp\/v2\/comments?post=162828"}],"wp:featuredmedia":[{"embeddable":true,"href":"https:\/\/baldumarket.lt\/lt\/wp-json\/wp\/v2\/media\/162829"}],"wp:attachment":[{"href":"https:\/\/baldumarket.lt\/lt\/wp-json\/wp\/v2\/media?parent=162828"}],"wp:term":[{"taxonomy":"product_brand","embeddable":true,"href":"https:\/\/baldumarket.lt\/lt\/wp-json\/wp\/v2\/product_brand?post=162828"},{"taxonomy":"product_cat","embeddable":true,"href":"https:\/\/baldumarket.lt\/lt\/wp-json\/wp\/v2\/product_cat?post=162828"},{"taxonomy":"product_tag","embeddable":true,"href":"https:\/\/baldumarket.lt\/lt\/wp-json\/wp\/v2\/product_tag?post=162828"}],"curies":[{"name":"wp","href":"https:\/\/api.w.org\/{rel}","templated":true}]}}