{"id":162823,"date":"2025-12-19T12:27:48","date_gmt":"2025-12-19T09:27:48","guid":{"rendered":"https:\/\/baldumarket.lt\/product\/shirley-shis101-szafa-4d2s-dab-coast-evoke-antracyt-nadruk\/"},"modified":"2026-04-06T20:06:05","modified_gmt":"2026-04-06T17:06:05","slug":"shirley-shis101-szafa-4d2s-dab-coast-evoke-antracyt-nadruk","status":"publish","type":"product","link":"https:\/\/baldumarket.lt\/lt\/product\/shirley-shis101-szafa-4d2s-dab-coast-evoke-antracyt-nadruk\/","title":{"rendered":"\u201eShirley SHIS101\u201c \u2013 Drabu\u017ein\u0117 4D2S, pakrant\u0117s \u0105\u017euolo spalvos, antracito spalvos, ra\u0161tuota"},"content":{"rendered":"<p>Pakeiskite savo interjer\u0105 su garsaus \u201eMeble W\u00f3jcik\u201c prek\u0117s \u017eenklo \u201eShirley SHIS101\u201c spinta. \u0160i nuostabi 4D2S spinta \u2013 tai harmoningas stiliaus ir funkcionalumo derinys, puikiai papildantis bet kokius modernius namus. Dominuojantys \u201eCoast Evoke Oak\u201c ir antracito atspalviai, papildyti subtiliu ra\u0161tu, sukuria unikal\u0173 dizain\u0105, kuris trauks ak\u012f ir suteiks elegancijos bet kuriam kambariui. Pagaminta i\u0161 laminuotos plok\u0161t\u0117s ir MDF element\u0173, \u201eShirley SHIS101\u201c spinta garantuoja patvarum\u0105 ir tvirtum\u0105 ilgus metus. Spauda ant spintos priekio suteikia jai unikal\u0173 charakter\u012f, tod\u0117l ji yra ne tik prakti\u0161kas baldas, bet ir unikali interjero puo\u0161mena. Subtilios, bet patvarios plastikin\u0117s rankenos ir metalin\u0117s kojel\u0117s pabr\u0117\u017eia modern\u0173 \u0161ios spintos stili\u0173. \u201eShirley SHIS101\u201c spinta yra puikus pasirinkimas tiems, kurie vertina funkcionalum\u0105 ir patogum\u0105. D\u0117l gerai apgalvoto vidinio i\u0161planavimo ji si\u016blo daug vietos drabu\u017eiams, aksesuarams ir kitiems smulkiems daiktams laikyti, tod\u0117l namuose lengva palaikyti tvark\u0105. Ji puikiai tinka miegamajam, prie\u0161kambariui ar net biurui.<\/p>","protected":false},"excerpt":{"rendered":"<p>Plotis (cm): 119,2<br \/>\n\u016agis (cm): 156<br \/>\nGylis (cm): 40<\/p>","protected":false},"featured_media":162824,"comment_status":"open","ping_status":"open","template":"","meta":[],"product_brand":[],"product_cat":[9466,4107,1177],"product_tag":[],"class_list":{"0":"post-162823","1":"product","2":"type-product","3":"status-publish","4":"has-post-thumbnail","6":"product_cat-furniture-system-shirley-wojcik-meble","7":"product_cat-meble-wojcik","8":"product_cat-wardrobes","10":"first","11":"instock","12":"purchasable","13":"product-type-simple"},"_links":{"self":[{"href":"https:\/\/baldumarket.lt\/lt\/wp-json\/wp\/v2\/product\/162823","targetHints":{"allow":["GET"]}}],"collection":[{"href":"https:\/\/baldumarket.lt\/lt\/wp-json\/wp\/v2\/product"}],"about":[{"href":"https:\/\/baldumarket.lt\/lt\/wp-json\/wp\/v2\/types\/product"}],"replies":[{"embeddable":true,"href":"https:\/\/baldumarket.lt\/lt\/wp-json\/wp\/v2\/comments?post=162823"}],"wp:featuredmedia":[{"embeddable":true,"href":"https:\/\/baldumarket.lt\/lt\/wp-json\/wp\/v2\/media\/162824"}],"wp:attachment":[{"href":"https:\/\/baldumarket.lt\/lt\/wp-json\/wp\/v2\/media?parent=162823"}],"wp:term":[{"taxonomy":"product_brand","embeddable":true,"href":"https:\/\/baldumarket.lt\/lt\/wp-json\/wp\/v2\/product_brand?post=162823"},{"taxonomy":"product_cat","embeddable":true,"href":"https:\/\/baldumarket.lt\/lt\/wp-json\/wp\/v2\/product_cat?post=162823"},{"taxonomy":"product_tag","embeddable":true,"href":"https:\/\/baldumarket.lt\/lt\/wp-json\/wp\/v2\/product_tag?post=162823"}],"curies":[{"name":"wp","href":"https:\/\/api.w.org\/{rel}","templated":true}]}}