{"id":162818,"date":"2025-12-19T12:27:37","date_gmt":"2025-12-19T09:27:37","guid":{"rendered":"https:\/\/baldumarket.lt\/product\/shirley-mwtt102-stolik-kawowy-szarozielony-antracyt\/"},"modified":"2026-04-06T20:06:05","modified_gmt":"2026-04-06T17:06:05","slug":"shirley-mwtt102-stolik-kawowy-szarozielony-antracyt","status":"publish","type":"product","link":"https:\/\/baldumarket.lt\/lt\/product\/shirley-mwtt102-stolik-kawowy-szarozielony-antracyt\/","title":{"rendered":"\u201eShirley MWTT102\u201c \u2013 pilkai \u017ealias \/ antracito spalvos kavos staliukas"},"content":{"rendered":"<p>\u201eMeble W\u00f3jcik\u201c kavos staliukas \u201eShirley MWTT102\u201c \u2013 puikus pasirinkimas ie\u0161kantiems moderni\u0173 sprendim\u0173 savo svetainei. Pilkai \u017ealia spalva suteikia elegancijos ir subtilumo bet kokiam interjerui, derindama modernum\u0105 su klasikiniu stiliumi. Jis idealiai tinka tiek minimalistiniams, tiek i\u0161rai\u0161kingesniems i\u0161d\u0117stymams, suteikdamas charakterio neu\u017egriozdindamas erdv\u0117s. D\u0117l kruop\u0161\u010diai suprojektuotos formos ir harmoningo spalv\u0173 derinio \u2013 pilkai \u017ealios ir antracito \u2013 \u201eShirley\u201c kavos staliukas taps tikru j\u016bs\u0173 interjero centru. I\u0161skirtinai esteti\u0161ka i\u0161vaizda rei\u0161kia, kad kiekviena detal\u0117 buvo kruop\u0161\u010diai apgalvota, tod\u0117l jis yra ne tik prakti\u0161kas, bet ir i\u0161skirtinai gra\u017eus bet kurios svetain\u0117s papildymas. Neabejotinas \u201eShirley MWTT102\u201c staliuko privalumas yra funkcionalumas. Patogios antracito spalvos lentynos ir skyriai leid\u017eia visada laikyti svarbiausius daiktus po ranka. Nesvarbu, ar norite ant jo pasid\u0117ti m\u0117gstam\u0105 knyg\u0105, ar kavos puodeli\u0173 rinkin\u012f, \u0161is staliukas pateisins visus j\u016bs\u0173 l\u016bkes\u010dius ir taps nepakei\u010diamu elementu kasdieniame naudojime.<\/p>","protected":false},"excerpt":{"rendered":"<p>Plotis (cm): 100<br \/>\n\u016agis (cm): 45,5<br \/>\nGylis (cm): 66<\/p>","protected":false},"featured_media":162819,"comment_status":"open","ping_status":"open","template":"","meta":[],"product_brand":[],"product_cat":[9466,866,4107],"product_tag":[],"class_list":{"0":"post-162818","1":"product","2":"type-product","3":"status-publish","4":"has-post-thumbnail","6":"product_cat-furniture-system-shirley-wojcik-meble","7":"product_cat-coffee-tables","8":"product_cat-meble-wojcik","10":"first","11":"instock","12":"purchasable","13":"product-type-simple"},"_links":{"self":[{"href":"https:\/\/baldumarket.lt\/lt\/wp-json\/wp\/v2\/product\/162818","targetHints":{"allow":["GET"]}}],"collection":[{"href":"https:\/\/baldumarket.lt\/lt\/wp-json\/wp\/v2\/product"}],"about":[{"href":"https:\/\/baldumarket.lt\/lt\/wp-json\/wp\/v2\/types\/product"}],"replies":[{"embeddable":true,"href":"https:\/\/baldumarket.lt\/lt\/wp-json\/wp\/v2\/comments?post=162818"}],"wp:featuredmedia":[{"embeddable":true,"href":"https:\/\/baldumarket.lt\/lt\/wp-json\/wp\/v2\/media\/162819"}],"wp:attachment":[{"href":"https:\/\/baldumarket.lt\/lt\/wp-json\/wp\/v2\/media?parent=162818"}],"wp:term":[{"taxonomy":"product_brand","embeddable":true,"href":"https:\/\/baldumarket.lt\/lt\/wp-json\/wp\/v2\/product_brand?post=162818"},{"taxonomy":"product_cat","embeddable":true,"href":"https:\/\/baldumarket.lt\/lt\/wp-json\/wp\/v2\/product_cat?post=162818"},{"taxonomy":"product_tag","embeddable":true,"href":"https:\/\/baldumarket.lt\/lt\/wp-json\/wp\/v2\/product_tag?post=162818"}],"curies":[{"name":"wp","href":"https:\/\/api.w.org\/{rel}","templated":true}]}}