{"id":162813,"date":"2025-12-19T12:27:27","date_gmt":"2025-12-19T09:27:27","guid":{"rendered":"https:\/\/baldumarket.lt\/product\/shirley-shik101-barek-1-drzwiowy-dab-coast-evoke-antracyt-nadruk\/"},"modified":"2026-04-06T20:05:56","modified_gmt":"2026-04-06T17:05:56","slug":"shirley-shik101-barek-1-drzwiowy-dab-coast-evoke-antracyt-nadruk","status":"publish","type":"product","link":"https:\/\/baldumarket.lt\/lt\/product\/shirley-shik101-barek-1-drzwiowy-dab-coast-evoke-antracyt-nadruk\/","title":{"rendered":"\u201eShirley SHIK101\u201c \u2013 vien\u0173 dur\u0173 baras, \u201eCoast Evoke Oak\/Anthracite\/Print\u201c"},"content":{"rendered":"<p>\u012esivaizduokite savo svetain\u0119 ar valgom\u0105j\u012f, papuo\u0161t\u0105 eleganti\u0161ku \u201eShirley SHIK101\u201c baru \u2013 unikaliu, ak\u012f traukian\u010diu baldu. \u201eCoast Evoke\u201c \u0105\u017euolo spalvos derinys su antracito spalvos akcentais suteikia modernumo ir spinduliuoja nat\u016bralios medienos \u0161ilum\u0105. Tai puikus pasirinkimas tiems, kurie vertina unikal\u0173 dizain\u0105 ir auk\u0161tos kokyb\u0117s meistri\u0161kum\u0105. \u201eShirley SHIK101\u201c \u2013 tai baldas, kuris ne tik atrodo gra\u017eiai, bet ir yra ne\u012ftik\u0117tinai funkcionalus. D\u0117l kompakti\u0161k\u0173 matmen\u0173 jis idealiai tinka \u012fvairioms erdv\u0117ms \u2013 nuo ma\u017eesni\u0173 but\u0173 iki erdvesni\u0173 interjer\u0173. U\u017erakinamos durys atveria erdv\u0119, kurioje galite laikyti m\u0117gstamus g\u0117rimus ar baro aksesuarus, u\u017etikrindamos tvarking\u0105 ir tvarking\u0105 i\u0161vaizd\u0105. Tikras \u0161io baro akcentas yra priekin\u0117 dalis, pagaminta i\u0161 spausdinto MDF. Subtil\u016bs ornamentai, \u012fterpti \u012f dur\u0173 pavir\u0161i\u0173, suteikia lengvumo ir unikalaus charakterio. \u0160is subtilus akcentas tikrai patrauks ak\u012f ir bus pasteb\u0117tas vis\u0173 j\u016bs\u0173 namuose apsilankiusi\u0173 sve\u010di\u0173.<\/p>","protected":false},"excerpt":{"rendered":"<p>Plotis (cm): 127<br \/>\n\u016agis (cm): 112,5<br \/>\nGylis (cm): 40<\/p>","protected":false},"featured_media":162814,"comment_status":"open","ping_status":"open","template":"","meta":[],"product_brand":[],"product_cat":[9466,1173,4107],"product_tag":[],"class_list":{"0":"post-162813","1":"product","2":"type-product","3":"status-publish","4":"has-post-thumbnail","6":"product_cat-furniture-system-shirley-wojcik-meble","7":"product_cat-chests-of-drawers","8":"product_cat-meble-wojcik","10":"first","11":"instock","12":"purchasable","13":"product-type-simple"},"_links":{"self":[{"href":"https:\/\/baldumarket.lt\/lt\/wp-json\/wp\/v2\/product\/162813","targetHints":{"allow":["GET"]}}],"collection":[{"href":"https:\/\/baldumarket.lt\/lt\/wp-json\/wp\/v2\/product"}],"about":[{"href":"https:\/\/baldumarket.lt\/lt\/wp-json\/wp\/v2\/types\/product"}],"replies":[{"embeddable":true,"href":"https:\/\/baldumarket.lt\/lt\/wp-json\/wp\/v2\/comments?post=162813"}],"wp:featuredmedia":[{"embeddable":true,"href":"https:\/\/baldumarket.lt\/lt\/wp-json\/wp\/v2\/media\/162814"}],"wp:attachment":[{"href":"https:\/\/baldumarket.lt\/lt\/wp-json\/wp\/v2\/media?parent=162813"}],"wp:term":[{"taxonomy":"product_brand","embeddable":true,"href":"https:\/\/baldumarket.lt\/lt\/wp-json\/wp\/v2\/product_brand?post=162813"},{"taxonomy":"product_cat","embeddable":true,"href":"https:\/\/baldumarket.lt\/lt\/wp-json\/wp\/v2\/product_cat?post=162813"},{"taxonomy":"product_tag","embeddable":true,"href":"https:\/\/baldumarket.lt\/lt\/wp-json\/wp\/v2\/product_tag?post=162813"}],"curies":[{"name":"wp","href":"https:\/\/api.w.org\/{rel}","templated":true}]}}