{"id":162810,"date":"2025-12-19T12:27:21","date_gmt":"2025-12-19T09:27:21","guid":{"rendered":"https:\/\/baldumarket.lt\/product\/shirley-shik105-komoda-2d1k2s-dab-coast-evoke-antracyt-nadruk\/"},"modified":"2026-04-06T20:05:56","modified_gmt":"2026-04-06T17:05:56","slug":"shirley-shik105-komoda-2d1k2s-dab-coast-evoke-antracyt-nadruk","status":"publish","type":"product","link":"https:\/\/baldumarket.lt\/lt\/product\/shirley-shik105-komoda-2d1k2s-dab-coast-evoke-antracyt-nadruk\/","title":{"rendered":"\u201eShirley SHIK105 \u2013 2D1K2S Coast Oak Evoke\u201c komoda \/ antracito spalvos \/ ra\u0161tas"},"content":{"rendered":"<p>\u201eMeble W\u00f3jcik\u201c komoda \u201eShirley SHIK105\u201c \u2013 eleganti\u0161kas ir funkcionalus dizaino elementas, puikiai papildantis bet kok\u012f interjero dizain\u0105. Rafinuotos \u201eCoast Evoke Oak\u201c spalvos su antracito akcentais ir unikaliu spaudiniu priekin\u0117je dalyje derinys suteikia kambariui jauki\u0105 ir moderni\u0105 atmosfer\u0105.<\/p>\n<p>Stilingos ir funkcionalios \u201eShirley SHIK105\u201c komodos savyb\u0117s paver\u010dia j\u0105 idealiu pasirinkimu modernaus dizaino m\u0117g\u0117jams. \u0160iltas med\u017eio atspalvis kartu su eleganti\u0161ka antracito spalva suteikia jai unikal\u0173 charakter\u012f, kuris puikiai tiks tiek svetain\u0117je, tiek miegamajame ar net biure. \u0160is baldas derina tradicin\u0119 estetik\u0105 su modernumu.<\/p>\n<p>D\u0117l didelio komodos plo\u010dio ir optimalaus auk\u0161\u010dio joje tilps \u012fvair\u016bs daiktai \u2013 nuo drabu\u017ei\u0173 iki dokument\u0173. \u2019Shirley\u201c komoda puikiai tinka laikyti daiktus, kuriuos norite visada tur\u0117ti po ranka, bet kartu ir esteti\u0161kai pasl\u0117pti.<\/p>\n<p>\u0160io baldo prakti\u0161kum\u0105 derina naudojimo paprastumas, kur\u012f u\u017etikrina patogios plastikin\u0117s rankenos ir modernios technologijos, tokios kaip \u0161velniai u\u017esidaran\u010dios durel\u0117s ir pilno i\u0161traukimo stal\u010diai. \u0160ios savyb\u0117s leid\u017eia patogiai ir intuityviai naudotis kasdieniu komodos naudojimu, o tai dar labiau padidina jos vert\u0119.<\/p>\n<p>Sukurta savaranki\u0161kam surinkimui, \u201eShirley SHIK105\u201c komoda tikrai patenkins net ir reikliausi\u0173 vartotoj\u0173, vertinan\u010di\u0173 estetik\u0105 ir prakti\u0161kum\u0105, poreikius. Tai puiki investicija \u012f stiling\u0105 ir funkcional\u0173 bet kokio interjero dekor\u0105.<\/p>","protected":false},"excerpt":{"rendered":"<p>Plotis (cm): 158,2<br \/>\n\u016agis (cm): 84,8<br \/>\nGylis (cm): 40<\/p>","protected":false},"featured_media":162811,"comment_status":"open","ping_status":"open","template":"","meta":[],"product_brand":[],"product_cat":[9466,1173,4107],"product_tag":[],"class_list":{"0":"post-162810","1":"product","2":"type-product","3":"status-publish","4":"has-post-thumbnail","6":"product_cat-furniture-system-shirley-wojcik-meble","7":"product_cat-chests-of-drawers","8":"product_cat-meble-wojcik","10":"first","11":"instock","12":"purchasable","13":"product-type-simple"},"_links":{"self":[{"href":"https:\/\/baldumarket.lt\/lt\/wp-json\/wp\/v2\/product\/162810","targetHints":{"allow":["GET"]}}],"collection":[{"href":"https:\/\/baldumarket.lt\/lt\/wp-json\/wp\/v2\/product"}],"about":[{"href":"https:\/\/baldumarket.lt\/lt\/wp-json\/wp\/v2\/types\/product"}],"replies":[{"embeddable":true,"href":"https:\/\/baldumarket.lt\/lt\/wp-json\/wp\/v2\/comments?post=162810"}],"wp:featuredmedia":[{"embeddable":true,"href":"https:\/\/baldumarket.lt\/lt\/wp-json\/wp\/v2\/media\/162811"}],"wp:attachment":[{"href":"https:\/\/baldumarket.lt\/lt\/wp-json\/wp\/v2\/media?parent=162810"}],"wp:term":[{"taxonomy":"product_brand","embeddable":true,"href":"https:\/\/baldumarket.lt\/lt\/wp-json\/wp\/v2\/product_brand?post=162810"},{"taxonomy":"product_cat","embeddable":true,"href":"https:\/\/baldumarket.lt\/lt\/wp-json\/wp\/v2\/product_cat?post=162810"},{"taxonomy":"product_tag","embeddable":true,"href":"https:\/\/baldumarket.lt\/lt\/wp-json\/wp\/v2\/product_tag?post=162810"}],"curies":[{"name":"wp","href":"https:\/\/api.w.org\/{rel}","templated":true}]}}