{"id":162805,"date":"2025-12-19T12:27:10","date_gmt":"2025-12-19T09:27:10","guid":{"rendered":"https:\/\/baldumarket.lt\/product\/shirley-shik01-barek-1-drzwiowy-szarozielony-antracyt-nadruk\/"},"modified":"2026-04-06T20:05:56","modified_gmt":"2026-04-06T17:05:56","slug":"shirley-shik01-barek-1-drzwiowy-szarozielony-antracyt-nadruk","status":"publish","type":"product","link":"https:\/\/baldumarket.lt\/lt\/product\/shirley-shik01-barek-1-drzwiowy-szarozielony-antracyt-nadruk\/","title":{"rendered":"\u201eShirley SHIK01\u201c \u2013 1 dur\u0173 baras, pilkai \u017ealias\/antracitas\/ra\u0161tas"},"content":{"rendered":"<p>Atraskite \u201eMeble W\u00f3jcik\u201c dizainerio baro \u201eShirley SHIK01\u201c elegancij\u0105 ir funkcionalum\u0105. \u0160is unikalus baldas pasi\u017eymi modernia i\u0161vaizda, kuri puikiai papildys bet kok\u012f interjer\u0105. Pilkai \u017ealio korpuso ir antracito akcent\u0173 derinys, o meni\u0161kai dekoruota priekin\u0117 dalis traukia d\u0117mes\u012f ir suteikia visam baldui unikalaus charakterio. \u201eShirley SHIK01\u201c baras \u017eavi ne tik savo i\u0161vaizda, bet ir prakti\u0161kumu. Jis puikiai tinka m\u0117gstamiems g\u0117rimams ar eleganti\u0161kiems stikliniams indams laikyti. Juo lengva surengti nam\u0173 vakar\u0117l\u012f, prad\u017eiuginant sve\u010dius stilingais baldais. Baro interjeras sukurtas atsi\u017evelgiant \u012f optimal\u0173 erdv\u0117s panaudojim\u0105, u\u017etikrinant, kad kiekvienas centimetras b\u016bt\u0173 efektyviai i\u0161naudotas. Tvirta laminuotos plok\u0161t\u0117s konstrukcija u\u017etikrina patvarum\u0105 ir atsparum\u0105 kasdieniam naudojimui. Metalin\u0117s kojel\u0117s suteikia stabilumo, o plastikin\u0117s rankenos puikiai papildo baldo \u0161iuolaikin\u012f dizain\u0105. \u201eShirley SHIK01\u201c bar\u0105 lengva ir intuityviai sumontuoti, o vyriai su alyvos l\u0117tintuvu u\u017etikrina tyl\u0173 ir skland\u0173 dureli\u0173 u\u017edarym\u0105, o tai padidina naudojimo patogum\u0105.<\/p>","protected":false},"excerpt":{"rendered":"<p>Plotis (cm): 127<br \/>\n\u016agis (cm): 112,5<br \/>\nGylis (cm): 40<\/p>","protected":false},"featured_media":162806,"comment_status":"open","ping_status":"open","template":"","meta":[],"product_brand":[],"product_cat":[9466,1173,4107],"product_tag":[],"class_list":{"0":"post-162805","1":"product","2":"type-product","3":"status-publish","4":"has-post-thumbnail","6":"product_cat-furniture-system-shirley-wojcik-meble","7":"product_cat-chests-of-drawers","8":"product_cat-meble-wojcik","10":"first","11":"instock","12":"purchasable","13":"product-type-simple"},"_links":{"self":[{"href":"https:\/\/baldumarket.lt\/lt\/wp-json\/wp\/v2\/product\/162805","targetHints":{"allow":["GET"]}}],"collection":[{"href":"https:\/\/baldumarket.lt\/lt\/wp-json\/wp\/v2\/product"}],"about":[{"href":"https:\/\/baldumarket.lt\/lt\/wp-json\/wp\/v2\/types\/product"}],"replies":[{"embeddable":true,"href":"https:\/\/baldumarket.lt\/lt\/wp-json\/wp\/v2\/comments?post=162805"}],"wp:featuredmedia":[{"embeddable":true,"href":"https:\/\/baldumarket.lt\/lt\/wp-json\/wp\/v2\/media\/162806"}],"wp:attachment":[{"href":"https:\/\/baldumarket.lt\/lt\/wp-json\/wp\/v2\/media?parent=162805"}],"wp:term":[{"taxonomy":"product_brand","embeddable":true,"href":"https:\/\/baldumarket.lt\/lt\/wp-json\/wp\/v2\/product_brand?post=162805"},{"taxonomy":"product_cat","embeddable":true,"href":"https:\/\/baldumarket.lt\/lt\/wp-json\/wp\/v2\/product_cat?post=162805"},{"taxonomy":"product_tag","embeddable":true,"href":"https:\/\/baldumarket.lt\/lt\/wp-json\/wp\/v2\/product_tag?post=162805"}],"curies":[{"name":"wp","href":"https:\/\/api.w.org\/{rel}","templated":true}]}}